{"id":2991,"date":"2022-10-24T14:52:34","date_gmt":"2022-10-24T12:52:34","guid":{"rendered":"https:\/\/www.onda-it.com\/?page_id=2991"},"modified":"2025-03-18T16:15:22","modified_gmt":"2025-03-18T15:15:22","slug":"vision-mission","status":"publish","type":"page","link":"https:\/\/www.onda-it.com\/ita\/vision-mission\/","title":{"rendered":"Vision &#038; Mission"},"content":{"rendered":"<p>[vc_row row_height_percent=&#8221;60&#8243; override_padding=&#8221;yes&#8221; h_padding=&#8221;2&#8243; top_padding=&#8221;3&#8243; bottom_padding=&#8221;3&#8243; back_image=&#8221;2965&#8243; back_position=&#8221;center top&#8221; overlay_alpha=&#8221;0&#8243; equal_height=&#8221;yes&#8221; gutter_size=&#8221;3&#8243; column_width_percent=&#8221;100&#8243; shift_y=&#8221;0&#8243; z_index=&#8221;0&#8243; top_divider=&#8221;gradient&#8221; bottom_divider=&#8221;gradient&#8221; uncode_shortcode_id=&#8221;324159&#8243;][vc_column column_width_percent=&#8221;100&#8243; position_vertical=&#8221;bottom&#8221; gutter_size=&#8221;3&#8243; style=&#8221;dark&#8221; overlay_alpha=&#8221;50&#8243; shift_x=&#8221;0&#8243; shift_y=&#8221;0&#8243; shift_y_down=&#8221;0&#8243; z_index=&#8221;0&#8243; medium_width=&#8221;0&#8243; mobile_width=&#8221;0&#8243; width=&#8221;1\/1&#8243;][vc_row_inner row_inner_height_percent=&#8221;0&#8243; overlay_alpha=&#8221;50&#8243; gutter_size=&#8221;3&#8243; shift_y=&#8221;0&#8243;][vc_column_inner column_width_percent=&#8221;100&#8243; gutter_size=&#8221;3&#8243; style=&#8221;dark&#8221; overlay_alpha=&#8221;50&#8243; shift_x=&#8221;0&#8243; shift_y=&#8221;0&#8243; shift_y_down=&#8221;0&#8243; z_index=&#8221;0&#8243; medium_width=&#8221;0&#8243; mobile_width=&#8221;0&#8243; css_animation=&#8221;alpha-anim&#8221; animation_delay=&#8221;200&#8243; width=&#8221;1\/1&#8243;][vc_custom_heading text_color=&#8221;color-white&#8221; heading_semantic=&#8221;h1&#8243; text_transform=&#8221;uppercase&#8221; css_animation=&#8221;typewriter&#8221; animation_delay=&#8221;400&#8243; interval_animation=&#8221;20&#8243; uncode_shortcode_id=&#8221;180609&#8243; text_color_type=&#8221;uncode-palette&#8221;]Vision e Mission[\/vc_custom_heading][\/vc_column_inner][\/vc_row_inner][\/vc_column][\/vc_row][vc_row row_height_percent=&#8221;0&#8243; override_padding=&#8221;yes&#8221; h_padding=&#8221;2&#8243; top_padding=&#8221;4&#8243; bottom_padding=&#8221;4&#8243; back_color=&#8221;color-bg-red&#8221; overlay_alpha=&#8221;50&#8243; gutter_size=&#8221;3&#8243; column_width_percent=&#8221;100&#8243; shift_y=&#8221;0&#8243; z_index=&#8221;0&#8243; bottom_divider=&#8221;step&#8221; uncode_shortcode_id=&#8221;130406&#8243; back_color_type=&#8221;uncode-palette&#8221;][vc_column column_width_percent=&#8221;100&#8243; gutter_size=&#8221;3&#8243; overlay_alpha=&#8221;50&#8243; shift_x=&#8221;0&#8243; shift_y=&#8221;0&#8243; shift_y_down=&#8221;0&#8243; z_index=&#8221;0&#8243; medium_width=&#8221;0&#8243; mobile_width=&#8221;0&#8243; css_animation=&#8221;alpha-anim&#8221; width=&#8221;1\/1&#8243; uncode_shortcode_id=&#8221;687338&#8243;][vc_custom_heading text_color=&#8221;color-white&#8221; text_transform=&#8221;uppercase&#8221; uncode_shortcode_id=&#8221;576546&#8243; text_color_type=&#8221;uncode-palette&#8221;]Vision[\/vc_custom_heading][vc_column_text text_lead=&#8221;small&#8221; text_color=&#8221;color-white&#8221; uncode_shortcode_id=&#8221;633738&#8243; text_color_type=&#8221;uncode-palette&#8221;]Vogliamo essere <strong>ideatori di tecnologie avanzate<\/strong> capaci di migliorare le infrastrutture a livello mondiale promuovendo il cambiamento, come partner affidabile, coinvolgendo la societ\u00e0 in modo da rendere il nostro mondo <strong>pi\u00f9 sostenibile<\/strong>.[\/vc_column_text][\/vc_column][\/vc_row][vc_row unlock_row_content=&#8221;yes&#8221; row_height_percent=&#8221;0&#8243; override_padding=&#8221;yes&#8221; h_padding=&#8221;0&#8243; top_padding=&#8221;0&#8243; bottom_padding=&#8221;0&#8243; overlay_alpha=&#8221;50&#8243; equal_height=&#8221;yes&#8221; gutter_size=&#8221;0&#8243; column_width_percent=&#8221;100&#8243; shift_y=&#8221;0&#8243; z_index=&#8221;0&#8243; el_class=&#8221;inverted-device-order&#8221;][vc_column column_width_percent=&#8221;100&#8243; gutter_size=&#8221;3&#8243; back_image=&#8221;8076&#8243; overlay_alpha=&#8221;50&#8243; shift_x=&#8221;0&#8243; shift_y=&#8221;0&#8243; shift_y_down=&#8221;0&#8243; z_index=&#8221;0&#8243; medium_width=&#8221;0&#8243; mobile_width=&#8221;0&#8243; css_animation=&#8221;right-t-left&#8221; width=&#8221;1\/2&#8243; mobile_height=&#8221;340&#8243; uncode_shortcode_id=&#8221;118940&#8243;][\/vc_column][vc_column column_width_use_pixel=&#8221;yes&#8221; gutter_size=&#8221;3&#8243; override_padding=&#8221;yes&#8221; column_padding=&#8221;5&#8243; overlay_alpha=&#8221;50&#8243; shift_x=&#8221;0&#8243; shift_y=&#8221;0&#8243; shift_y_down=&#8221;0&#8243; z_index=&#8221;0&#8243; medium_width=&#8221;0&#8243; mobile_width=&#8221;0&#8243; css_animation=&#8221;right-t-left&#8221; width=&#8221;1\/2&#8243; column_width_pixel=&#8221;528&#8243; uncode_shortcode_id=&#8221;815942&#8243;][vc_custom_heading text_transform=&#8221;uppercase&#8221; uncode_shortcode_id=&#8221;103458&#8243;]Mission[\/vc_custom_heading][vc_column_text text_lead=&#8221;small&#8221; uncode_shortcode_id=&#8221;176515&#8243;]<strong>Wieland Onda<\/strong> \u00e8 fortemente identificata nel mondo per la <strong>velocit\u00e0 di risposta con soluzioni tecnologiche e innovative<\/strong> che soddisfano esigenze tecniche e produttive del cliente, con flessibilit\u00e0 e propensione sperimentale.<\/p>\n<p>Sviluppiamo componenti per il condizionamento, la refrigerazione e lo scambio termico, ricoprendo a livello trasversale tutto il mercato mantenendo specializzazione, identificandoci cos\u00ec in modo univoco nel mondo rispetto ai competitors. Diamo risposta alla trasversalit\u00e0 attraverso stabilimenti produttivi in Italia e all\u2019estero[\/vc_column_text][\/vc_column][\/vc_row][vc_row unlock_row_content=&#8221;yes&#8221; row_height_percent=&#8221;0&#8243; override_padding=&#8221;yes&#8221; h_padding=&#8221;0&#8243; top_padding=&#8221;0&#8243; bottom_padding=&#8221;0&#8243; overlay_alpha=&#8221;50&#8243; equal_height=&#8221;yes&#8221; gutter_size=&#8221;0&#8243; column_width_percent=&#8221;100&#8243; shift_y=&#8221;0&#8243; z_index=&#8221;0&#8243;][vc_column column_width_use_pixel=&#8221;yes&#8221; gutter_size=&#8221;3&#8243; override_padding=&#8221;yes&#8221; column_padding=&#8221;5&#8243; overlay_alpha=&#8221;50&#8243; shift_x=&#8221;0&#8243; shift_y=&#8221;0&#8243; shift_y_down=&#8221;0&#8243; z_index=&#8221;0&#8243; medium_width=&#8221;0&#8243; mobile_width=&#8221;0&#8243; css_animation=&#8221;left-t-right&#8221; width=&#8221;1\/2&#8243; column_width_pixel=&#8221;528&#8243; uncode_shortcode_id=&#8221;200695&#8243;][vc_column_text text_lead=&#8221;small&#8221; uncode_shortcode_id=&#8221;502224&#8243;]Stringiamo collaborazioni con chi governa le tecnologie attuali <strong>scegliendo dei partner del settore affidabili<\/strong>, propositivi e aperti ad accettare nuove idee.<\/p>\n<p>Operiamo con i target a livello internazionale: costruttori OEM, impiantisti, progettisti, installatori\/contractors e utilizzatori finali <strong>mantenendo una politica commerciale etica<\/strong>.<\/p>\n<p>Siamo un gruppo di lavoro altamente competente, propositivo e <strong>propenso all\u2019innovazione e al cambiamento<\/strong> per dare miglioramento continuo ed efficienza, organizzato e unito nei punti di riferimento sui valori aziendali.<\/p>\n<p>Siamo un riferimento riconosciuto nel mondo accademico e del settore grazie al centro di ricerca di eccellenza nel cuore dell\u2019impresa con i migliori talenti in circolazione e all\u2019Academy portando\/promuovendo cultura sostenibile nel mondo.[\/vc_column_text][\/vc_column][vc_column column_width_percent=&#8221;100&#8243; gutter_size=&#8221;3&#8243; back_image=&#8221;8083&#8243; overlay_alpha=&#8221;50&#8243; shift_x=&#8221;0&#8243; shift_y=&#8221;0&#8243; shift_y_down=&#8221;0&#8243; z_index=&#8221;0&#8243; medium_width=&#8221;0&#8243; mobile_width=&#8221;0&#8243; css_animation=&#8221;right-t-left&#8221; width=&#8221;1\/2&#8243; mobile_height=&#8221;340&#8243; uncode_shortcode_id=&#8221;538807&#8243;][\/vc_column][\/vc_row][vc_row row_height_percent=&#8221;0&#8243; override_padding=&#8221;yes&#8221; h_padding=&#8221;2&#8243; top_padding=&#8221;4&#8243; bottom_padding=&#8221;2&#8243; overlay_alpha=&#8221;50&#8243; gutter_size=&#8221;3&#8243; column_width_percent=&#8221;100&#8243; shift_y=&#8221;0&#8243; z_index=&#8221;0&#8243; bottom_divider=&#8221;step&#8221; uncode_shortcode_id=&#8221;619178&#8243;][vc_column column_width_percent=&#8221;100&#8243; gutter_size=&#8221;3&#8243; overlay_alpha=&#8221;50&#8243; shift_x=&#8221;0&#8243; shift_y=&#8221;0&#8243; shift_y_down=&#8221;0&#8243; z_index=&#8221;0&#8243; medium_width=&#8221;0&#8243; mobile_width=&#8221;0&#8243; css_animation=&#8221;alpha-anim&#8221; width=&#8221;1\/1&#8243; uncode_shortcode_id=&#8221;102791&#8243;][vc_custom_heading text_color=&#8221;color-bg-blue&#8221; text_transform=&#8221;uppercase&#8221; uncode_shortcode_id=&#8221;107881&#8243; text_color_type=&#8221;uncode-palette&#8221;]Valori[\/vc_custom_heading][\/vc_column][\/vc_row][vc_row][vc_column column_width_percent=&#8221;100&#8243; gutter_size=&#8221;3&#8243; overlay_alpha=&#8221;50&#8243; shift_x=&#8221;0&#8243; shift_y=&#8221;0&#8243; shift_y_down=&#8221;0&#8243; z_index=&#8221;0&#8243; medium_width=&#8221;0&#8243; mobile_width=&#8221;0&#8243; css_animation=&#8221;left-t-right&#8221; width=&#8221;1\/4&#8243; uncode_shortcode_id=&#8221;128049&#8243;][vc_custom_heading heading_semantic=&#8221;h4&#8243; text_size=&#8221;&#8221; uncode_shortcode_id=&#8221;157842&#8243;]Visione[\/vc_custom_heading][\/vc_column][vc_column column_width_percent=&#8221;100&#8243; gutter_size=&#8221;3&#8243; overlay_alpha=&#8221;50&#8243; shift_x=&#8221;0&#8243; shift_y=&#8221;0&#8243; shift_y_down=&#8221;0&#8243; z_index=&#8221;0&#8243; medium_width=&#8221;0&#8243; mobile_width=&#8221;0&#8243; css_animation=&#8221;right-t-left&#8221; width=&#8221;3\/4&#8243; uncode_shortcode_id=&#8221;110161&#8243;][vc_column_text uncode_shortcode_id=&#8221;337275&#8243;]La VISIONE per noi \u00e8 immaginare qualcosa che ancora non \u00e8 stato pensato e realizzato (anche prodotti mai fatti) perch\u00e9 tutto ci\u00f2 che vediamo \u00e8 una <strong>nuova opportunit\u00e0<\/strong>. Vuol dire ideare cose anomale e diverse per migliorarle, discuterle per perfezionarle e infine eseguirle! La nostra visione \u00e8 curiosit\u00e0 ma \u00e8 anche un processo: qualsiasi cosa che ci \u00e8 attorno prima la osserviamo, poi la elaboriamo, la approfondiamo e infine la vogliamo <strong>rendere concreta<\/strong>.[\/vc_column_text][\/vc_column][\/vc_row][vc_row][vc_column column_width_percent=&#8221;100&#8243; gutter_size=&#8221;3&#8243; overlay_alpha=&#8221;50&#8243; shift_x=&#8221;0&#8243; shift_y=&#8221;0&#8243; shift_y_down=&#8221;0&#8243; z_index=&#8221;0&#8243; medium_width=&#8221;0&#8243; mobile_width=&#8221;0&#8243; css_animation=&#8221;left-t-right&#8221; width=&#8221;1\/4&#8243; uncode_shortcode_id=&#8221;138322&#8243;][vc_custom_heading heading_semantic=&#8221;h4&#8243; text_size=&#8221;&#8221; uncode_shortcode_id=&#8221;882388&#8243;]Affidabilit\u00e0[\/vc_custom_heading][\/vc_column][vc_column column_width_percent=&#8221;100&#8243; gutter_size=&#8221;3&#8243; overlay_alpha=&#8221;50&#8243; shift_x=&#8221;0&#8243; shift_y=&#8221;0&#8243; shift_y_down=&#8221;0&#8243; z_index=&#8221;0&#8243; medium_width=&#8221;0&#8243; mobile_width=&#8221;0&#8243; css_animation=&#8221;right-t-left&#8221; width=&#8221;3\/4&#8243; uncode_shortcode_id=&#8221;374557&#8243;][vc_column_text uncode_shortcode_id=&#8221;808144&#8243;]AFFIDABILIT\u00c0 per noi significa prendere decisioni sagge <strong>mantenendo la parola data<\/strong> senza mai tirarsi indietro di fronte alla difficolt\u00e0, senza scendere a compromessi ma ricercando un accordo vantaggioso.<\/p>\n<p>Essere affidabili significa prendersi la <strong>responsabilit\u00e0 di portare a termine gli impegni presi<\/strong> rassicurando gli altri con il nostro modo di comportarci.[\/vc_column_text][\/vc_column][\/vc_row][vc_row][vc_column column_width_percent=&#8221;100&#8243; gutter_size=&#8221;3&#8243; overlay_alpha=&#8221;50&#8243; shift_x=&#8221;0&#8243; shift_y=&#8221;0&#8243; shift_y_down=&#8221;0&#8243; z_index=&#8221;0&#8243; medium_width=&#8221;0&#8243; mobile_width=&#8221;0&#8243; css_animation=&#8221;left-t-right&#8221; width=&#8221;1\/4&#8243; uncode_shortcode_id=&#8221;138322&#8243;][vc_custom_heading heading_semantic=&#8221;h4&#8243; text_size=&#8221;&#8221; uncode_shortcode_id=&#8221;159978&#8243;]Determinazione &amp; Intraprendenza[\/vc_custom_heading][\/vc_column][vc_column column_width_percent=&#8221;100&#8243; gutter_size=&#8221;3&#8243; overlay_alpha=&#8221;50&#8243; shift_x=&#8221;0&#8243; shift_y=&#8221;0&#8243; shift_y_down=&#8221;0&#8243; z_index=&#8221;0&#8243; medium_width=&#8221;0&#8243; mobile_width=&#8221;0&#8243; css_animation=&#8221;right-t-left&#8221; width=&#8221;3\/4&#8243; uncode_shortcode_id=&#8221;374557&#8243;][vc_column_text uncode_shortcode_id=&#8221;286306&#8243;]INTRAPRENDENZA per noi vuol dire che non ci devono essere mezze misure: <strong>quando si decide si agisce e lo si fa velocemente!<\/strong><\/p>\n<p>Una volta chiariti gli obiettivi per noi essere intraprendenti vuol dire utilizzare la nostra determinazione nel raggiungere i nostri obiettivi con tenacia, coraggio e correttezza senza fermarsi di fronte ai problemi e senza timore del fallimento.[\/vc_column_text][\/vc_column][\/vc_row][vc_row][vc_column column_width_percent=&#8221;100&#8243; gutter_size=&#8221;3&#8243; overlay_alpha=&#8221;50&#8243; shift_x=&#8221;0&#8243; shift_y=&#8221;0&#8243; shift_y_down=&#8221;0&#8243; z_index=&#8221;0&#8243; medium_width=&#8221;0&#8243; mobile_width=&#8221;0&#8243; css_animation=&#8221;left-t-right&#8221; width=&#8221;1\/4&#8243; uncode_shortcode_id=&#8221;138322&#8243;][vc_custom_heading heading_semantic=&#8221;h4&#8243; text_size=&#8221;&#8221; uncode_shortcode_id=&#8221;211073&#8243;]Collaborazione[\/vc_custom_heading][\/vc_column][vc_column column_width_percent=&#8221;100&#8243; gutter_size=&#8221;3&#8243; overlay_alpha=&#8221;50&#8243; shift_x=&#8221;0&#8243; shift_y=&#8221;0&#8243; shift_y_down=&#8221;0&#8243; z_index=&#8221;0&#8243; medium_width=&#8221;0&#8243; mobile_width=&#8221;0&#8243; css_animation=&#8221;right-t-left&#8221; width=&#8221;3\/4&#8243; uncode_shortcode_id=&#8221;374557&#8243;][vc_column_text uncode_shortcode_id=&#8221;358378&#8243;]COLLABORAZIONE per noi significa <strong>lavorare in team<\/strong> per aiutarsi nella risoluzione dei problemi lavorando insieme anche in ambiti diversi per un bene comune.<\/p>\n<p>Essere collaborativi signica impegnarsi nell\u2019<strong>ascoltare gli altri<\/strong>, valutarne il punto di vista, coglierne gli spunti per migliorare la mia idea, decidere assieme e muoversi di conseguenza.[\/vc_column_text][vc_empty_space empty_h=&#8221;3&#8243;][\/vc_column][\/vc_row][vc_row][vc_column width=&#8221;1\/1&#8243;][uncode_block id=&#8221;1928&#8243;][\/vc_column][\/vc_row][vc_row][vc_column width=&#8221;1\/1&#8243;][uncode_block id=&#8221;1852&#8243;][\/vc_column][\/vc_row]<\/p>\n","protected":false},"excerpt":{"rendered":"<p>[vc_row row_height_percent=&#8221;60&#8243; override_padding=&#8221;yes&#8221; h_padding=&#8221;2&#8243; top_padding=&#8221;3&#8243; bottom_padding=&#8221;3&#8243; back_image=&#8221;2965&#8243; back_position=&#8221;center top&#8221; overlay_alpha=&#8221;0&#8243; equal_height=&#8221;yes&#8221; gutter_size=&#8221;3&#8243; column_width_percent=&#8221;100&#8243; shift_y=&#8221;0&#8243; z_index=&#8221;0&#8243; top_divider=&#8221;gradient&#8221; bottom_divider=&#8221;gradient&#8221; uncode_shortcode_id=&#8221;324159&#8243;][vc_column column_width_percent=&#8221;100&#8243; position_vertical=&#8221;bottom&#8221; [&hellip;]<\/p>\n","protected":false},"author":1,"featured_media":0,"parent":0,"menu_order":0,"comment_status":"closed","ping_status":"closed","template":"","meta":{"footnotes":""},"acf":[],"yoast_head":"<!-- This site is optimized with the Yoast SEO plugin v23.4 - https:\/\/yoast.com\/wordpress\/plugins\/seo\/ -->\n<title>Sistemi di condizionamento |Vision &amp; Mission | Wieland Onda Heat Exchangers<\/title>\n<meta name=\"description\" content=\"Wieland Onda \u00e8 specializzata nello sviluppo di sistemi per il condizionamento, la refrigerazione e lo scambio termico.\" \/>\n<meta name=\"robots\" content=\"index, follow, max-snippet:-1, max-image-preview:large, max-video-preview:-1\" \/>\n<link rel=\"canonical\" href=\"https:\/\/www.onda-it.com\/ita\/vision-mission\/\" \/>\n<meta property=\"og:locale\" content=\"it_IT\" \/>\n<meta property=\"og:type\" content=\"article\" \/>\n<meta property=\"og:title\" content=\"Sistemi di condizionamento |Vision &amp; Mission | Wieland Onda Heat Exchangers\" \/>\n<meta property=\"og:description\" content=\"Wieland Onda \u00e8 specializzata nello sviluppo di sistemi per il condizionamento, la refrigerazione e lo scambio termico.\" \/>\n<meta property=\"og:url\" content=\"https:\/\/www.onda-it.com\/ita\/vision-mission\/\" \/>\n<meta property=\"og:site_name\" content=\"Wieland Onda Srl\" \/>\n<meta property=\"article:modified_time\" content=\"2025-03-18T15:15:22+00:00\" \/>\n<meta name=\"twitter:card\" content=\"summary_large_image\" \/>\n<meta name=\"twitter:label1\" content=\"Est. reading time\" \/>\n\t<meta name=\"twitter:data1\" content=\"5 minutes\" \/>\n<script type=\"application\/ld+json\" class=\"yoast-schema-graph\">{\"@context\":\"https:\/\/schema.org\",\"@graph\":[{\"@type\":\"WebPage\",\"@id\":\"https:\/\/www.onda-it.com\/ita\/vision-mission\/\",\"url\":\"https:\/\/www.onda-it.com\/ita\/vision-mission\/\",\"name\":\"Sistemi di condizionamento |Vision & Mission | Wieland Onda Heat Exchangers\",\"isPartOf\":{\"@id\":\"https:\/\/www.onda-it.com\/ita\/#website\"},\"datePublished\":\"2022-10-24T12:52:34+00:00\",\"dateModified\":\"2025-03-18T15:15:22+00:00\",\"description\":\"Wieland Onda \u00e8 specializzata nello sviluppo di sistemi per il condizionamento, la refrigerazione e lo scambio termico.\",\"breadcrumb\":{\"@id\":\"https:\/\/www.onda-it.com\/ita\/vision-mission\/#breadcrumb\"},\"inLanguage\":\"it\",\"potentialAction\":[{\"@type\":\"ReadAction\",\"target\":[\"https:\/\/www.onda-it.com\/ita\/vision-mission\/\"]}]},{\"@type\":\"BreadcrumbList\",\"@id\":\"https:\/\/www.onda-it.com\/ita\/vision-mission\/#breadcrumb\",\"itemListElement\":[{\"@type\":\"ListItem\",\"position\":1,\"name\":\"Home\",\"item\":\"https:\/\/www.onda-it.com\/ita\/\"},{\"@type\":\"ListItem\",\"position\":2,\"name\":\"Vision &#038; Mission\"}]},{\"@type\":\"WebSite\",\"@id\":\"https:\/\/www.onda-it.com\/ita\/#website\",\"url\":\"https:\/\/www.onda-it.com\/ita\/\",\"name\":\"Wieland Onda Srl\",\"description\":\"Wieland Onda - Advanced Heat Transfer Solution\",\"publisher\":{\"@id\":\"https:\/\/www.onda-it.com\/ita\/#organization\"},\"potentialAction\":[{\"@type\":\"SearchAction\",\"target\":{\"@type\":\"EntryPoint\",\"urlTemplate\":\"https:\/\/www.onda-it.com\/ita\/?s={search_term_string}\"},\"query-input\":{\"@type\":\"PropertyValueSpecification\",\"valueRequired\":true,\"valueName\":\"search_term_string\"}}],\"inLanguage\":\"it\"},{\"@type\":\"Organization\",\"@id\":\"https:\/\/www.onda-it.com\/ita\/#organization\",\"name\":\"Wieland Onda Srl\",\"url\":\"https:\/\/www.onda-it.com\/ita\/\",\"logo\":{\"@type\":\"ImageObject\",\"inLanguage\":\"it\",\"@id\":\"https:\/\/www.onda-it.com\/ita\/#\/schema\/logo\/image\/\",\"url\":\"\",\"contentUrl\":\"\",\"caption\":\"Wieland Onda Srl\"},\"image\":{\"@id\":\"https:\/\/www.onda-it.com\/ita\/#\/schema\/logo\/image\/\"},\"sameAs\":[\"https:\/\/www.linkedin.com\/company\/onda-s.p.a.\"]}]}<\/script>\n<!-- \/ Yoast SEO plugin. -->","yoast_head_json":{"title":"Sistemi di condizionamento |Vision & Mission | Wieland Onda Heat Exchangers","description":"Wieland Onda \u00e8 specializzata nello sviluppo di sistemi per il condizionamento, la refrigerazione e lo scambio termico.","robots":{"index":"index","follow":"follow","max-snippet":"max-snippet:-1","max-image-preview":"max-image-preview:large","max-video-preview":"max-video-preview:-1"},"canonical":"https:\/\/www.onda-it.com\/ita\/vision-mission\/","og_locale":"it_IT","og_type":"article","og_title":"Sistemi di condizionamento |Vision & Mission | Wieland Onda Heat Exchangers","og_description":"Wieland Onda \u00e8 specializzata nello sviluppo di sistemi per il condizionamento, la refrigerazione e lo scambio termico.","og_url":"https:\/\/www.onda-it.com\/ita\/vision-mission\/","og_site_name":"Wieland Onda Srl","article_modified_time":"2025-03-18T15:15:22+00:00","twitter_card":"summary_large_image","twitter_misc":{"Est. reading time":"5 minutes"},"schema":{"@context":"https:\/\/schema.org","@graph":[{"@type":"WebPage","@id":"https:\/\/www.onda-it.com\/ita\/vision-mission\/","url":"https:\/\/www.onda-it.com\/ita\/vision-mission\/","name":"Sistemi di condizionamento |Vision & Mission | Wieland Onda Heat Exchangers","isPartOf":{"@id":"https:\/\/www.onda-it.com\/ita\/#website"},"datePublished":"2022-10-24T12:52:34+00:00","dateModified":"2025-03-18T15:15:22+00:00","description":"Wieland Onda \u00e8 specializzata nello sviluppo di sistemi per il condizionamento, la refrigerazione e lo scambio termico.","breadcrumb":{"@id":"https:\/\/www.onda-it.com\/ita\/vision-mission\/#breadcrumb"},"inLanguage":"it","potentialAction":[{"@type":"ReadAction","target":["https:\/\/www.onda-it.com\/ita\/vision-mission\/"]}]},{"@type":"BreadcrumbList","@id":"https:\/\/www.onda-it.com\/ita\/vision-mission\/#breadcrumb","itemListElement":[{"@type":"ListItem","position":1,"name":"Home","item":"https:\/\/www.onda-it.com\/ita\/"},{"@type":"ListItem","position":2,"name":"Vision &#038; Mission"}]},{"@type":"WebSite","@id":"https:\/\/www.onda-it.com\/ita\/#website","url":"https:\/\/www.onda-it.com\/ita\/","name":"Wieland Onda Srl","description":"Wieland Onda - Advanced Heat Transfer Solution","publisher":{"@id":"https:\/\/www.onda-it.com\/ita\/#organization"},"potentialAction":[{"@type":"SearchAction","target":{"@type":"EntryPoint","urlTemplate":"https:\/\/www.onda-it.com\/ita\/?s={search_term_string}"},"query-input":{"@type":"PropertyValueSpecification","valueRequired":true,"valueName":"search_term_string"}}],"inLanguage":"it"},{"@type":"Organization","@id":"https:\/\/www.onda-it.com\/ita\/#organization","name":"Wieland Onda Srl","url":"https:\/\/www.onda-it.com\/ita\/","logo":{"@type":"ImageObject","inLanguage":"it","@id":"https:\/\/www.onda-it.com\/ita\/#\/schema\/logo\/image\/","url":"","contentUrl":"","caption":"Wieland Onda Srl"},"image":{"@id":"https:\/\/www.onda-it.com\/ita\/#\/schema\/logo\/image\/"},"sameAs":["https:\/\/www.linkedin.com\/company\/onda-s.p.a."]}]}},"_links":{"self":[{"href":"https:\/\/www.onda-it.com\/ita\/wp-json\/wp\/v2\/pages\/2991"}],"collection":[{"href":"https:\/\/www.onda-it.com\/ita\/wp-json\/wp\/v2\/pages"}],"about":[{"href":"https:\/\/www.onda-it.com\/ita\/wp-json\/wp\/v2\/types\/page"}],"author":[{"embeddable":true,"href":"https:\/\/www.onda-it.com\/ita\/wp-json\/wp\/v2\/users\/1"}],"replies":[{"embeddable":true,"href":"https:\/\/www.onda-it.com\/ita\/wp-json\/wp\/v2\/comments?post=2991"}],"version-history":[{"count":18,"href":"https:\/\/www.onda-it.com\/ita\/wp-json\/wp\/v2\/pages\/2991\/revisions"}],"predecessor-version":[{"id":16549,"href":"https:\/\/www.onda-it.com\/ita\/wp-json\/wp\/v2\/pages\/2991\/revisions\/16549"}],"wp:attachment":[{"href":"https:\/\/www.onda-it.com\/ita\/wp-json\/wp\/v2\/media?parent=2991"}],"curies":[{"name":"wp","href":"https:\/\/api.w.org\/{rel}","templated":true}]}}