{"id":7808,"date":"2022-10-24T14:52:34","date_gmt":"2022-10-24T12:52:34","guid":{"rendered":"https:\/\/www.onda-it.com\/?page_id=7808"},"modified":"2025-03-14T09:37:50","modified_gmt":"2025-03-14T08:37:50","slug":"vision-mission","status":"publish","type":"page","link":"https:\/\/www.onda-it.com\/fra\/vision-et-mission\/","title":{"rendered":"Vision et Mission"},"content":{"rendered":"<p>[vc_row row_height_percent=&#8221;60&#8243; override_padding=&#8221;yes&#8221; h_padding=&#8221;2&#8243; top_padding=&#8221;3&#8243; bottom_padding=&#8221;3&#8243; back_image=&#8221;2965&#8243; back_position=&#8221;center top&#8221; overlay_alpha=&#8221;0&#8243; equal_height=&#8221;yes&#8221; gutter_size=&#8221;3&#8243; column_width_percent=&#8221;100&#8243; shift_y=&#8221;0&#8243; z_index=&#8221;0&#8243; top_divider=&#8221;gradient&#8221; bottom_divider=&#8221;gradient&#8221; uncode_shortcode_id=&#8221;324159&#8243;][vc_column column_width_percent=&#8221;100&#8243; position_vertical=&#8221;bottom&#8221; gutter_size=&#8221;3&#8243; style=&#8221;dark&#8221; overlay_alpha=&#8221;50&#8243; shift_x=&#8221;0&#8243; shift_y=&#8221;0&#8243; shift_y_down=&#8221;0&#8243; z_index=&#8221;0&#8243; medium_width=&#8221;0&#8243; mobile_width=&#8221;0&#8243; width=&#8221;1\/1&#8243;][vc_row_inner row_inner_height_percent=&#8221;0&#8243; overlay_alpha=&#8221;50&#8243; gutter_size=&#8221;3&#8243; shift_y=&#8221;0&#8243;][vc_column_inner column_width_percent=&#8221;100&#8243; gutter_size=&#8221;3&#8243; style=&#8221;dark&#8221; overlay_alpha=&#8221;50&#8243; shift_x=&#8221;0&#8243; shift_y=&#8221;0&#8243; shift_y_down=&#8221;0&#8243; z_index=&#8221;0&#8243; medium_width=&#8221;0&#8243; mobile_width=&#8221;0&#8243; css_animation=&#8221;alpha-anim&#8221; animation_delay=&#8221;200&#8243; width=&#8221;1\/1&#8243;][vc_custom_heading text_color=&#8221;color-white&#8221; heading_semantic=&#8221;h1&#8243; text_transform=&#8221;uppercase&#8221; css_animation=&#8221;typewriter&#8221; animation_delay=&#8221;400&#8243; interval_animation=&#8221;20&#8243; uncode_shortcode_id=&#8221;211173&#8243; text_color_type=&#8221;uncode-palette&#8221;]Vision et Mission[\/vc_custom_heading][\/vc_column_inner][\/vc_row_inner][\/vc_column][\/vc_row][vc_row row_height_percent=&#8221;0&#8243; override_padding=&#8221;yes&#8221; h_padding=&#8221;2&#8243; top_padding=&#8221;4&#8243; bottom_padding=&#8221;4&#8243; back_color=&#8221;color-bg-red&#8221; overlay_alpha=&#8221;50&#8243; gutter_size=&#8221;3&#8243; column_width_percent=&#8221;100&#8243; shift_y=&#8221;0&#8243; z_index=&#8221;0&#8243; bottom_divider=&#8221;step&#8221; uncode_shortcode_id=&#8221;130406&#8243; back_color_type=&#8221;uncode-palette&#8221;][vc_column column_width_percent=&#8221;100&#8243; gutter_size=&#8221;3&#8243; overlay_alpha=&#8221;50&#8243; shift_x=&#8221;0&#8243; shift_y=&#8221;0&#8243; shift_y_down=&#8221;0&#8243; z_index=&#8221;0&#8243; medium_width=&#8221;0&#8243; mobile_width=&#8221;0&#8243; css_animation=&#8221;alpha-anim&#8221; width=&#8221;1\/1&#8243; uncode_shortcode_id=&#8221;687338&#8243;][vc_custom_heading text_color=&#8221;color-white&#8221; text_transform=&#8221;uppercase&#8221; uncode_shortcode_id=&#8221;576546&#8243; text_color_type=&#8221;uncode-palette&#8221;]Vision[\/vc_custom_heading][vc_column_text text_lead=&#8221;small&#8221; text_color=&#8221;color-white&#8221; uncode_shortcode_id=&#8221;591922&#8243; text_color_type=&#8221;uncode-palette&#8221;]Notre objectif est de concevoir des technologies de pointe qui permettent d\u2019am\u00e9liorer les infrastructures au niveau international, et, en qualit\u00e9 de partenaire fiable, de favoriser le changement avec l\u2019implication de la soci\u00e9t\u00e9 afin de rendre notre monde plus durable.[\/vc_column_text][\/vc_column][\/vc_row][vc_row unlock_row_content=&#8221;yes&#8221; row_height_percent=&#8221;0&#8243; override_padding=&#8221;yes&#8221; h_padding=&#8221;0&#8243; top_padding=&#8221;0&#8243; bottom_padding=&#8221;0&#8243; overlay_alpha=&#8221;50&#8243; equal_height=&#8221;yes&#8221; gutter_size=&#8221;0&#8243; column_width_percent=&#8221;100&#8243; shift_y=&#8221;0&#8243; z_index=&#8221;0&#8243; el_class=&#8221;inverted-device-order&#8221;][vc_column column_width_percent=&#8221;100&#8243; gutter_size=&#8221;3&#8243; back_image=&#8221;8079&#8243; overlay_alpha=&#8221;50&#8243; shift_x=&#8221;0&#8243; shift_y=&#8221;0&#8243; shift_y_down=&#8221;0&#8243; z_index=&#8221;0&#8243; medium_width=&#8221;0&#8243; mobile_width=&#8221;0&#8243; css_animation=&#8221;right-t-left&#8221; width=&#8221;1\/2&#8243; mobile_height=&#8221;340&#8243; uncode_shortcode_id=&#8221;118940&#8243;][\/vc_column][vc_column column_width_use_pixel=&#8221;yes&#8221; gutter_size=&#8221;3&#8243; override_padding=&#8221;yes&#8221; column_padding=&#8221;5&#8243; overlay_alpha=&#8221;50&#8243; shift_x=&#8221;0&#8243; shift_y=&#8221;0&#8243; shift_y_down=&#8221;0&#8243; z_index=&#8221;0&#8243; medium_width=&#8221;0&#8243; mobile_width=&#8221;0&#8243; css_animation=&#8221;right-t-left&#8221; width=&#8221;1\/2&#8243; column_width_pixel=&#8221;528&#8243; uncode_shortcode_id=&#8221;815942&#8243;][vc_custom_heading text_transform=&#8221;uppercase&#8221; uncode_shortcode_id=&#8221;103458&#8243;]Mission[\/vc_custom_heading][vc_column_text text_lead=&#8221;small&#8221; uncode_shortcode_id=&#8221;180394&#8243;]Wieland Onda s\u2019est forg\u00e9, dans le monde entier, une identification forte gr\u00e2ce \u00e0 son excellente r\u00e9activit\u00e9 et \u00e0 sa capacit\u00e9 \u00e0 apporter des solutions technologiques innovantes qui r\u00e9pondent aux exigences techniques et de production de ses clients, avec une flexibilit\u00e9 et une propension \u00e0 l\u2019exp\u00e9rimentation optimales.<\/p>\n<p>Nous d\u00e9veloppons des composants pour la climatisation, la r\u00e9frig\u00e9ration et l\u2019\u00e9change thermique, et couvrons de mani\u00e8re transversale l\u2019ensemble du march\u00e9 tout en conservant notre capacit\u00e9 de sp\u00e9cialisation, ce qui permet \u00e0 l\u2019entreprise d\u2019\u00eatre identifi\u00e9e dans le monde entier de mani\u00e8re univoque par rapport \u00e0 ses concurrents. Nous assurons la transversalit\u00e9 gr\u00e2ce \u00e0 nos sites de production en Italie et \u00e0 l\u2019\u00e9tranger.[\/vc_column_text][\/vc_column][\/vc_row][vc_row unlock_row_content=&#8221;yes&#8221; row_height_percent=&#8221;0&#8243; override_padding=&#8221;yes&#8221; h_padding=&#8221;0&#8243; top_padding=&#8221;0&#8243; bottom_padding=&#8221;0&#8243; overlay_alpha=&#8221;50&#8243; equal_height=&#8221;yes&#8221; gutter_size=&#8221;0&#8243; column_width_percent=&#8221;100&#8243; shift_y=&#8221;0&#8243; z_index=&#8221;0&#8243;][vc_column column_width_use_pixel=&#8221;yes&#8221; gutter_size=&#8221;3&#8243; override_padding=&#8221;yes&#8221; column_padding=&#8221;5&#8243; overlay_alpha=&#8221;50&#8243; shift_x=&#8221;0&#8243; shift_y=&#8221;0&#8243; shift_y_down=&#8221;0&#8243; z_index=&#8221;0&#8243; medium_width=&#8221;0&#8243; mobile_width=&#8221;0&#8243; css_animation=&#8221;left-t-right&#8221; width=&#8221;1\/2&#8243; column_width_pixel=&#8221;528&#8243; uncode_shortcode_id=&#8221;200695&#8243;][vc_column_text text_lead=&#8221;small&#8221; uncode_shortcode_id=&#8221;138744&#8243;]Nous nouons des partenariats avec ceux qui ma\u00eetrisent les technologies actuelles et choisissons, dans notre secteur, des partenaires fiables, porteurs de propositions et ouverts aux id\u00e9es innovantes.<\/p>\n<p>Nous travaillons, au niveau international, avec des fabricants d\u2019\u00e9quipement d\u2019origine, des concepteurs d\u2019installations, des ing\u00e9nieurs, des installateurs et entrepreneurs et des utilisateurs finaux, en adoptant une politique commerciale \u00e9thique.<\/p>\n<p>Notre groupe de travail, tr\u00e8s comp\u00e9tent, force de propositions et r\u00e9solument tourn\u00e9 vers l\u2019innovation et le changement, poursuit l\u2019objectif de l\u2019am\u00e9lioration continue et de l\u2019efficacit\u00e9 et se retrouve, de mani\u00e8re organis\u00e9e et unie, autour des valeurs de l\u2019entreprise.<\/p>\n<p>Nous sommes reconnus dans le monde universitaire et dans notre secteur comme une r\u00e9f\u00e9rence gr\u00e2ce au centre de recherche d\u2019excellence cr\u00e9\u00e9 au sein de l\u2019entreprise, qui regroupe les meilleurs talents actuels, et \u00e0 l\u2019Academy, et nous soutenons et favorisons la culture durable dans le monde entier.[\/vc_column_text][\/vc_column][vc_column column_width_percent=&#8221;100&#8243; gutter_size=&#8221;3&#8243; back_image=&#8221;8086&#8243; overlay_alpha=&#8221;50&#8243; shift_x=&#8221;0&#8243; shift_y=&#8221;0&#8243; shift_y_down=&#8221;0&#8243; z_index=&#8221;0&#8243; medium_width=&#8221;0&#8243; mobile_width=&#8221;0&#8243; css_animation=&#8221;right-t-left&#8221; width=&#8221;1\/2&#8243; mobile_height=&#8221;340&#8243; uncode_shortcode_id=&#8221;538807&#8243;][\/vc_column][\/vc_row][vc_row row_height_percent=&#8221;0&#8243; override_padding=&#8221;yes&#8221; h_padding=&#8221;2&#8243; top_padding=&#8221;4&#8243; bottom_padding=&#8221;2&#8243; overlay_alpha=&#8221;50&#8243; gutter_size=&#8221;3&#8243; column_width_percent=&#8221;100&#8243; shift_y=&#8221;0&#8243; z_index=&#8221;0&#8243; bottom_divider=&#8221;step&#8221; uncode_shortcode_id=&#8221;619178&#8243;][vc_column column_width_percent=&#8221;100&#8243; gutter_size=&#8221;3&#8243; overlay_alpha=&#8221;50&#8243; shift_x=&#8221;0&#8243; shift_y=&#8221;0&#8243; shift_y_down=&#8221;0&#8243; z_index=&#8221;0&#8243; medium_width=&#8221;0&#8243; mobile_width=&#8221;0&#8243; css_animation=&#8221;alpha-anim&#8221; width=&#8221;1\/1&#8243; uncode_shortcode_id=&#8221;102791&#8243;][vc_custom_heading text_color=&#8221;color-bg-blue&#8221; text_transform=&#8221;uppercase&#8221; uncode_shortcode_id=&#8221;178647&#8243; text_color_type=&#8221;uncode-palette&#8221;]Nos valeurs[\/vc_custom_heading][\/vc_column][\/vc_row][vc_row][vc_column column_width_percent=&#8221;100&#8243; gutter_size=&#8221;3&#8243; overlay_alpha=&#8221;50&#8243; shift_x=&#8221;0&#8243; shift_y=&#8221;0&#8243; shift_y_down=&#8221;0&#8243; z_index=&#8221;0&#8243; medium_width=&#8221;0&#8243; mobile_width=&#8221;0&#8243; css_animation=&#8221;left-t-right&#8221; width=&#8221;1\/4&#8243; uncode_shortcode_id=&#8221;128049&#8243;][vc_custom_heading heading_semantic=&#8221;h4&#8243; text_size=&#8221;&#8221; uncode_shortcode_id=&#8221;157842&#8243;]Visione[\/vc_custom_heading][\/vc_column][vc_column column_width_percent=&#8221;100&#8243; gutter_size=&#8221;3&#8243; overlay_alpha=&#8221;50&#8243; shift_x=&#8221;0&#8243; shift_y=&#8221;0&#8243; shift_y_down=&#8221;0&#8243; z_index=&#8221;0&#8243; medium_width=&#8221;0&#8243; mobile_width=&#8221;0&#8243; css_animation=&#8221;right-t-left&#8221; width=&#8221;3\/4&#8243; uncode_shortcode_id=&#8221;110161&#8243;][vc_column_text uncode_shortcode_id=&#8221;118865&#8243;]Pour nous, la VISION consiste \u00e0 imaginer quelque chose qui n\u2019a pas encore \u00e9t\u00e9 pens\u00e9 ni r\u00e9alis\u00e9 (y compris des produits jamais fabriqu\u00e9s), car tout ce que nous voyons repr\u00e9sente une nouvelle opportunit\u00e9. Cela signifie concevoir des choses in\u00e9dites et diff\u00e9rentes pour les am\u00e9liorer, en discuter pour les perfectionner et enfin les ex\u00e9cuter\u2009!\u00a0 Notre vision est faite de curiosit\u00e9, mais elle est aussi un processus : nous observons d\u2019abord ce qui nous entoure, puis nous l\u2019\u00e9laborons et nous l\u2019approfondissons et enfin, nous passons \u00e0 la phase de concr\u00e9tisation.[\/vc_column_text][\/vc_column][\/vc_row][vc_row][vc_column column_width_percent=&#8221;100&#8243; gutter_size=&#8221;3&#8243; overlay_alpha=&#8221;50&#8243; shift_x=&#8221;0&#8243; shift_y=&#8221;0&#8243; shift_y_down=&#8221;0&#8243; z_index=&#8221;0&#8243; medium_width=&#8221;0&#8243; mobile_width=&#8221;0&#8243; css_animation=&#8221;left-t-right&#8221; width=&#8221;1\/4&#8243; uncode_shortcode_id=&#8221;138322&#8243;][vc_custom_heading heading_semantic=&#8221;h4&#8243; text_size=&#8221;&#8221; uncode_shortcode_id=&#8221;204962&#8243;]Fiabilit\u00e9[\/vc_custom_heading][\/vc_column][vc_column column_width_percent=&#8221;100&#8243; gutter_size=&#8221;3&#8243; overlay_alpha=&#8221;50&#8243; shift_x=&#8221;0&#8243; shift_y=&#8221;0&#8243; shift_y_down=&#8221;0&#8243; z_index=&#8221;0&#8243; medium_width=&#8221;0&#8243; mobile_width=&#8221;0&#8243; css_animation=&#8221;right-t-left&#8221; width=&#8221;3\/4&#8243; uncode_shortcode_id=&#8221;374557&#8243;][vc_column_text uncode_shortcode_id=&#8221;820528&#8243;]Pour nous, la FIABILIT\u00c9 consiste \u00e0 prendre des d\u00e9cisions judicieuses en tenant parole, et sans jamais reculer face aux difficult\u00e9s ni faire de compromis, mais en cherchant toujours un accord avantageux.<\/p>\n<p>\u00catre dignes de confiance, c\u2019est prendre la responsabilit\u00e9 de mener \u00e0 bien ses engagements en rassurant les autres par notre fa\u00e7on de nous comporter.[\/vc_column_text][\/vc_column][\/vc_row][vc_row][vc_column column_width_percent=&#8221;100&#8243; gutter_size=&#8221;3&#8243; overlay_alpha=&#8221;50&#8243; shift_x=&#8221;0&#8243; shift_y=&#8221;0&#8243; shift_y_down=&#8221;0&#8243; z_index=&#8221;0&#8243; medium_width=&#8221;0&#8243; mobile_width=&#8221;0&#8243; css_animation=&#8221;left-t-right&#8221; width=&#8221;1\/4&#8243; uncode_shortcode_id=&#8221;138322&#8243;][vc_custom_heading heading_semantic=&#8221;h4&#8243; text_size=&#8221;&#8221; uncode_shortcode_id=&#8221;127764&#8243;]D\u00e9termination et esprit d\u2019entreprise[\/vc_custom_heading][\/vc_column][vc_column column_width_percent=&#8221;100&#8243; gutter_size=&#8221;3&#8243; overlay_alpha=&#8221;50&#8243; shift_x=&#8221;0&#8243; shift_y=&#8221;0&#8243; shift_y_down=&#8221;0&#8243; z_index=&#8221;0&#8243; medium_width=&#8221;0&#8243; mobile_width=&#8221;0&#8243; css_animation=&#8221;right-t-left&#8221; width=&#8221;3\/4&#8243; uncode_shortcode_id=&#8221;374557&#8243;][vc_column_text uncode_shortcode_id=&#8221;955301&#8243;]Pour nous, avoir L\u2019ESPRIT D\u2019ENTREPRISE, c\u2019est ne pas faire les choses \u00e0 moiti\u00e9: quand nous d\u00e9cidons, nous agissons sans attendre\u2009!<\/p>\n<p>C\u2019est aussi, une fois que les objectifs sont clairs, faire appel \u00e0 notre d\u00e9termination pour atteindre nos objectifs avec t\u00e9nacit\u00e9, courage et correction, sans s\u2019arr\u00eater face aux obstacles et sans craindre l\u2019\u00e9chec.[\/vc_column_text][\/vc_column][\/vc_row][vc_row][vc_column column_width_percent=&#8221;100&#8243; gutter_size=&#8221;3&#8243; overlay_alpha=&#8221;50&#8243; shift_x=&#8221;0&#8243; shift_y=&#8221;0&#8243; shift_y_down=&#8221;0&#8243; z_index=&#8221;0&#8243; medium_width=&#8221;0&#8243; mobile_width=&#8221;0&#8243; css_animation=&#8221;left-t-right&#8221; width=&#8221;1\/4&#8243; uncode_shortcode_id=&#8221;138322&#8243;][vc_custom_heading heading_semantic=&#8221;h4&#8243; text_size=&#8221;&#8221; uncode_shortcode_id=&#8221;759294&#8243;]Collaboration[\/vc_custom_heading][\/vc_column][vc_column column_width_percent=&#8221;100&#8243; gutter_size=&#8221;3&#8243; overlay_alpha=&#8221;50&#8243; shift_x=&#8221;0&#8243; shift_y=&#8221;0&#8243; shift_y_down=&#8221;0&#8243; z_index=&#8221;0&#8243; medium_width=&#8221;0&#8243; mobile_width=&#8221;0&#8243; css_animation=&#8221;right-t-left&#8221; width=&#8221;3\/4&#8243; uncode_shortcode_id=&#8221;374557&#8243;][vc_column_text uncode_shortcode_id=&#8221;663292&#8243;]Pour nous, COLLABORER signifie travailler en \u00e9quipe pour s\u2019\u00e9pauler dans la r\u00e9solution des probl\u00e8mes en \u0153uvrant ensemble, parfois dans des domaines diff\u00e9rents, pour le bien commun.<\/p>\n<p>Collaborer, c\u2019est s\u2019engager \u00e0 \u00e9couter les autres, \u00e0 \u00e9valuer leur point de vue, \u00e0 tenir compte de leurs suggestions pour am\u00e9liorer mon id\u00e9e, \u00e0 d\u00e9cider ensemble et \u00e0 agir en cons\u00e9quence.[\/vc_column_text][vc_empty_space empty_h=&#8221;3&#8243;][\/vc_column][\/vc_row][vc_row][vc_column width=&#8221;1\/1&#8243;][uncode_block id=&#8221;2918&#8243;][\/vc_column][\/vc_row][vc_row][vc_column width=&#8221;1\/1&#8243;][uncode_block id=&#8221;2589&#8243;][\/vc_column][\/vc_row]<\/p>\n","protected":false},"excerpt":{"rendered":"<p>[vc_row row_height_percent=&#8221;60&#8243; override_padding=&#8221;yes&#8221; h_padding=&#8221;2&#8243; top_padding=&#8221;3&#8243; bottom_padding=&#8221;3&#8243; back_image=&#8221;2965&#8243; back_position=&#8221;center top&#8221; overlay_alpha=&#8221;0&#8243; equal_height=&#8221;yes&#8221; gutter_size=&#8221;3&#8243; column_width_percent=&#8221;100&#8243; shift_y=&#8221;0&#8243; z_index=&#8221;0&#8243; top_divider=&#8221;gradient&#8221; bottom_divider=&#8221;gradient&#8221; uncode_shortcode_id=&#8221;324159&#8243;][vc_column column_width_percent=&#8221;100&#8243; position_vertical=&#8221;bottom&#8221; [&hellip;]<\/p>\n","protected":false},"author":1,"featured_media":0,"parent":0,"menu_order":0,"comment_status":"closed","ping_status":"closed","template":"","meta":{"footnotes":""},"acf":[],"yoast_head":"<!-- This site is optimized with the Yoast SEO plugin v23.4 - https:\/\/yoast.com\/wordpress\/plugins\/seo\/ -->\n<title>Vision et Mission - Wieland Onda Srl<\/title>\n<meta name=\"description\" content=\"Notre objectif est de concevoir des technologies de pointe qui permettent d\u2019am\u00e9liorer les infrastructures au niveau international, et, en qualit\u00e9 de partenaire fiable, de favoriser le changement avec l\u2019implication de la soci\u00e9t\u00e9 afin de rendre notre monde plus durable.\" \/>\n<meta name=\"robots\" content=\"index, follow, max-snippet:-1, max-image-preview:large, max-video-preview:-1\" \/>\n<link rel=\"canonical\" href=\"https:\/\/www.onda-it.com\/fra\/vision-et-mission\/\" \/>\n<meta property=\"og:locale\" content=\"fr_FR\" \/>\n<meta property=\"og:type\" content=\"article\" \/>\n<meta property=\"og:title\" content=\"Vision et Mission - Wieland Onda Srl\" \/>\n<meta property=\"og:description\" content=\"Notre objectif est de concevoir des technologies de pointe qui permettent d\u2019am\u00e9liorer les infrastructures au niveau international, et, en qualit\u00e9 de partenaire fiable, de favoriser le changement avec l\u2019implication de la soci\u00e9t\u00e9 afin de rendre notre monde plus durable.\" \/>\n<meta property=\"og:url\" content=\"https:\/\/www.onda-it.com\/fra\/vision-et-mission\/\" \/>\n<meta property=\"og:site_name\" content=\"Wieland Onda Srl\" \/>\n<meta property=\"article:modified_time\" content=\"2025-03-14T08:37:50+00:00\" \/>\n<meta name=\"twitter:card\" content=\"summary_large_image\" \/>\n<meta name=\"twitter:label1\" content=\"Est. reading time\" \/>\n\t<meta name=\"twitter:data1\" content=\"5 minutes\" \/>\n<script type=\"application\/ld+json\" class=\"yoast-schema-graph\">{\"@context\":\"https:\/\/schema.org\",\"@graph\":[{\"@type\":\"WebPage\",\"@id\":\"https:\/\/www.onda-it.com\/fra\/vision-et-mission\/\",\"url\":\"https:\/\/www.onda-it.com\/fra\/vision-et-mission\/\",\"name\":\"Vision et Mission - Wieland Onda Srl\",\"isPartOf\":{\"@id\":\"https:\/\/www.onda-it.com\/fra\/#website\"},\"datePublished\":\"2022-10-24T12:52:34+00:00\",\"dateModified\":\"2025-03-14T08:37:50+00:00\",\"description\":\"Notre objectif est de concevoir des technologies de pointe qui permettent d\u2019am\u00e9liorer les infrastructures au niveau international, et, en qualit\u00e9 de partenaire fiable, de favoriser le changement avec l\u2019implication de la soci\u00e9t\u00e9 afin de rendre notre monde plus durable.\",\"breadcrumb\":{\"@id\":\"https:\/\/www.onda-it.com\/fra\/vision-et-mission\/#breadcrumb\"},\"inLanguage\":\"fr\",\"potentialAction\":[{\"@type\":\"ReadAction\",\"target\":[\"https:\/\/www.onda-it.com\/fra\/vision-et-mission\/\"]}]},{\"@type\":\"BreadcrumbList\",\"@id\":\"https:\/\/www.onda-it.com\/fra\/vision-et-mission\/#breadcrumb\",\"itemListElement\":[{\"@type\":\"ListItem\",\"position\":1,\"name\":\"Home\",\"item\":\"https:\/\/www.onda-it.com\/fra\/\"},{\"@type\":\"ListItem\",\"position\":2,\"name\":\"Vision et Mission\"}]},{\"@type\":\"WebSite\",\"@id\":\"https:\/\/www.onda-it.com\/fra\/#website\",\"url\":\"https:\/\/www.onda-it.com\/fra\/\",\"name\":\"Wieland Onda Srl\",\"description\":\"Onda - Advanced Heat Transfer Solution\",\"publisher\":{\"@id\":\"https:\/\/www.onda-it.com\/fra\/#organization\"},\"potentialAction\":[{\"@type\":\"SearchAction\",\"target\":{\"@type\":\"EntryPoint\",\"urlTemplate\":\"https:\/\/www.onda-it.com\/fra\/?s={search_term_string}\"},\"query-input\":{\"@type\":\"PropertyValueSpecification\",\"valueRequired\":true,\"valueName\":\"search_term_string\"}}],\"inLanguage\":\"fr\"},{\"@type\":\"Organization\",\"@id\":\"https:\/\/www.onda-it.com\/fra\/#organization\",\"name\":\"Wieland Onda Srl\",\"url\":\"https:\/\/www.onda-it.com\/fra\/\",\"logo\":{\"@type\":\"ImageObject\",\"inLanguage\":\"fr\",\"@id\":\"https:\/\/www.onda-it.com\/fra\/#\/schema\/logo\/image\/\",\"url\":\"\",\"contentUrl\":\"\",\"caption\":\"Wieland Onda Srl\"},\"image\":{\"@id\":\"https:\/\/www.onda-it.com\/fra\/#\/schema\/logo\/image\/\"},\"sameAs\":[\"https:\/\/www.linkedin.com\/company\/onda-s.p.a.\"]}]}<\/script>\n<!-- \/ Yoast SEO plugin. -->","yoast_head_json":{"title":"Vision et Mission - Wieland Onda Srl","description":"Notre objectif est de concevoir des technologies de pointe qui permettent d\u2019am\u00e9liorer les infrastructures au niveau international, et, en qualit\u00e9 de partenaire fiable, de favoriser le changement avec l\u2019implication de la soci\u00e9t\u00e9 afin de rendre notre monde plus durable.","robots":{"index":"index","follow":"follow","max-snippet":"max-snippet:-1","max-image-preview":"max-image-preview:large","max-video-preview":"max-video-preview:-1"},"canonical":"https:\/\/www.onda-it.com\/fra\/vision-et-mission\/","og_locale":"fr_FR","og_type":"article","og_title":"Vision et Mission - Wieland Onda Srl","og_description":"Notre objectif est de concevoir des technologies de pointe qui permettent d\u2019am\u00e9liorer les infrastructures au niveau international, et, en qualit\u00e9 de partenaire fiable, de favoriser le changement avec l\u2019implication de la soci\u00e9t\u00e9 afin de rendre notre monde plus durable.","og_url":"https:\/\/www.onda-it.com\/fra\/vision-et-mission\/","og_site_name":"Wieland Onda Srl","article_modified_time":"2025-03-14T08:37:50+00:00","twitter_card":"summary_large_image","twitter_misc":{"Est. reading time":"5 minutes"},"schema":{"@context":"https:\/\/schema.org","@graph":[{"@type":"WebPage","@id":"https:\/\/www.onda-it.com\/fra\/vision-et-mission\/","url":"https:\/\/www.onda-it.com\/fra\/vision-et-mission\/","name":"Vision et Mission - Wieland Onda Srl","isPartOf":{"@id":"https:\/\/www.onda-it.com\/fra\/#website"},"datePublished":"2022-10-24T12:52:34+00:00","dateModified":"2025-03-14T08:37:50+00:00","description":"Notre objectif est de concevoir des technologies de pointe qui permettent d\u2019am\u00e9liorer les infrastructures au niveau international, et, en qualit\u00e9 de partenaire fiable, de favoriser le changement avec l\u2019implication de la soci\u00e9t\u00e9 afin de rendre notre monde plus durable.","breadcrumb":{"@id":"https:\/\/www.onda-it.com\/fra\/vision-et-mission\/#breadcrumb"},"inLanguage":"fr","potentialAction":[{"@type":"ReadAction","target":["https:\/\/www.onda-it.com\/fra\/vision-et-mission\/"]}]},{"@type":"BreadcrumbList","@id":"https:\/\/www.onda-it.com\/fra\/vision-et-mission\/#breadcrumb","itemListElement":[{"@type":"ListItem","position":1,"name":"Home","item":"https:\/\/www.onda-it.com\/fra\/"},{"@type":"ListItem","position":2,"name":"Vision et Mission"}]},{"@type":"WebSite","@id":"https:\/\/www.onda-it.com\/fra\/#website","url":"https:\/\/www.onda-it.com\/fra\/","name":"Wieland Onda Srl","description":"Onda - Advanced Heat Transfer Solution","publisher":{"@id":"https:\/\/www.onda-it.com\/fra\/#organization"},"potentialAction":[{"@type":"SearchAction","target":{"@type":"EntryPoint","urlTemplate":"https:\/\/www.onda-it.com\/fra\/?s={search_term_string}"},"query-input":{"@type":"PropertyValueSpecification","valueRequired":true,"valueName":"search_term_string"}}],"inLanguage":"fr"},{"@type":"Organization","@id":"https:\/\/www.onda-it.com\/fra\/#organization","name":"Wieland Onda Srl","url":"https:\/\/www.onda-it.com\/fra\/","logo":{"@type":"ImageObject","inLanguage":"fr","@id":"https:\/\/www.onda-it.com\/fra\/#\/schema\/logo\/image\/","url":"","contentUrl":"","caption":"Wieland Onda Srl"},"image":{"@id":"https:\/\/www.onda-it.com\/fra\/#\/schema\/logo\/image\/"},"sameAs":["https:\/\/www.linkedin.com\/company\/onda-s.p.a."]}]}},"_links":{"self":[{"href":"https:\/\/www.onda-it.com\/fra\/wp-json\/wp\/v2\/pages\/7808"}],"collection":[{"href":"https:\/\/www.onda-it.com\/fra\/wp-json\/wp\/v2\/pages"}],"about":[{"href":"https:\/\/www.onda-it.com\/fra\/wp-json\/wp\/v2\/types\/page"}],"author":[{"embeddable":true,"href":"https:\/\/www.onda-it.com\/fra\/wp-json\/wp\/v2\/users\/1"}],"replies":[{"embeddable":true,"href":"https:\/\/www.onda-it.com\/fra\/wp-json\/wp\/v2\/comments?post=7808"}],"version-history":[{"count":6,"href":"https:\/\/www.onda-it.com\/fra\/wp-json\/wp\/v2\/pages\/7808\/revisions"}],"predecessor-version":[{"id":16551,"href":"https:\/\/www.onda-it.com\/fra\/wp-json\/wp\/v2\/pages\/7808\/revisions\/16551"}],"wp:attachment":[{"href":"https:\/\/www.onda-it.com\/fra\/wp-json\/wp\/v2\/media?parent=7808"}],"curies":[{"name":"wp","href":"https:\/\/api.w.org\/{rel}","templated":true}]}}