{"id":7780,"date":"2022-10-24T11:58:50","date_gmt":"2022-10-24T09:58:50","guid":{"rendered":"https:\/\/www.onda-it.com\/?page_id=7780"},"modified":"2025-03-14T09:17:54","modified_gmt":"2025-03-14T08:17:54","slug":"azienda","status":"publish","type":"page","link":"https:\/\/www.onda-it.com\/fra\/entreprise\/","title":{"rendered":"Entreprise"},"content":{"rendered":"<p>[vc_row row_height_percent=&#8221;60&#8243; override_padding=&#8221;yes&#8221; h_padding=&#8221;2&#8243; top_padding=&#8221;3&#8243; bottom_padding=&#8221;3&#8243; back_image=&#8221;2958&#8243; back_position=&#8221;center bottom&#8221; overlay_alpha=&#8221;0&#8243; equal_height=&#8221;yes&#8221; gutter_size=&#8221;3&#8243; column_width_percent=&#8221;100&#8243; shift_y=&#8221;0&#8243; z_index=&#8221;0&#8243; top_divider=&#8221;gradient&#8221; bottom_divider=&#8221;gradient&#8221; uncode_shortcode_id=&#8221;117880&#8243;][vc_column column_width_percent=&#8221;100&#8243; position_vertical=&#8221;bottom&#8221; gutter_size=&#8221;3&#8243; style=&#8221;dark&#8221; overlay_alpha=&#8221;50&#8243; shift_x=&#8221;0&#8243; shift_y=&#8221;0&#8243; shift_y_down=&#8221;0&#8243; z_index=&#8221;0&#8243; medium_width=&#8221;0&#8243; mobile_width=&#8221;0&#8243; width=&#8221;1\/1&#8243;][vc_row_inner row_inner_height_percent=&#8221;0&#8243; overlay_alpha=&#8221;50&#8243; gutter_size=&#8221;3&#8243; shift_y=&#8221;0&#8243;][vc_column_inner column_width_percent=&#8221;100&#8243; gutter_size=&#8221;3&#8243; style=&#8221;dark&#8221; overlay_alpha=&#8221;50&#8243; shift_x=&#8221;0&#8243; shift_y=&#8221;0&#8243; shift_y_down=&#8221;0&#8243; z_index=&#8221;0&#8243; medium_width=&#8221;0&#8243; mobile_width=&#8221;0&#8243; css_animation=&#8221;alpha-anim&#8221; animation_delay=&#8221;200&#8243; width=&#8221;1\/1&#8243;][vc_custom_heading text_color=&#8221;color-white&#8221; heading_semantic=&#8221;h1&#8243; text_transform=&#8221;uppercase&#8221; css_animation=&#8221;typewriter&#8221; animation_delay=&#8221;400&#8243; interval_animation=&#8221;20&#8243; uncode_shortcode_id=&#8221;250610&#8243; text_color_type=&#8221;uncode-palette&#8221;]\u00c0 propos de nous[\/vc_custom_heading][\/vc_column_inner][\/vc_row_inner][\/vc_column][\/vc_row][vc_row row_height_percent=&#8221;0&#8243; override_padding=&#8221;yes&#8221; h_padding=&#8221;2&#8243; top_padding=&#8221;4&#8243; bottom_padding=&#8221;4&#8243; back_color=&#8221;color-bg-blue&#8221; overlay_alpha=&#8221;50&#8243; gutter_size=&#8221;3&#8243; column_width_percent=&#8221;100&#8243; shift_y=&#8221;0&#8243; z_index=&#8221;0&#8243; bottom_divider=&#8221;step&#8221; uncode_shortcode_id=&#8221;873952&#8243; back_color_type=&#8221;uncode-palette&#8221;][vc_column column_width_percent=&#8221;100&#8243; gutter_size=&#8221;3&#8243; overlay_alpha=&#8221;50&#8243; shift_x=&#8221;0&#8243; shift_y=&#8221;0&#8243; shift_y_down=&#8221;0&#8243; z_index=&#8221;0&#8243; medium_width=&#8221;0&#8243; mobile_width=&#8221;0&#8243; css_animation=&#8221;alpha-anim&#8221; width=&#8221;1\/1&#8243; uncode_shortcode_id=&#8221;687338&#8243;][vc_custom_heading text_color=&#8221;color-white&#8221; text_transform=&#8221;uppercase&#8221; uncode_shortcode_id=&#8221;103316&#8243; text_color_type=&#8221;uncode-palette&#8221;]\u00c9changeurs de chaleur de pointe[\/vc_custom_heading][vc_column_text text_lead=&#8221;small&#8221; text_color=&#8221;color-white&#8221; uncode_shortcode_id=&#8221;175665&#8243; text_color_type=&#8221;uncode-palette&#8221;]Sur les march\u00e9s italien et \u00e9trangers, Wieland Onda est aujourd\u2019hui reconnue comme l\u2019une des entreprises leaders dans le secteur de la production de diff\u00e9rents types d\u2019\u00e9changeurs de chaleur.<\/p>\n<p>Les secteurs de r\u00e9f\u00e9rence de l\u2019entreprise et ses principaux segments de march\u00e9 sont ceux de la climatisation et de la r\u00e9frig\u00e9ration, ou plus g\u00e9n\u00e9ralement de l\u2019ensemble du secteur des <strong>syst\u00e8mes HVAC<\/strong>, au sein duquel, gr\u00e2ce \u00e0 son excellent savoir-faire, Wieland Onda compte aujourd\u2019hui au nombre de ses clients les principaux constructeurs internationaux.<\/p>\n<p>Aujourd\u2019hui, forte de ses trois d\u00e9cennies d\u2019exp\u00e9rience comme <strong>fabricant d\u2019\u00e9changeurs de chaleur<\/strong>, de sa connaissance approfondie du secteur et de son grand professionnalisme, Wieland Onda est en mesure de r\u00e9pondre aux exigences de nombreux march\u00e9s et secteurs.[\/vc_column_text][\/vc_column][\/vc_row][vc_row unlock_row_content=&#8221;yes&#8221; row_height_percent=&#8221;0&#8243; override_padding=&#8221;yes&#8221; h_padding=&#8221;0&#8243; top_padding=&#8221;0&#8243; bottom_padding=&#8221;0&#8243; overlay_alpha=&#8221;50&#8243; equal_height=&#8221;yes&#8221; gutter_size=&#8221;0&#8243; column_width_percent=&#8221;100&#8243; shift_y=&#8221;0&#8243; z_index=&#8221;0&#8243; el_class=&#8221;inverted-device-order&#8221;][vc_column column_width_use_pixel=&#8221;yes&#8221; gutter_size=&#8221;3&#8243; override_padding=&#8221;yes&#8221; column_padding=&#8221;5&#8243; overlay_alpha=&#8221;50&#8243; shift_x=&#8221;0&#8243; shift_y=&#8221;0&#8243; shift_y_down=&#8221;0&#8243; z_index=&#8221;0&#8243; medium_width=&#8221;0&#8243; mobile_width=&#8221;0&#8243; width=&#8221;1\/2&#8243; column_width_pixel=&#8221;528&#8243;][vc_column_text text_lead=&#8221;small&#8221; uncode_shortcode_id=&#8221;985229&#8243;]La production de Wieland Onda est r\u00e9partie sur cinq sites, deux \u00e0 <strong>Mussolente<\/strong> et un \u00e0 <strong>Lonigo<\/strong> (Italie), un aux <strong>\u00c9tats-Unis<\/strong> (Delaware, OHIO) et un en Finlande (Tampere, Finlande). L\u2019usine de Lonigo, qui occupe une surface d\u2019environ 9 000 m\u00b2, fabrique des \u00e9changeurs de chaleur \u00e0 air et \u00e0 faisceau tubulaire.[\/vc_column_text][\/vc_column][vc_column column_width_percent=&#8221;100&#8243; gutter_size=&#8221;3&#8243; back_image=&#8221;7969&#8243; overlay_alpha=&#8221;50&#8243; shift_x=&#8221;0&#8243; shift_y=&#8221;0&#8243; shift_y_down=&#8221;0&#8243; z_index=&#8221;0&#8243; medium_width=&#8221;0&#8243; mobile_width=&#8221;0&#8243; css_animation=&#8221;right-t-left&#8221; width=&#8221;1\/2&#8243; mobile_height=&#8221;340&#8243; uncode_shortcode_id=&#8221;111973&#8243;][\/vc_column][\/vc_row][vc_row unlock_row_content=&#8221;yes&#8221; row_height_percent=&#8221;0&#8243; override_padding=&#8221;yes&#8221; h_padding=&#8221;0&#8243; top_padding=&#8221;0&#8243; bottom_padding=&#8221;0&#8243; overlay_alpha=&#8221;50&#8243; equal_height=&#8221;yes&#8221; gutter_size=&#8221;0&#8243; column_width_percent=&#8221;100&#8243; shift_y=&#8221;0&#8243; z_index=&#8221;0&#8243;][vc_column column_width_percent=&#8221;100&#8243; gutter_size=&#8221;3&#8243; back_image=&#8221;7976&#8243; overlay_alpha=&#8221;50&#8243; shift_x=&#8221;0&#8243; shift_y=&#8221;0&#8243; shift_y_down=&#8221;0&#8243; z_index=&#8221;0&#8243; medium_width=&#8221;0&#8243; mobile_width=&#8221;0&#8243; css_animation=&#8221;left-t-right&#8221; width=&#8221;1\/2&#8243; mobile_height=&#8221;340&#8243; uncode_shortcode_id=&#8221;173097&#8243;][\/vc_column][vc_column column_width_use_pixel=&#8221;yes&#8221; gutter_size=&#8221;3&#8243; override_padding=&#8221;yes&#8221; column_padding=&#8221;5&#8243; overlay_alpha=&#8221;50&#8243; shift_x=&#8221;0&#8243; shift_y=&#8221;0&#8243; shift_y_down=&#8221;0&#8243; z_index=&#8221;0&#8243; medium_width=&#8221;0&#8243; mobile_width=&#8221;0&#8243; width=&#8221;1\/2&#8243; column_width_pixel=&#8221;528&#8243;][vc_column_text text_lead=&#8221;small&#8221; uncode_shortcode_id=&#8221;321034&#8243;]Celles de Mussolente s\u2019occupent des usinages m\u00e9caniques, de la fabrication d\u2019\u00e9changeurs de chaleur \u00e0 plaques bras\u00e9es et \u00e0 plaques et joints, ainsi que de la construction de grands \u00e9quipements \u00e0 usage industriel. L\u2019ensemble de ces sites couvrent <strong>une surface d\u2019environ 23 000 m\u00b2<\/strong>.<\/p>\n<p>Wieland Onda dispose, au sein de son \u00e9tablissement, d\u2019un <strong>laboratoire moderne<\/strong>, enti\u00e8rement \u00e9quip\u00e9 pour l\u2019ex\u00e9cution d\u2019essais tests sur la performance thermique. Elle a \u00e9galement b\u00e9n\u00e9fici\u00e9, au fil du temps, d\u2019importantes collaborations fructueuses avec des organismes de recherche, des professionnels et des universit\u00e9s.[\/vc_column_text][\/vc_column][\/vc_row][vc_row unlock_row_content=&#8221;yes&#8221; row_height_percent=&#8221;0&#8243; override_padding=&#8221;yes&#8221; h_padding=&#8221;0&#8243; top_padding=&#8221;0&#8243; bottom_padding=&#8221;0&#8243; overlay_alpha=&#8221;50&#8243; equal_height=&#8221;yes&#8221; gutter_size=&#8221;0&#8243; column_width_percent=&#8221;100&#8243; shift_y=&#8221;0&#8243; z_index=&#8221;0&#8243; el_class=&#8221;inverted-device-order&#8221;][vc_column column_width_use_pixel=&#8221;yes&#8221; gutter_size=&#8221;3&#8243; override_padding=&#8221;yes&#8221; column_padding=&#8221;5&#8243; overlay_alpha=&#8221;50&#8243; shift_x=&#8221;0&#8243; shift_y=&#8221;0&#8243; shift_y_down=&#8221;0&#8243; z_index=&#8221;0&#8243; medium_width=&#8221;0&#8243; mobile_width=&#8221;0&#8243; width=&#8221;1\/2&#8243; column_width_pixel=&#8221;528&#8243;][vc_column_text text_lead=&#8221;small&#8221; uncode_shortcode_id=&#8221;137641&#8243;]Les \u00e9changeurs de chaleur Wieland Onda sont conformes aux <strong>principales directives internationales en mati\u00e8re d\u2019\u00e9quipements sous pression<\/strong> (DESP, ASME, TEMA, et d\u2019autres). Sur demande, Wieland Onda est \u00e9galement en mesure d\u2019obtenir l\u2019approbation de ses \u00e9quipements aupr\u00e8s des principales soci\u00e9t\u00e9s de <strong>classification des navires<\/strong> (RINA, DNV-GL, ABS, BVM, LRS et d\u2019autres).<\/p>\n<p>Le professionnalisme de Wieland Onda et sa connaissance m\u00e9ticuleuse des r\u00e8glements en mati\u00e8re de commercialisation d\u2019\u00e9quipements sous pression lui permettent de recevoir et de satisfaire \u00e0 toutes les demandes <strong>de mise en conformit\u00e9 de ses produits \u00e0 des normes internationales sp\u00e9cifiques<\/strong>.[\/vc_column_text][\/vc_column][vc_column column_width_percent=&#8221;100&#8243; gutter_size=&#8221;3&#8243; back_image=&#8221;7983&#8243; overlay_alpha=&#8221;50&#8243; shift_x=&#8221;0&#8243; shift_y=&#8221;0&#8243; shift_y_down=&#8221;0&#8243; z_index=&#8221;0&#8243; medium_width=&#8221;0&#8243; mobile_width=&#8221;0&#8243; css_animation=&#8221;right-t-left&#8221; width=&#8221;1\/2&#8243; mobile_height=&#8221;340&#8243; uncode_shortcode_id=&#8221;654675&#8243;][\/vc_column][\/vc_row][vc_row row_height_percent=&#8221;0&#8243; override_padding=&#8221;yes&#8221; h_padding=&#8221;2&#8243; top_padding=&#8221;4&#8243; bottom_padding=&#8221;2&#8243; overlay_alpha=&#8221;50&#8243; gutter_size=&#8221;3&#8243; column_width_percent=&#8221;100&#8243; shift_y=&#8221;0&#8243; z_index=&#8221;0&#8243; bottom_divider=&#8221;step&#8221; uncode_shortcode_id=&#8221;619178&#8243;][vc_column column_width_percent=&#8221;100&#8243; gutter_size=&#8221;3&#8243; overlay_alpha=&#8221;50&#8243; shift_x=&#8221;0&#8243; shift_y=&#8221;0&#8243; shift_y_down=&#8221;0&#8243; z_index=&#8221;0&#8243; medium_width=&#8221;0&#8243; mobile_width=&#8221;0&#8243; css_animation=&#8221;alpha-anim&#8221; width=&#8221;1\/1&#8243; uncode_shortcode_id=&#8221;102791&#8243;][vc_custom_heading text_color=&#8221;color-bg-blue&#8221; text_transform=&#8221;uppercase&#8221; uncode_shortcode_id=&#8221;541051&#8243; text_color_type=&#8221;uncode-palette&#8221;]Qualit\u00e9 et certifications[\/vc_custom_heading][vc_column_text text_lead=&#8221;small&#8221; uncode_shortcode_id=&#8221;173603&#8243;]Wieland Onda est <strong>certifi\u00e9e ISO 9001<\/strong> depuis 1996 et b\u00e9n\u00e9ficient des homologations suivantes:<\/p>\n<p>Directive europ\u00e9enne \u00e9quipements sous pression (DESP) pour les produits marqu\u00e9s CE<br \/>\nModules H H1 de qualit\u00e9 DESP CE pour la conception et la fabrication de r\u00e9cipients sous pression et d\u2019\u00e9changeurs de chaleur<br \/>\nD\u00e9claration EAC pour la F\u00e9d\u00e9ration de Russie de tous les produits<br \/>\nDirective PER (Pressure Equipment Regulation) pour les produits de la marque UKCA<br \/>\nModules H H1 de qualit\u00e9 PER UKCA pour la conception et la production de r\u00e9cipients sous pression et d\u2019\u00e9changeurs de chaleur[\/vc_column_text][vc_empty_space empty_h=&#8221;2&#8243;][vc_custom_heading text_color=&#8221;color-bg-blue&#8221; heading_semantic=&#8221;h3&#8243; text_size=&#8221;h3&#8243; text_transform=&#8221;uppercase&#8221; uncode_shortcode_id=&#8221;111006&#8243; text_color_type=&#8221;uncode-palette&#8221;]Onda est \u00e9galement un fournisseur certifi\u00e9 par:[\/vc_custom_heading][\/vc_column][\/vc_row][vc_row row_height_percent=&#8221;0&#8243; override_padding=&#8221;yes&#8221; h_padding=&#8221;2&#8243; top_padding=&#8221;0&#8243; bottom_padding=&#8221;4&#8243; overlay_alpha=&#8221;50&#8243; equal_height=&#8221;yes&#8221; gutter_size=&#8221;3&#8243; column_width_percent=&#8221;100&#8243; shift_y=&#8221;0&#8243; z_index=&#8221;0&#8243; top_divider=&#8221;gradient&#8221; bottom_divider=&#8221;step_2_3&#8243; uncode_shortcode_id=&#8221;220989&#8243;][vc_column column_width_percent=&#8221;100&#8243; position_vertical=&#8221;middle&#8221; gutter_size=&#8221;4&#8243; overlay_alpha=&#8221;50&#8243; shift_x=&#8221;0&#8243; shift_y=&#8221;0&#8243; shift_y_down=&#8221;0&#8243; z_index=&#8221;0&#8243; medium_width=&#8221;0&#8243; mobile_width=&#8221;0&#8243; css_animation=&#8221;left-t-right&#8221; width=&#8221;1\/2&#8243; uncode_shortcode_id=&#8221;773336&#8243;][vc_single_image media=&#8221;8047&#8243; media_width_percent=&#8221;100&#8243; uncode_shortcode_id=&#8221;629284&#8243;][\/vc_column][vc_column column_width_percent=&#8221;100&#8243; gutter_size=&#8221;3&#8243; overlay_alpha=&#8221;50&#8243; shift_x=&#8221;0&#8243; shift_y=&#8221;0&#8243; shift_y_down=&#8221;0&#8243; z_index=&#8221;0&#8243; medium_width=&#8221;0&#8243; mobile_width=&#8221;0&#8243; css_animation=&#8221;right-t-left&#8221; width=&#8221;1\/2&#8243; uncode_shortcode_id=&#8221;201628&#8243;][vc_single_image media=&#8221;8054&#8243; media_width_percent=&#8221;100&#8243; uncode_shortcode_id=&#8221;732410&#8243;][\/vc_column][\/vc_row][vc_row][vc_column width=&#8221;1\/1&#8243;][uncode_block id=&#8221;2918&#8243;][\/vc_column][\/vc_row][vc_row][vc_column width=&#8221;1\/1&#8243;][uncode_block id=&#8221;2589&#8243;][\/vc_column][\/vc_row]<\/p>\n","protected":false},"excerpt":{"rendered":"<p>[vc_row row_height_percent=&#8221;60&#8243; override_padding=&#8221;yes&#8221; h_padding=&#8221;2&#8243; top_padding=&#8221;3&#8243; bottom_padding=&#8221;3&#8243; back_image=&#8221;2958&#8243; back_position=&#8221;center bottom&#8221; overlay_alpha=&#8221;0&#8243; equal_height=&#8221;yes&#8221; gutter_size=&#8221;3&#8243; column_width_percent=&#8221;100&#8243; shift_y=&#8221;0&#8243; z_index=&#8221;0&#8243; top_divider=&#8221;gradient&#8221; bottom_divider=&#8221;gradient&#8221; uncode_shortcode_id=&#8221;117880&#8243;][vc_column column_width_percent=&#8221;100&#8243; position_vertical=&#8221;bottom&#8221; [&hellip;]<\/p>\n","protected":false},"author":1,"featured_media":0,"parent":0,"menu_order":0,"comment_status":"closed","ping_status":"closed","template":"","meta":{"footnotes":""},"acf":[],"yoast_head":"<!-- This site is optimized with the Yoast SEO plugin v23.4 - https:\/\/yoast.com\/wordpress\/plugins\/seo\/ -->\n<title>Syst\u00e8mes CVC pour applications industrielles | \u00c0 propos de nous | Wieland Onda Mussolente<\/title>\n<meta name=\"description\" content=\"Wieland Onda Mussolente, active dans le secteur des syst\u00e8mes CVC\/R, compte au nombre de ses clients les principaux constructeurs internationaux.\" \/>\n<meta name=\"robots\" content=\"index, follow, max-snippet:-1, max-image-preview:large, max-video-preview:-1\" \/>\n<link rel=\"canonical\" href=\"https:\/\/www.onda-it.com\/fra\/entreprise\/\" \/>\n<meta property=\"og:locale\" content=\"fr_FR\" \/>\n<meta property=\"og:type\" content=\"article\" \/>\n<meta property=\"og:title\" content=\"Syst\u00e8mes CVC pour applications industrielles | \u00c0 propos de nous | Wieland Onda Mussolente\" \/>\n<meta property=\"og:description\" content=\"Wieland Onda Mussolente, active dans le secteur des syst\u00e8mes CVC\/R, compte au nombre de ses clients les principaux constructeurs internationaux.\" \/>\n<meta property=\"og:url\" content=\"https:\/\/www.onda-it.com\/fra\/entreprise\/\" \/>\n<meta property=\"og:site_name\" content=\"Wieland Onda Srl\" \/>\n<meta property=\"article:modified_time\" content=\"2025-03-14T08:17:54+00:00\" \/>\n<meta name=\"twitter:card\" content=\"summary_large_image\" \/>\n<meta name=\"twitter:label1\" content=\"Est. reading time\" \/>\n\t<meta name=\"twitter:data1\" content=\"5 minutes\" \/>\n<script type=\"application\/ld+json\" class=\"yoast-schema-graph\">{\"@context\":\"https:\/\/schema.org\",\"@graph\":[{\"@type\":\"WebPage\",\"@id\":\"https:\/\/www.onda-it.com\/fra\/entreprise\/\",\"url\":\"https:\/\/www.onda-it.com\/fra\/entreprise\/\",\"name\":\"Syst\u00e8mes CVC pour applications industrielles | \u00c0 propos de nous | Wieland Onda Mussolente\",\"isPartOf\":{\"@id\":\"https:\/\/www.onda-it.com\/fra\/#website\"},\"datePublished\":\"2022-10-24T09:58:50+00:00\",\"dateModified\":\"2025-03-14T08:17:54+00:00\",\"description\":\"Wieland Onda Mussolente, active dans le secteur des syst\u00e8mes CVC\/R, compte au nombre de ses clients les principaux constructeurs internationaux.\",\"breadcrumb\":{\"@id\":\"https:\/\/www.onda-it.com\/fra\/entreprise\/#breadcrumb\"},\"inLanguage\":\"fr\",\"potentialAction\":[{\"@type\":\"ReadAction\",\"target\":[\"https:\/\/www.onda-it.com\/fra\/entreprise\/\"]}]},{\"@type\":\"BreadcrumbList\",\"@id\":\"https:\/\/www.onda-it.com\/fra\/entreprise\/#breadcrumb\",\"itemListElement\":[{\"@type\":\"ListItem\",\"position\":1,\"name\":\"Home\",\"item\":\"https:\/\/www.onda-it.com\/fra\/\"},{\"@type\":\"ListItem\",\"position\":2,\"name\":\"Entreprise\"}]},{\"@type\":\"WebSite\",\"@id\":\"https:\/\/www.onda-it.com\/fra\/#website\",\"url\":\"https:\/\/www.onda-it.com\/fra\/\",\"name\":\"Wieland Onda Srl\",\"description\":\"Onda - Advanced Heat Transfer Solution\",\"publisher\":{\"@id\":\"https:\/\/www.onda-it.com\/fra\/#organization\"},\"potentialAction\":[{\"@type\":\"SearchAction\",\"target\":{\"@type\":\"EntryPoint\",\"urlTemplate\":\"https:\/\/www.onda-it.com\/fra\/?s={search_term_string}\"},\"query-input\":{\"@type\":\"PropertyValueSpecification\",\"valueRequired\":true,\"valueName\":\"search_term_string\"}}],\"inLanguage\":\"fr\"},{\"@type\":\"Organization\",\"@id\":\"https:\/\/www.onda-it.com\/fra\/#organization\",\"name\":\"Wieland Onda Srl\",\"url\":\"https:\/\/www.onda-it.com\/fra\/\",\"logo\":{\"@type\":\"ImageObject\",\"inLanguage\":\"fr\",\"@id\":\"https:\/\/www.onda-it.com\/fra\/#\/schema\/logo\/image\/\",\"url\":\"\",\"contentUrl\":\"\",\"caption\":\"Wieland Onda Srl\"},\"image\":{\"@id\":\"https:\/\/www.onda-it.com\/fra\/#\/schema\/logo\/image\/\"},\"sameAs\":[\"https:\/\/www.linkedin.com\/company\/onda-s.p.a.\"]}]}<\/script>\n<!-- \/ Yoast SEO plugin. -->","yoast_head_json":{"title":"Syst\u00e8mes CVC pour applications industrielles | \u00c0 propos de nous | Wieland Onda Mussolente","description":"Wieland Onda Mussolente, active dans le secteur des syst\u00e8mes CVC\/R, compte au nombre de ses clients les principaux constructeurs internationaux.","robots":{"index":"index","follow":"follow","max-snippet":"max-snippet:-1","max-image-preview":"max-image-preview:large","max-video-preview":"max-video-preview:-1"},"canonical":"https:\/\/www.onda-it.com\/fra\/entreprise\/","og_locale":"fr_FR","og_type":"article","og_title":"Syst\u00e8mes CVC pour applications industrielles | \u00c0 propos de nous | Wieland Onda Mussolente","og_description":"Wieland Onda Mussolente, active dans le secteur des syst\u00e8mes CVC\/R, compte au nombre de ses clients les principaux constructeurs internationaux.","og_url":"https:\/\/www.onda-it.com\/fra\/entreprise\/","og_site_name":"Wieland Onda Srl","article_modified_time":"2025-03-14T08:17:54+00:00","twitter_card":"summary_large_image","twitter_misc":{"Est. reading time":"5 minutes"},"schema":{"@context":"https:\/\/schema.org","@graph":[{"@type":"WebPage","@id":"https:\/\/www.onda-it.com\/fra\/entreprise\/","url":"https:\/\/www.onda-it.com\/fra\/entreprise\/","name":"Syst\u00e8mes CVC pour applications industrielles | \u00c0 propos de nous | Wieland Onda Mussolente","isPartOf":{"@id":"https:\/\/www.onda-it.com\/fra\/#website"},"datePublished":"2022-10-24T09:58:50+00:00","dateModified":"2025-03-14T08:17:54+00:00","description":"Wieland Onda Mussolente, active dans le secteur des syst\u00e8mes CVC\/R, compte au nombre de ses clients les principaux constructeurs internationaux.","breadcrumb":{"@id":"https:\/\/www.onda-it.com\/fra\/entreprise\/#breadcrumb"},"inLanguage":"fr","potentialAction":[{"@type":"ReadAction","target":["https:\/\/www.onda-it.com\/fra\/entreprise\/"]}]},{"@type":"BreadcrumbList","@id":"https:\/\/www.onda-it.com\/fra\/entreprise\/#breadcrumb","itemListElement":[{"@type":"ListItem","position":1,"name":"Home","item":"https:\/\/www.onda-it.com\/fra\/"},{"@type":"ListItem","position":2,"name":"Entreprise"}]},{"@type":"WebSite","@id":"https:\/\/www.onda-it.com\/fra\/#website","url":"https:\/\/www.onda-it.com\/fra\/","name":"Wieland Onda Srl","description":"Onda - Advanced Heat Transfer Solution","publisher":{"@id":"https:\/\/www.onda-it.com\/fra\/#organization"},"potentialAction":[{"@type":"SearchAction","target":{"@type":"EntryPoint","urlTemplate":"https:\/\/www.onda-it.com\/fra\/?s={search_term_string}"},"query-input":{"@type":"PropertyValueSpecification","valueRequired":true,"valueName":"search_term_string"}}],"inLanguage":"fr"},{"@type":"Organization","@id":"https:\/\/www.onda-it.com\/fra\/#organization","name":"Wieland Onda Srl","url":"https:\/\/www.onda-it.com\/fra\/","logo":{"@type":"ImageObject","inLanguage":"fr","@id":"https:\/\/www.onda-it.com\/fra\/#\/schema\/logo\/image\/","url":"","contentUrl":"","caption":"Wieland Onda Srl"},"image":{"@id":"https:\/\/www.onda-it.com\/fra\/#\/schema\/logo\/image\/"},"sameAs":["https:\/\/www.linkedin.com\/company\/onda-s.p.a."]}]}},"_links":{"self":[{"href":"https:\/\/www.onda-it.com\/fra\/wp-json\/wp\/v2\/pages\/7780"}],"collection":[{"href":"https:\/\/www.onda-it.com\/fra\/wp-json\/wp\/v2\/pages"}],"about":[{"href":"https:\/\/www.onda-it.com\/fra\/wp-json\/wp\/v2\/types\/page"}],"author":[{"embeddable":true,"href":"https:\/\/www.onda-it.com\/fra\/wp-json\/wp\/v2\/users\/1"}],"replies":[{"embeddable":true,"href":"https:\/\/www.onda-it.com\/fra\/wp-json\/wp\/v2\/comments?post=7780"}],"version-history":[{"count":8,"href":"https:\/\/www.onda-it.com\/fra\/wp-json\/wp\/v2\/pages\/7780\/revisions"}],"predecessor-version":[{"id":16541,"href":"https:\/\/www.onda-it.com\/fra\/wp-json\/wp\/v2\/pages\/7780\/revisions\/16541"}],"wp:attachment":[{"href":"https:\/\/www.onda-it.com\/fra\/wp-json\/wp\/v2\/media?parent=7780"}],"curies":[{"name":"wp","href":"https:\/\/api.w.org\/{rel}","templated":true}]}}