{"id":583,"date":"2022-09-28T12:59:34","date_gmt":"2022-09-28T10:59:34","guid":{"rendered":"https:\/\/www.onda-it.com\/?page_id=583"},"modified":"2025-03-12T11:10:16","modified_gmt":"2025-03-12T10:10:16","slug":"home","status":"publish","type":"page","link":"https:\/\/www.onda-it.com\/fra\/","title":{"rendered":"Home"},"content":{"rendered":"<p>[vc_row][vc_column width=&#8221;1\/1&#8243;][uncode_block id=&#8221;15407&#8243;][\/vc_column][\/vc_row][vc_row row_height_percent=&#8221;0&#8243; override_padding=&#8221;yes&#8221; h_padding=&#8221;2&#8243; top_padding=&#8221;3&#8243; bottom_padding=&#8221;3&#8243; overlay_alpha=&#8221;50&#8243; gutter_size=&#8221;3&#8243; column_width_percent=&#8221;100&#8243; shift_y=&#8221;0&#8243; z_index=&#8221;0&#8243; el_class=&#8221;inverted-device-order&#8221; uncode_shortcode_id=&#8221;129879&#8243;][vc_column column_width_percent=&#8221;100&#8243; position_vertical=&#8221;middle&#8221; gutter_size=&#8221;3&#8243; overlay_alpha=&#8221;50&#8243; shift_x=&#8221;0&#8243; shift_y=&#8221;0&#8243; shift_y_down=&#8221;0&#8243; z_index=&#8221;0&#8243; align_medium=&#8221;align_center_tablet&#8221; medium_width=&#8221;0&#8243; align_mobile=&#8221;align_center_mobile&#8221; mobile_width=&#8221;0&#8243; width=&#8221;5\/12&#8243; uncode_shortcode_id=&#8221;917379&#8243;][vc_custom_heading heading_semantic=&#8221;h1&#8243; text_transform=&#8221;uppercase&#8221; uncode_shortcode_id=&#8221;493835&#8243;]\u00c9changeurs de chaleur de pointe[\/vc_custom_heading][vc_column_text uncode_shortcode_id=&#8221;249329&#8243;]Depuis plus de 30 ans, l\u2019entreprise Wieland Onda est l\u2019un des principaux fabricants de solutions pour l\u2019<strong>\u00e9change thermique<\/strong>, destin\u00e9es aux applications de climatisation et de r\u00e9frig\u00e9ration industrielles.[\/vc_column_text][vc_button button_color=&#8221;accent&#8221; hover_fx=&#8221;outlined&#8221; border_width=&#8221;0&#8243; link=&#8221;url:%2Ffra%2Fentreprise%2F|title:%C3%80%20propos%20de%20nous&#8221; button_color_type=&#8221;uncode-palette&#8221; uncode_shortcode_id=&#8221;387983&#8243;]\u00c0 propos de nous[\/vc_button][\/vc_column][vc_column width=&#8221;7\/12&#8243;][vc_gallery el_id=&#8221;gallery-home&#8221; type=&#8221;carousel&#8221; medias=&#8221;5308,5301,5294&#8243; carousel_lg=&#8221;1&#8243; carousel_md=&#8221;1&#8243; carousel_sm=&#8221;1&#8243; thumb_size=&#8221;one-one&#8221; gutter_size=&#8221;3&#8243; inner_padding=&#8221;yes&#8221; media_items=&#8221;media|nolink|original&#8221; carousel_v_align=&#8221;middle&#8221; carousel_interval=&#8221;3000&#8243; carousel_navspeed=&#8221;400&#8243; carousel_loop=&#8221;yes&#8221; carousel_nav=&#8221;yes&#8221; carousel_nav_mobile=&#8221;yes&#8221; carousel_dots=&#8221;yes&#8221; carousel_dots_mobile=&#8221;yes&#8221; stage_padding=&#8221;0&#8243; single_overlay_opacity=&#8221;1&#8243; single_overlay_anim=&#8221;no&#8221; single_image_anim=&#8221;no&#8221; single_h_align=&#8221;center&#8221; single_reduced=&#8221;limit-width&#8221; single_padding=&#8221;2&#8243; uncode_shortcode_id=&#8221;642536&#8243; el_class=&#8221;carousel-gallery carousel-nav-bottom bg-circle-red&#8221; items=&#8221;eyI1Mjk0X2kiOnsic2luZ2xlX2xpbmsiOiJ1cmw6JTJGZnJhJTJGcHJvZHVpdHMlMkZlY2hhbmdldXJzLWRlLWNoYWxldXItYS1wbGFxdWVzLWJyYXNlZXMlMkZub3V2ZWwtZXZhcG9yYXRldXItYS1wbGFxdWVzLXM3MjclMkYifSwiNTMwMV9pIjp7InNpbmdsZV9saW5rIjoidXJsOiUyRmZyYSUyRnByb2R1aXRzJTJGZWNoYW5nZXVycy1kZS1jaGFsZXVyLWEtYWlyJTJGIn19&#8243;][\/vc_column][\/vc_row][vc_row][vc_column width=&#8221;1\/1&#8243;][uncode_block id=&#8221;7869&#8243;][\/vc_column][\/vc_row][vc_row unlock_row_content=&#8221;yes&#8221; row_height_percent=&#8221;0&#8243; override_padding=&#8221;yes&#8221; h_padding=&#8221;0&#8243; top_padding=&#8221;0&#8243; bottom_padding=&#8221;0&#8243; overlay_alpha=&#8221;50&#8243; gutter_size=&#8221;0&#8243; column_width_percent=&#8221;100&#8243; shift_y=&#8221;0&#8243; z_index=&#8221;0&#8243; uncode_shortcode_id=&#8221;165422&#8243; el_class=&#8221;php-row-container&#8221;][vc_column width=&#8221;1\/1&#8243;][vc_raw_html]JTVCeHl6LWlwcyUyMHNuaXBwZXQlM0QlMjJyb3ctbnVtYmVyLWNvdW50ZXIlMjIlNUQ=[\/vc_raw_html][\/vc_column][\/vc_row][vc_row row_height_percent=&#8221;0&#8243; override_padding=&#8221;yes&#8221; h_padding=&#8221;2&#8243; top_padding=&#8221;3&#8243; bottom_padding=&#8221;3&#8243; overlay_alpha=&#8221;50&#8243; gutter_size=&#8221;3&#8243; column_width_percent=&#8221;100&#8243; shift_y=&#8221;0&#8243; z_index=&#8221;0&#8243; el_class=&#8221;inverted-device-order nascondi&#8221; uncode_shortcode_id=&#8221;148295&#8243;][vc_column column_width_percent=&#8221;100&#8243; position_vertical=&#8221;middle&#8221; gutter_size=&#8221;3&#8243; overlay_alpha=&#8221;50&#8243; shift_x=&#8221;0&#8243; shift_y=&#8221;0&#8243; shift_y_down=&#8221;0&#8243; z_index=&#8221;0&#8243; align_medium=&#8221;align_center_tablet&#8221; medium_width=&#8221;0&#8243; align_mobile=&#8221;align_center_mobile&#8221; mobile_width=&#8221;0&#8243; width=&#8221;5\/12&#8243; uncode_shortcode_id=&#8221;145067&#8243;][vc_custom_heading heading_semantic=&#8221;h3&#8243; uncode_shortcode_id=&#8221;472030&#8243;]SECTION T\u00c9L\u00c9CHARGEMENTS[\/vc_custom_heading][vc_column_text uncode_shortcode_id=&#8221;741831&#8243;]T\u00e9l\u00e9chargez tous nos documents d\u2019information sur nos produits au format PDF et nos logiciels de s\u00e9lection. [\/vc_column_text][vc_button button_color=&#8221;accent&#8221; hover_fx=&#8221;outlined&#8221; border_width=&#8221;0&#8243; link=&#8221;url:%2Ffra%2Ftelechargement%2F|title:T%C3%A9l%C3%A9chargement&#8221; button_color_type=&#8221;uncode-palette&#8221; uncode_shortcode_id=&#8221;147563&#8243;]Vers la section t\u00e9l\u00e9chargements[\/vc_button][\/vc_column][vc_column width=&#8221;7\/12&#8243;][vc_single_image media=&#8221;1941&#8243; media_width_percent=&#8221;100&#8243; media_ratio=&#8221;sixteen-nine&#8221; uncode_shortcode_id=&#8221;146447&#8243;][\/vc_column][\/vc_row][vc_row][vc_column width=&#8221;1\/1&#8243;][uncode_block id=&#8221;2918&#8243;][\/vc_column][\/vc_row][vc_row][vc_column width=&#8221;1\/1&#8243;][uncode_block id=&#8221;2589&#8243;][\/vc_column][\/vc_row]<\/p>\n","protected":false},"excerpt":{"rendered":"<p>[vc_row][vc_column width=&#8221;1\/1&#8243;][uncode_block id=&#8221;15407&#8243;][\/vc_column][\/vc_row][vc_row row_height_percent=&#8221;0&#8243; override_padding=&#8221;yes&#8221; h_padding=&#8221;2&#8243; top_padding=&#8221;3&#8243; bottom_padding=&#8221;3&#8243; overlay_alpha=&#8221;50&#8243; gutter_size=&#8221;3&#8243; column_width_percent=&#8221;100&#8243; shift_y=&#8221;0&#8243; z_index=&#8221;0&#8243; el_class=&#8221;inverted-device-order&#8221; uncode_shortcode_id=&#8221;129879&#8243;][vc_column column_width_percent=&#8221;100&#8243; position_vertical=&#8221;middle&#8221; gutter_size=&#8221;3&#8243; overlay_alpha=&#8221;50&#8243; shift_x=&#8221;0&#8243; [&hellip;]<\/p>\n","protected":false},"author":1,"featured_media":0,"parent":0,"menu_order":0,"comment_status":"closed","ping_status":"closed","template":"","meta":{"footnotes":""},"acf":[],"yoast_head":"<!-- This site is optimized with the Yoast SEO plugin v23.4 - https:\/\/yoast.com\/wordpress\/plugins\/seo\/ -->\n<title>Home - Wieland Onda Srl<\/title>\n<meta name=\"robots\" content=\"index, follow, max-snippet:-1, max-image-preview:large, max-video-preview:-1\" \/>\n<link rel=\"canonical\" href=\"https:\/\/www.onda-it.com\/fra\/\" \/>\n<meta property=\"og:locale\" content=\"fr_FR\" \/>\n<meta property=\"og:type\" content=\"article\" \/>\n<meta property=\"og:title\" content=\"Home - Wieland Onda Srl\" \/>\n<meta property=\"og:description\" content=\"[vc_row][vc_column width=&#8221;1\/1&#8243;][uncode_block id=&#8221;15407&#8243;][\/vc_column][\/vc_row][vc_row row_height_percent=&#8221;0&#8243; override_padding=&#8221;yes&#8221; h_padding=&#8221;2&#8243; top_padding=&#8221;3&#8243; bottom_padding=&#8221;3&#8243; overlay_alpha=&#8221;50&#8243; gutter_size=&#8221;3&#8243; column_width_percent=&#8221;100&#8243; shift_y=&#8221;0&#8243; z_index=&#8221;0&#8243; el_class=&#8221;inverted-device-order&#8221; uncode_shortcode_id=&#8221;129879&#8243;][vc_column column_width_percent=&#8221;100&#8243; position_vertical=&#8221;middle&#8221; gutter_size=&#8221;3&#8243; overlay_alpha=&#8221;50&#8243; shift_x=&#8221;0&#8243; [&hellip;]\" \/>\n<meta property=\"og:url\" content=\"https:\/\/www.onda-it.com\/fra\/\" \/>\n<meta property=\"og:site_name\" content=\"Wieland Onda Srl\" \/>\n<meta property=\"article:modified_time\" content=\"2025-03-12T10:10:16+00:00\" \/>\n<meta name=\"twitter:card\" content=\"summary_large_image\" \/>\n<meta name=\"twitter:label1\" content=\"Est. reading time\" \/>\n\t<meta name=\"twitter:data1\" content=\"2 minutes\" \/>\n<script type=\"application\/ld+json\" class=\"yoast-schema-graph\">{\"@context\":\"https:\/\/schema.org\",\"@graph\":[{\"@type\":\"WebPage\",\"@id\":\"https:\/\/www.onda-it.com\/fra\/\",\"url\":\"https:\/\/www.onda-it.com\/fra\/\",\"name\":\"Home - Wieland Onda Srl\",\"isPartOf\":{\"@id\":\"https:\/\/www.onda-it.com\/fra\/#website\"},\"datePublished\":\"2022-09-28T10:59:34+00:00\",\"dateModified\":\"2025-03-12T10:10:16+00:00\",\"breadcrumb\":{\"@id\":\"https:\/\/www.onda-it.com\/fra\/#breadcrumb\"},\"inLanguage\":\"fr\",\"potentialAction\":[{\"@type\":\"ReadAction\",\"target\":[\"https:\/\/www.onda-it.com\/fra\/\"]}]},{\"@type\":\"BreadcrumbList\",\"@id\":\"https:\/\/www.onda-it.com\/fra\/#breadcrumb\",\"itemListElement\":[{\"@type\":\"ListItem\",\"position\":1,\"name\":\"Home\",\"item\":\"https:\/\/www.onda-it.com\/fra\/\"},{\"@type\":\"ListItem\",\"position\":2,\"name\":\"Home\"}]},{\"@type\":\"WebSite\",\"@id\":\"https:\/\/www.onda-it.com\/fra\/#website\",\"url\":\"https:\/\/www.onda-it.com\/fra\/\",\"name\":\"Wieland Onda Srl\",\"description\":\"Onda - Advanced Heat Transfer Solution\",\"publisher\":{\"@id\":\"https:\/\/www.onda-it.com\/fra\/#organization\"},\"potentialAction\":[{\"@type\":\"SearchAction\",\"target\":{\"@type\":\"EntryPoint\",\"urlTemplate\":\"https:\/\/www.onda-it.com\/fra\/?s={search_term_string}\"},\"query-input\":{\"@type\":\"PropertyValueSpecification\",\"valueRequired\":true,\"valueName\":\"search_term_string\"}}],\"inLanguage\":\"fr\"},{\"@type\":\"Organization\",\"@id\":\"https:\/\/www.onda-it.com\/fra\/#organization\",\"name\":\"Wieland Onda Srl\",\"url\":\"https:\/\/www.onda-it.com\/fra\/\",\"logo\":{\"@type\":\"ImageObject\",\"inLanguage\":\"fr\",\"@id\":\"https:\/\/www.onda-it.com\/fra\/#\/schema\/logo\/image\/\",\"url\":\"\",\"contentUrl\":\"\",\"caption\":\"Wieland Onda Srl\"},\"image\":{\"@id\":\"https:\/\/www.onda-it.com\/fra\/#\/schema\/logo\/image\/\"},\"sameAs\":[\"https:\/\/www.linkedin.com\/company\/onda-s.p.a.\"]}]}<\/script>\n<!-- \/ Yoast SEO plugin. -->","yoast_head_json":{"title":"Home - Wieland Onda Srl","robots":{"index":"index","follow":"follow","max-snippet":"max-snippet:-1","max-image-preview":"max-image-preview:large","max-video-preview":"max-video-preview:-1"},"canonical":"https:\/\/www.onda-it.com\/fra\/","og_locale":"fr_FR","og_type":"article","og_title":"Home - Wieland Onda Srl","og_description":"[vc_row][vc_column width=&#8221;1\/1&#8243;][uncode_block id=&#8221;15407&#8243;][\/vc_column][\/vc_row][vc_row row_height_percent=&#8221;0&#8243; override_padding=&#8221;yes&#8221; h_padding=&#8221;2&#8243; top_padding=&#8221;3&#8243; bottom_padding=&#8221;3&#8243; overlay_alpha=&#8221;50&#8243; gutter_size=&#8221;3&#8243; column_width_percent=&#8221;100&#8243; shift_y=&#8221;0&#8243; z_index=&#8221;0&#8243; el_class=&#8221;inverted-device-order&#8221; uncode_shortcode_id=&#8221;129879&#8243;][vc_column column_width_percent=&#8221;100&#8243; position_vertical=&#8221;middle&#8221; gutter_size=&#8221;3&#8243; overlay_alpha=&#8221;50&#8243; shift_x=&#8221;0&#8243; [&hellip;]","og_url":"https:\/\/www.onda-it.com\/fra\/","og_site_name":"Wieland Onda Srl","article_modified_time":"2025-03-12T10:10:16+00:00","twitter_card":"summary_large_image","twitter_misc":{"Est. reading time":"2 minutes"},"schema":{"@context":"https:\/\/schema.org","@graph":[{"@type":"WebPage","@id":"https:\/\/www.onda-it.com\/fra\/","url":"https:\/\/www.onda-it.com\/fra\/","name":"Home - Wieland Onda Srl","isPartOf":{"@id":"https:\/\/www.onda-it.com\/fra\/#website"},"datePublished":"2022-09-28T10:59:34+00:00","dateModified":"2025-03-12T10:10:16+00:00","breadcrumb":{"@id":"https:\/\/www.onda-it.com\/fra\/#breadcrumb"},"inLanguage":"fr","potentialAction":[{"@type":"ReadAction","target":["https:\/\/www.onda-it.com\/fra\/"]}]},{"@type":"BreadcrumbList","@id":"https:\/\/www.onda-it.com\/fra\/#breadcrumb","itemListElement":[{"@type":"ListItem","position":1,"name":"Home","item":"https:\/\/www.onda-it.com\/fra\/"},{"@type":"ListItem","position":2,"name":"Home"}]},{"@type":"WebSite","@id":"https:\/\/www.onda-it.com\/fra\/#website","url":"https:\/\/www.onda-it.com\/fra\/","name":"Wieland Onda Srl","description":"Onda - Advanced Heat Transfer Solution","publisher":{"@id":"https:\/\/www.onda-it.com\/fra\/#organization"},"potentialAction":[{"@type":"SearchAction","target":{"@type":"EntryPoint","urlTemplate":"https:\/\/www.onda-it.com\/fra\/?s={search_term_string}"},"query-input":{"@type":"PropertyValueSpecification","valueRequired":true,"valueName":"search_term_string"}}],"inLanguage":"fr"},{"@type":"Organization","@id":"https:\/\/www.onda-it.com\/fra\/#organization","name":"Wieland Onda Srl","url":"https:\/\/www.onda-it.com\/fra\/","logo":{"@type":"ImageObject","inLanguage":"fr","@id":"https:\/\/www.onda-it.com\/fra\/#\/schema\/logo\/image\/","url":"","contentUrl":"","caption":"Wieland Onda Srl"},"image":{"@id":"https:\/\/www.onda-it.com\/fra\/#\/schema\/logo\/image\/"},"sameAs":["https:\/\/www.linkedin.com\/company\/onda-s.p.a."]}]}},"_links":{"self":[{"href":"https:\/\/www.onda-it.com\/fra\/wp-json\/wp\/v2\/pages\/583"}],"collection":[{"href":"https:\/\/www.onda-it.com\/fra\/wp-json\/wp\/v2\/pages"}],"about":[{"href":"https:\/\/www.onda-it.com\/fra\/wp-json\/wp\/v2\/types\/page"}],"author":[{"embeddable":true,"href":"https:\/\/www.onda-it.com\/fra\/wp-json\/wp\/v2\/users\/1"}],"replies":[{"embeddable":true,"href":"https:\/\/www.onda-it.com\/fra\/wp-json\/wp\/v2\/comments?post=583"}],"version-history":[{"count":18,"href":"https:\/\/www.onda-it.com\/fra\/wp-json\/wp\/v2\/pages\/583\/revisions"}],"predecessor-version":[{"id":16445,"href":"https:\/\/www.onda-it.com\/fra\/wp-json\/wp\/v2\/pages\/583\/revisions\/16445"}],"wp:attachment":[{"href":"https:\/\/www.onda-it.com\/fra\/wp-json\/wp\/v2\/media?parent=583"}],"curies":[{"name":"wp","href":"https:\/\/api.w.org\/{rel}","templated":true}]}}