{"id":14257,"date":"2022-10-25T11:21:51","date_gmt":"2022-10-25T09:21:51","guid":{"rendered":"https:\/\/www.onda-it.com\/faq\/"},"modified":"2026-01-20T15:22:45","modified_gmt":"2026-01-20T14:22:45","slug":"faq","status":"publish","type":"page","link":"https:\/\/www.onda-it.com\/fin\/faq\/","title":{"rendered":"FAQ"},"content":{"rendered":"<p>[vc_row][vc_column width=&#8221;1\/1&#8243;][uncode_block id=&#8221;3656&#8243;][\/vc_column][\/vc_row][vc_row row_height_percent=&#8221;0&#8243; override_padding=&#8221;yes&#8221; h_padding=&#8221;1&#8243; top_padding=&#8221;0&#8243; bottom_padding=&#8221;2&#8243; overlay_alpha=&#8221;50&#8243; gutter_size=&#8221;3&#8243; column_width_percent=&#8221;100&#8243; shift_y=&#8221;0&#8243; z_index=&#8221;0&#8243; uncode_shortcode_id=&#8221;392997&#8243; shape_dividers=&#8221;&#8221; el_class=&#8221;tab-orizontal-to-select&#8221;][vc_column width=&#8221;1\/1&#8243;][vc_raw_html]JTVCeHl6LWlwcyUyMHNuaXBwZXQlM0QlMjJmYXEtdGFiLWNhdGVnb3J5LWFjZi1hY2NvcmRpb24lMjIlNUQ=[\/vc_raw_html][\/vc_column][\/vc_row][vc_row][vc_column width=&#8221;1\/1&#8243;][uncode_block id=&#8221;1928&#8243;][\/vc_column][\/vc_row][vc_row][vc_column width=&#8221;1\/1&#8243;][uncode_block id=&#8221;1852&#8243;][\/vc_column][\/vc_row]<\/p>\n","protected":false},"excerpt":{"rendered":"<p>[vc_row][vc_column width=&#8221;1\/1&#8243;][uncode_block id=&#8221;3656&#8243;][\/vc_column][\/vc_row][vc_row row_height_percent=&#8221;0&#8243; override_padding=&#8221;yes&#8221; h_padding=&#8221;1&#8243; top_padding=&#8221;0&#8243; bottom_padding=&#8221;2&#8243; overlay_alpha=&#8221;50&#8243; gutter_size=&#8221;3&#8243; column_width_percent=&#8221;100&#8243; shift_y=&#8221;0&#8243; z_index=&#8221;0&#8243; uncode_shortcode_id=&#8221;392997&#8243; shape_dividers=&#8221;&#8221; el_class=&#8221;tab-orizontal-to-select&#8221;][vc_column width=&#8221;1\/1&#8243;][vc_raw_html]JTVCeHl6LWlwcyUyMHNuaXBwZXQlM0QlMjJmYXEtdGFiLWNhdGVnb3J5LWFjZi1hY2NvcmRpb24lMjIlNUQ=[\/vc_raw_html][\/vc_column][\/vc_row][vc_row][vc_column width=&#8221;1\/1&#8243;][uncode_block id=&#8221;1928&#8243;][\/vc_column][\/vc_row][vc_row][vc_column width=&#8221;1\/1&#8243;][uncode_block [&hellip;]<\/p>\n","protected":false},"author":1,"featured_media":0,"parent":0,"menu_order":0,"comment_status":"closed","ping_status":"closed","template":"","meta":{"footnotes":""},"acf":[],"yoast_head":"<!-- This site is optimized with the Yoast SEO plugin v23.4 - https:\/\/yoast.com\/wordpress\/plugins\/seo\/ -->\n<title>FAQ | Wieland Onda Srl<\/title>\n<meta name=\"description\" content=\"Tutustu Onda-l\u00e4mm\u00f6nsiirrin tekniikkaan liittyviin usein kysyttyihin kysymyksiin ja l\u00f6yd\u00e4 vastaukset helposti ja nopeasti.\" \/>\n<meta name=\"robots\" content=\"index, follow, max-snippet:-1, max-image-preview:large, max-video-preview:-1\" \/>\n<link rel=\"canonical\" href=\"https:\/\/www.onda-it.com\/fin\/faq\/\" \/>\n<meta property=\"og:locale\" content=\"fi_FI\" \/>\n<meta property=\"og:type\" content=\"article\" \/>\n<meta property=\"og:title\" content=\"FAQ | Wieland Onda Srl\" \/>\n<meta property=\"og:description\" content=\"Tutustu Onda-l\u00e4mm\u00f6nsiirrin tekniikkaan liittyviin usein kysyttyihin kysymyksiin ja l\u00f6yd\u00e4 vastaukset helposti ja nopeasti.\" \/>\n<meta property=\"og:url\" content=\"https:\/\/www.onda-it.com\/fin\/faq\/\" \/>\n<meta property=\"og:site_name\" content=\"Wieland Onda Srl\" \/>\n<meta property=\"article:modified_time\" content=\"2026-01-20T14:22:45+00:00\" \/>\n<meta name=\"twitter:card\" content=\"summary_large_image\" \/>\n<meta name=\"twitter:label1\" content=\"Arvioitu lukuaika\" \/>\n\t<meta name=\"twitter:data1\" content=\"1 minuutti\" \/>\n<script type=\"application\/ld+json\" class=\"yoast-schema-graph\">{\"@context\":\"https:\/\/schema.org\",\"@graph\":[{\"@type\":\"WebPage\",\"@id\":\"https:\/\/www.onda-it.com\/fin\/faq\/\",\"url\":\"https:\/\/www.onda-it.com\/fin\/faq\/\",\"name\":\"FAQ | Wieland Onda Srl\",\"isPartOf\":{\"@id\":\"https:\/\/www.onda-it.com\/fin\/#website\"},\"datePublished\":\"2022-10-25T09:21:51+00:00\",\"dateModified\":\"2026-01-20T14:22:45+00:00\",\"description\":\"Tutustu Onda-l\u00e4mm\u00f6nsiirrin tekniikkaan liittyviin usein kysyttyihin kysymyksiin ja l\u00f6yd\u00e4 vastaukset helposti ja nopeasti.\",\"breadcrumb\":{\"@id\":\"https:\/\/www.onda-it.com\/fin\/faq\/#breadcrumb\"},\"inLanguage\":\"fi\",\"potentialAction\":[{\"@type\":\"ReadAction\",\"target\":[\"https:\/\/www.onda-it.com\/fin\/faq\/\"]}]},{\"@type\":\"BreadcrumbList\",\"@id\":\"https:\/\/www.onda-it.com\/fin\/faq\/#breadcrumb\",\"itemListElement\":[{\"@type\":\"ListItem\",\"position\":1,\"name\":\"Home\",\"item\":\"https:\/\/www.onda-it.com\/fin\/\"},{\"@type\":\"ListItem\",\"position\":2,\"name\":\"FAQ\"}]},{\"@type\":\"WebSite\",\"@id\":\"https:\/\/www.onda-it.com\/fin\/#website\",\"url\":\"https:\/\/www.onda-it.com\/fin\/\",\"name\":\"Wieland Onda Srl\",\"description\":\"Onda - Advanced Heat Transfer Solution\",\"publisher\":{\"@id\":\"https:\/\/www.onda-it.com\/fin\/#organization\"},\"potentialAction\":[{\"@type\":\"SearchAction\",\"target\":{\"@type\":\"EntryPoint\",\"urlTemplate\":\"https:\/\/www.onda-it.com\/fin\/?s={search_term_string}\"},\"query-input\":{\"@type\":\"PropertyValueSpecification\",\"valueRequired\":true,\"valueName\":\"search_term_string\"}}],\"inLanguage\":\"fi\"},{\"@type\":\"Organization\",\"@id\":\"https:\/\/www.onda-it.com\/fin\/#organization\",\"name\":\"Wieland Onda Srl\",\"url\":\"https:\/\/www.onda-it.com\/fin\/\",\"logo\":{\"@type\":\"ImageObject\",\"inLanguage\":\"fi\",\"@id\":\"https:\/\/www.onda-it.com\/fin\/#\/schema\/logo\/image\/\",\"url\":\"\",\"contentUrl\":\"\",\"caption\":\"Wieland Onda Srl\"},\"image\":{\"@id\":\"https:\/\/www.onda-it.com\/fin\/#\/schema\/logo\/image\/\"},\"sameAs\":[\"https:\/\/www.linkedin.com\/company\/onda-s.p.a.\"]}]}<\/script>\n<!-- \/ Yoast SEO plugin. -->","yoast_head_json":{"title":"FAQ | Wieland Onda Srl","description":"Tutustu Onda-l\u00e4mm\u00f6nsiirrin tekniikkaan liittyviin usein kysyttyihin kysymyksiin ja l\u00f6yd\u00e4 vastaukset helposti ja nopeasti.","robots":{"index":"index","follow":"follow","max-snippet":"max-snippet:-1","max-image-preview":"max-image-preview:large","max-video-preview":"max-video-preview:-1"},"canonical":"https:\/\/www.onda-it.com\/fin\/faq\/","og_locale":"fi_FI","og_type":"article","og_title":"FAQ | Wieland Onda Srl","og_description":"Tutustu Onda-l\u00e4mm\u00f6nsiirrin tekniikkaan liittyviin usein kysyttyihin kysymyksiin ja l\u00f6yd\u00e4 vastaukset helposti ja nopeasti.","og_url":"https:\/\/www.onda-it.com\/fin\/faq\/","og_site_name":"Wieland Onda Srl","article_modified_time":"2026-01-20T14:22:45+00:00","twitter_card":"summary_large_image","twitter_misc":{"Arvioitu lukuaika":"1 minuutti"},"schema":{"@context":"https:\/\/schema.org","@graph":[{"@type":"WebPage","@id":"https:\/\/www.onda-it.com\/fin\/faq\/","url":"https:\/\/www.onda-it.com\/fin\/faq\/","name":"FAQ | Wieland Onda Srl","isPartOf":{"@id":"https:\/\/www.onda-it.com\/fin\/#website"},"datePublished":"2022-10-25T09:21:51+00:00","dateModified":"2026-01-20T14:22:45+00:00","description":"Tutustu Onda-l\u00e4mm\u00f6nsiirrin tekniikkaan liittyviin usein kysyttyihin kysymyksiin ja l\u00f6yd\u00e4 vastaukset helposti ja nopeasti.","breadcrumb":{"@id":"https:\/\/www.onda-it.com\/fin\/faq\/#breadcrumb"},"inLanguage":"fi","potentialAction":[{"@type":"ReadAction","target":["https:\/\/www.onda-it.com\/fin\/faq\/"]}]},{"@type":"BreadcrumbList","@id":"https:\/\/www.onda-it.com\/fin\/faq\/#breadcrumb","itemListElement":[{"@type":"ListItem","position":1,"name":"Home","item":"https:\/\/www.onda-it.com\/fin\/"},{"@type":"ListItem","position":2,"name":"FAQ"}]},{"@type":"WebSite","@id":"https:\/\/www.onda-it.com\/fin\/#website","url":"https:\/\/www.onda-it.com\/fin\/","name":"Wieland Onda Srl","description":"Onda - Advanced Heat Transfer Solution","publisher":{"@id":"https:\/\/www.onda-it.com\/fin\/#organization"},"potentialAction":[{"@type":"SearchAction","target":{"@type":"EntryPoint","urlTemplate":"https:\/\/www.onda-it.com\/fin\/?s={search_term_string}"},"query-input":{"@type":"PropertyValueSpecification","valueRequired":true,"valueName":"search_term_string"}}],"inLanguage":"fi"},{"@type":"Organization","@id":"https:\/\/www.onda-it.com\/fin\/#organization","name":"Wieland Onda Srl","url":"https:\/\/www.onda-it.com\/fin\/","logo":{"@type":"ImageObject","inLanguage":"fi","@id":"https:\/\/www.onda-it.com\/fin\/#\/schema\/logo\/image\/","url":"","contentUrl":"","caption":"Wieland Onda Srl"},"image":{"@id":"https:\/\/www.onda-it.com\/fin\/#\/schema\/logo\/image\/"},"sameAs":["https:\/\/www.linkedin.com\/company\/onda-s.p.a."]}]}},"_links":{"self":[{"href":"https:\/\/www.onda-it.com\/fin\/wp-json\/wp\/v2\/pages\/14257"}],"collection":[{"href":"https:\/\/www.onda-it.com\/fin\/wp-json\/wp\/v2\/pages"}],"about":[{"href":"https:\/\/www.onda-it.com\/fin\/wp-json\/wp\/v2\/types\/page"}],"author":[{"embeddable":true,"href":"https:\/\/www.onda-it.com\/fin\/wp-json\/wp\/v2\/users\/1"}],"replies":[{"embeddable":true,"href":"https:\/\/www.onda-it.com\/fin\/wp-json\/wp\/v2\/comments?post=14257"}],"version-history":[{"count":1,"href":"https:\/\/www.onda-it.com\/fin\/wp-json\/wp\/v2\/pages\/14257\/revisions"}],"predecessor-version":[{"id":14261,"href":"https:\/\/www.onda-it.com\/fin\/wp-json\/wp\/v2\/pages\/14257\/revisions\/14261"}],"wp:attachment":[{"href":"https:\/\/www.onda-it.com\/fin\/wp-json\/wp\/v2\/media?parent=14257"}],"curies":[{"name":"wp","href":"https:\/\/api.w.org\/{rel}","templated":true}]}}