{"id":14241,"date":"2022-10-03T14:28:29","date_gmt":"2022-10-03T12:28:29","guid":{"rendered":"https:\/\/www.onda-it.com\/careers\/"},"modified":"2026-01-20T15:06:54","modified_gmt":"2026-01-20T14:06:54","slug":"careers","status":"publish","type":"page","link":"https:\/\/www.onda-it.com\/fin\/ura\/","title":{"rendered":"Ura"},"content":{"rendered":"<p>[vc_row][vc_column width=&#8221;1\/1&#8243;][uncode_block id=&#8221;3656&#8243;][\/vc_column][\/vc_row][vc_row row_height_percent=&#8221;0&#8243; override_padding=&#8221;yes&#8221; h_padding=&#8221;0&#8243; top_padding=&#8221;2&#8243; bottom_padding=&#8221;4&#8243; overlay_alpha=&#8221;50&#8243; gutter_size=&#8221;0&#8243; column_width_percent=&#8221;100&#8243; shift_y=&#8221;0&#8243; z_index=&#8221;0&#8243; uncode_shortcode_id=&#8221;101137&#8243; el_class=&#8221;extra-margin-1220 post-grid-careers&#8221;][vc_column column_width_percent=&#8221;100&#8243; gutter_size=&#8221;3&#8243; overlay_alpha=&#8221;50&#8243; shift_x=&#8221;0&#8243; shift_y=&#8221;0&#8243; shift_y_down=&#8221;0&#8243; z_index=&#8221;0&#8243; medium_width=&#8221;0&#8243; mobile_width=&#8221;0&#8243; width=&#8221;1\/1&#8243; uncode_shortcode_id=&#8221;854363&#8243;][uncode_index el_id=&#8221;index-456789&#8243; index_type=&#8221;table&#8221; loop=&#8221;size:All|order_by:date|post_type:career|taxonomy_count:10&#8243; gutter_size=&#8221;3&#8243; table_border=&#8221;yes&#8221; table_click_row=&#8221;yes&#8221; table_hover=&#8221;opacity-inverted&#8221; post_table_items=&#8221;col-one|3,date,col-two|6,title,spacer|half,text|excerpt|100,col-three|3,link|default|default_size&#8221; career_table_items=&#8221;col-two|7,title,col-three|3,area,col-four|2,link|default|default_size|Lue lis\u00e4\u00e4&#8221; table_images_size=&#8221;one-one&#8221; single_overlay_opacity=&#8221;50&#8243; single_table_last_align=&#8221;right&#8221; single_padding=&#8221;2&#8243; single_title_dimension=&#8221;h5&#8243; table_general_typo=&#8221;yes&#8221; single_text_lead=&#8221;small&#8221; single_border=&#8221;yes&#8221; uncode_shortcode_id=&#8221;378964&#8243;][\/vc_column][\/vc_row][vc_row][vc_column width=&#8221;1\/1&#8243;][uncode_block id=&#8221;1852&#8243;][\/vc_column][\/vc_row]<\/p>\n","protected":false},"excerpt":{"rendered":"<p>[vc_row][vc_column width=&#8221;1\/1&#8243;][uncode_block id=&#8221;3656&#8243;][\/vc_column][\/vc_row][vc_row row_height_percent=&#8221;0&#8243; override_padding=&#8221;yes&#8221; h_padding=&#8221;0&#8243; top_padding=&#8221;2&#8243; bottom_padding=&#8221;4&#8243; overlay_alpha=&#8221;50&#8243; gutter_size=&#8221;0&#8243; column_width_percent=&#8221;100&#8243; shift_y=&#8221;0&#8243; z_index=&#8221;0&#8243; uncode_shortcode_id=&#8221;101137&#8243; el_class=&#8221;extra-margin-1220 post-grid-careers&#8221;][vc_column column_width_percent=&#8221;100&#8243; gutter_size=&#8221;3&#8243; overlay_alpha=&#8221;50&#8243; shift_x=&#8221;0&#8243; [&hellip;]<\/p>\n","protected":false},"author":1,"featured_media":0,"parent":0,"menu_order":0,"comment_status":"closed","ping_status":"closed","template":"","meta":{"footnotes":""},"acf":[],"yoast_head":"<!-- This site is optimized with the Yoast SEO plugin v23.4 - https:\/\/yoast.com\/wordpress\/plugins\/seo\/ -->\n<title>Uramahdollisuudet l\u00e4mm\u00f6nvaihdin kaukol\u00e4mp\u00f6 -alalla | Wieland Onda Srl<\/title>\n<meta name=\"description\" content=\"Tutustu ura\u00acpolkuihin Onda S.p.A.:lla kaukol\u00e4mm\u00f6n l\u00e4mm\u00f6nvaihdinteknologian parissa. J\u00e4t\u00e4 hakemuksesi ja liity alan huippuosaajiin.\" \/>\n<meta name=\"robots\" content=\"noindex, follow\" \/>\n<meta property=\"og:locale\" content=\"fi_FI\" \/>\n<meta property=\"og:type\" content=\"article\" \/>\n<meta property=\"og:title\" content=\"Uramahdollisuudet l\u00e4mm\u00f6nvaihdin kaukol\u00e4mp\u00f6 -alalla | Wieland Onda Srl\" \/>\n<meta property=\"og:description\" content=\"Tutustu ura\u00acpolkuihin Onda S.p.A.:lla kaukol\u00e4mm\u00f6n l\u00e4mm\u00f6nvaihdinteknologian parissa. J\u00e4t\u00e4 hakemuksesi ja liity alan huippuosaajiin.\" \/>\n<meta property=\"og:url\" content=\"https:\/\/www.onda-it.com\/fin\/ura\/\" \/>\n<meta property=\"og:site_name\" content=\"Wieland Onda Srl\" \/>\n<meta property=\"article:modified_time\" content=\"2026-01-20T14:06:54+00:00\" \/>\n<meta name=\"twitter:card\" content=\"summary_large_image\" \/>\n<meta name=\"twitter:label1\" content=\"Arvioitu lukuaika\" \/>\n\t<meta name=\"twitter:data1\" content=\"1 minuutti\" \/>\n<script type=\"application\/ld+json\" class=\"yoast-schema-graph\">{\"@context\":\"https:\/\/schema.org\",\"@graph\":[{\"@type\":\"WebPage\",\"@id\":\"https:\/\/www.onda-it.com\/fin\/ura\/\",\"url\":\"https:\/\/www.onda-it.com\/fin\/ura\/\",\"name\":\"Uramahdollisuudet l\u00e4mm\u00f6nvaihdin kaukol\u00e4mp\u00f6 -alalla | Wieland Onda Srl\",\"isPartOf\":{\"@id\":\"https:\/\/www.onda-it.com\/fin\/#website\"},\"datePublished\":\"2022-10-03T12:28:29+00:00\",\"dateModified\":\"2026-01-20T14:06:54+00:00\",\"description\":\"Tutustu ura\u00acpolkuihin Onda S.p.A.:lla kaukol\u00e4mm\u00f6n l\u00e4mm\u00f6nvaihdinteknologian parissa. J\u00e4t\u00e4 hakemuksesi ja liity alan huippuosaajiin.\",\"breadcrumb\":{\"@id\":\"https:\/\/www.onda-it.com\/fin\/ura\/#breadcrumb\"},\"inLanguage\":\"fi\",\"potentialAction\":[{\"@type\":\"ReadAction\",\"target\":[\"https:\/\/www.onda-it.com\/fin\/ura\/\"]}]},{\"@type\":\"BreadcrumbList\",\"@id\":\"https:\/\/www.onda-it.com\/fin\/ura\/#breadcrumb\",\"itemListElement\":[{\"@type\":\"ListItem\",\"position\":1,\"name\":\"Home\",\"item\":\"https:\/\/www.onda-it.com\/fin\/\"},{\"@type\":\"ListItem\",\"position\":2,\"name\":\"Ura\"}]},{\"@type\":\"WebSite\",\"@id\":\"https:\/\/www.onda-it.com\/fin\/#website\",\"url\":\"https:\/\/www.onda-it.com\/fin\/\",\"name\":\"Wieland Onda Srl\",\"description\":\"Onda - Advanced Heat Transfer Solution\",\"publisher\":{\"@id\":\"https:\/\/www.onda-it.com\/fin\/#organization\"},\"potentialAction\":[{\"@type\":\"SearchAction\",\"target\":{\"@type\":\"EntryPoint\",\"urlTemplate\":\"https:\/\/www.onda-it.com\/fin\/?s={search_term_string}\"},\"query-input\":{\"@type\":\"PropertyValueSpecification\",\"valueRequired\":true,\"valueName\":\"search_term_string\"}}],\"inLanguage\":\"fi\"},{\"@type\":\"Organization\",\"@id\":\"https:\/\/www.onda-it.com\/fin\/#organization\",\"name\":\"Wieland Onda Srl\",\"url\":\"https:\/\/www.onda-it.com\/fin\/\",\"logo\":{\"@type\":\"ImageObject\",\"inLanguage\":\"fi\",\"@id\":\"https:\/\/www.onda-it.com\/fin\/#\/schema\/logo\/image\/\",\"url\":\"\",\"contentUrl\":\"\",\"caption\":\"Wieland Onda Srl\"},\"image\":{\"@id\":\"https:\/\/www.onda-it.com\/fin\/#\/schema\/logo\/image\/\"},\"sameAs\":[\"https:\/\/www.linkedin.com\/company\/onda-s.p.a.\"]}]}<\/script>\n<!-- \/ Yoast SEO plugin. -->","yoast_head_json":{"title":"Uramahdollisuudet l\u00e4mm\u00f6nvaihdin kaukol\u00e4mp\u00f6 -alalla | Wieland Onda Srl","description":"Tutustu ura\u00acpolkuihin Onda S.p.A.:lla kaukol\u00e4mm\u00f6n l\u00e4mm\u00f6nvaihdinteknologian parissa. J\u00e4t\u00e4 hakemuksesi ja liity alan huippuosaajiin.","robots":{"index":"noindex","follow":"follow"},"og_locale":"fi_FI","og_type":"article","og_title":"Uramahdollisuudet l\u00e4mm\u00f6nvaihdin kaukol\u00e4mp\u00f6 -alalla | Wieland Onda Srl","og_description":"Tutustu ura\u00acpolkuihin Onda S.p.A.:lla kaukol\u00e4mm\u00f6n l\u00e4mm\u00f6nvaihdinteknologian parissa. J\u00e4t\u00e4 hakemuksesi ja liity alan huippuosaajiin.","og_url":"https:\/\/www.onda-it.com\/fin\/ura\/","og_site_name":"Wieland Onda Srl","article_modified_time":"2026-01-20T14:06:54+00:00","twitter_card":"summary_large_image","twitter_misc":{"Arvioitu lukuaika":"1 minuutti"},"schema":{"@context":"https:\/\/schema.org","@graph":[{"@type":"WebPage","@id":"https:\/\/www.onda-it.com\/fin\/ura\/","url":"https:\/\/www.onda-it.com\/fin\/ura\/","name":"Uramahdollisuudet l\u00e4mm\u00f6nvaihdin kaukol\u00e4mp\u00f6 -alalla | Wieland Onda Srl","isPartOf":{"@id":"https:\/\/www.onda-it.com\/fin\/#website"},"datePublished":"2022-10-03T12:28:29+00:00","dateModified":"2026-01-20T14:06:54+00:00","description":"Tutustu ura\u00acpolkuihin Onda S.p.A.:lla kaukol\u00e4mm\u00f6n l\u00e4mm\u00f6nvaihdinteknologian parissa. J\u00e4t\u00e4 hakemuksesi ja liity alan huippuosaajiin.","breadcrumb":{"@id":"https:\/\/www.onda-it.com\/fin\/ura\/#breadcrumb"},"inLanguage":"fi","potentialAction":[{"@type":"ReadAction","target":["https:\/\/www.onda-it.com\/fin\/ura\/"]}]},{"@type":"BreadcrumbList","@id":"https:\/\/www.onda-it.com\/fin\/ura\/#breadcrumb","itemListElement":[{"@type":"ListItem","position":1,"name":"Home","item":"https:\/\/www.onda-it.com\/fin\/"},{"@type":"ListItem","position":2,"name":"Ura"}]},{"@type":"WebSite","@id":"https:\/\/www.onda-it.com\/fin\/#website","url":"https:\/\/www.onda-it.com\/fin\/","name":"Wieland Onda Srl","description":"Onda - Advanced Heat Transfer Solution","publisher":{"@id":"https:\/\/www.onda-it.com\/fin\/#organization"},"potentialAction":[{"@type":"SearchAction","target":{"@type":"EntryPoint","urlTemplate":"https:\/\/www.onda-it.com\/fin\/?s={search_term_string}"},"query-input":{"@type":"PropertyValueSpecification","valueRequired":true,"valueName":"search_term_string"}}],"inLanguage":"fi"},{"@type":"Organization","@id":"https:\/\/www.onda-it.com\/fin\/#organization","name":"Wieland Onda Srl","url":"https:\/\/www.onda-it.com\/fin\/","logo":{"@type":"ImageObject","inLanguage":"fi","@id":"https:\/\/www.onda-it.com\/fin\/#\/schema\/logo\/image\/","url":"","contentUrl":"","caption":"Wieland Onda Srl"},"image":{"@id":"https:\/\/www.onda-it.com\/fin\/#\/schema\/logo\/image\/"},"sameAs":["https:\/\/www.linkedin.com\/company\/onda-s.p.a."]}]}},"_links":{"self":[{"href":"https:\/\/www.onda-it.com\/fin\/wp-json\/wp\/v2\/pages\/14241"}],"collection":[{"href":"https:\/\/www.onda-it.com\/fin\/wp-json\/wp\/v2\/pages"}],"about":[{"href":"https:\/\/www.onda-it.com\/fin\/wp-json\/wp\/v2\/types\/page"}],"author":[{"embeddable":true,"href":"https:\/\/www.onda-it.com\/fin\/wp-json\/wp\/v2\/users\/1"}],"replies":[{"embeddable":true,"href":"https:\/\/www.onda-it.com\/fin\/wp-json\/wp\/v2\/comments?post=14241"}],"version-history":[{"count":7,"href":"https:\/\/www.onda-it.com\/fin\/wp-json\/wp\/v2\/pages\/14241\/revisions"}],"predecessor-version":[{"id":17262,"href":"https:\/\/www.onda-it.com\/fin\/wp-json\/wp\/v2\/pages\/14241\/revisions\/17262"}],"wp:attachment":[{"href":"https:\/\/www.onda-it.com\/fin\/wp-json\/wp\/v2\/media?parent=14241"}],"curies":[{"name":"wp","href":"https:\/\/api.w.org\/{rel}","templated":true}]}}