{"id":14211,"date":"2022-10-24T14:52:34","date_gmt":"2022-10-24T12:52:34","guid":{"rendered":"https:\/\/www.onda-it.com\/vision-mission\/"},"modified":"2026-01-20T15:05:15","modified_gmt":"2026-01-20T14:05:15","slug":"visio-missio","status":"publish","type":"page","link":"https:\/\/www.onda-it.com\/fin\/visio-missio\/","title":{"rendered":"Visio &#038; Missio"},"content":{"rendered":"<p>[vc_row row_height_percent=&#8221;60&#8243; override_padding=&#8221;yes&#8221; h_padding=&#8221;2&#8243; top_padding=&#8221;3&#8243; bottom_padding=&#8221;3&#8243; back_image=&#8221;2965&#8243; back_position=&#8221;center top&#8221; overlay_alpha=&#8221;0&#8243; equal_height=&#8221;yes&#8221; gutter_size=&#8221;3&#8243; column_width_percent=&#8221;100&#8243; shift_y=&#8221;0&#8243; z_index=&#8221;0&#8243; top_divider=&#8221;gradient&#8221; bottom_divider=&#8221;gradient&#8221; uncode_shortcode_id=&#8221;324159&#8243;][vc_column column_width_percent=&#8221;100&#8243; position_vertical=&#8221;bottom&#8221; gutter_size=&#8221;3&#8243; style=&#8221;dark&#8221; overlay_alpha=&#8221;50&#8243; shift_x=&#8221;0&#8243; shift_y=&#8221;0&#8243; shift_y_down=&#8221;0&#8243; z_index=&#8221;0&#8243; medium_width=&#8221;0&#8243; mobile_width=&#8221;0&#8243; width=&#8221;1\/1&#8243;][vc_row_inner row_inner_height_percent=&#8221;0&#8243; overlay_alpha=&#8221;50&#8243; gutter_size=&#8221;3&#8243; shift_y=&#8221;0&#8243;][vc_column_inner column_width_percent=&#8221;100&#8243; gutter_size=&#8221;3&#8243; style=&#8221;dark&#8221; overlay_alpha=&#8221;50&#8243; shift_x=&#8221;0&#8243; shift_y=&#8221;0&#8243; shift_y_down=&#8221;0&#8243; z_index=&#8221;0&#8243; medium_width=&#8221;0&#8243; mobile_width=&#8221;0&#8243; css_animation=&#8221;alpha-anim&#8221; animation_delay=&#8221;200&#8243; width=&#8221;1\/1&#8243;][vc_custom_heading text_color=&#8221;color-white&#8221; heading_semantic=&#8221;h1&#8243; text_transform=&#8221;uppercase&#8221; css_animation=&#8221;typewriter&#8221; animation_delay=&#8221;400&#8243; interval_animation=&#8221;20&#8243; uncode_shortcode_id=&#8221;110970&#8243; text_color_type=&#8221;uncode-palette&#8221;]Visio &amp; Missio[\/vc_custom_heading][\/vc_column_inner][\/vc_row_inner][\/vc_column][\/vc_row][vc_row row_height_percent=&#8221;0&#8243; override_padding=&#8221;yes&#8221; h_padding=&#8221;2&#8243; top_padding=&#8221;4&#8243; bottom_padding=&#8221;4&#8243; back_color=&#8221;color-bg-red&#8221; overlay_alpha=&#8221;50&#8243; gutter_size=&#8221;3&#8243; column_width_percent=&#8221;100&#8243; shift_y=&#8221;0&#8243; z_index=&#8221;0&#8243; bottom_divider=&#8221;step&#8221; uncode_shortcode_id=&#8221;130406&#8243; back_color_type=&#8221;uncode-palette&#8221;][vc_column column_width_percent=&#8221;100&#8243; gutter_size=&#8221;3&#8243; overlay_alpha=&#8221;50&#8243; shift_x=&#8221;0&#8243; shift_y=&#8221;0&#8243; shift_y_down=&#8221;0&#8243; z_index=&#8221;0&#8243; medium_width=&#8221;0&#8243; mobile_width=&#8221;0&#8243; css_animation=&#8221;alpha-anim&#8221; width=&#8221;1\/1&#8243; uncode_shortcode_id=&#8221;687338&#8243;][vc_custom_heading text_color=&#8221;color-white&#8221; text_transform=&#8221;uppercase&#8221; uncode_shortcode_id=&#8221;181680&#8243; text_color_type=&#8221;uncode-palette&#8221;]Visio[\/vc_custom_heading][vc_column_text text_lead=&#8221;small&#8221; text_color=&#8221;color-white&#8221; uncode_shortcode_id=&#8221;152643&#8243; text_color_type=&#8221;uncode-palette&#8221;]Haluamme olla kehittyneiden teknologioiden kehitt\u00e4ji\u00e4, jotka pystyv\u00e4t parantamaan maailman infrastruktuuria edist\u00e4m\u00e4ll\u00e4 muutosta luotettavana kumppanina ja ottamalla yhteiskunnan mukaan tekem\u00e4\u00e4n maailmastamme kest\u00e4v\u00e4mm\u00e4n.[\/vc_column_text][\/vc_column][\/vc_row][vc_row unlock_row_content=&#8221;yes&#8221; row_height_percent=&#8221;0&#8243; override_padding=&#8221;yes&#8221; h_padding=&#8221;0&#8243; top_padding=&#8221;0&#8243; bottom_padding=&#8221;0&#8243; overlay_alpha=&#8221;50&#8243; equal_height=&#8221;yes&#8221; gutter_size=&#8221;0&#8243; column_width_percent=&#8221;100&#8243; shift_y=&#8221;0&#8243; z_index=&#8221;0&#8243; el_class=&#8221;inverted-device-order&#8221;][vc_column column_width_percent=&#8221;100&#8243; gutter_size=&#8221;3&#8243; back_image=&#8221;13694&#8243; overlay_alpha=&#8221;50&#8243; shift_x=&#8221;0&#8243; shift_y=&#8221;0&#8243; shift_y_down=&#8221;0&#8243; z_index=&#8221;0&#8243; medium_width=&#8221;0&#8243; mobile_width=&#8221;0&#8243; css_animation=&#8221;right-t-left&#8221; width=&#8221;1\/2&#8243; mobile_height=&#8221;340&#8243; uncode_shortcode_id=&#8221;118940&#8243;][\/vc_column][vc_column column_width_use_pixel=&#8221;yes&#8221; gutter_size=&#8221;3&#8243; override_padding=&#8221;yes&#8221; column_padding=&#8221;5&#8243; overlay_alpha=&#8221;50&#8243; shift_x=&#8221;0&#8243; shift_y=&#8221;0&#8243; shift_y_down=&#8221;0&#8243; z_index=&#8221;0&#8243; medium_width=&#8221;0&#8243; mobile_width=&#8221;0&#8243; css_animation=&#8221;right-t-left&#8221; width=&#8221;1\/2&#8243; column_width_pixel=&#8221;528&#8243; uncode_shortcode_id=&#8221;815942&#8243;][vc_custom_heading text_transform=&#8221;uppercase&#8221; uncode_shortcode_id=&#8221;159186&#8243;]Missio[\/vc_custom_heading][vc_column_text text_lead=&#8221;small&#8221; uncode_shortcode_id=&#8221;191545&#8243;]Wieland Onda tunnetaan kaikkialla maailmassa nopeasta reagointikyvyst\u00e4\u00e4n ja innovatiivisista teknologisista ja innovatiivisista ratkaisuista, jotka t\u00e4ytt\u00e4v\u00e4t asiakkaiden tekniset ja tuotannolliset vaatimukset, sek\u00e4 joustavuudestaan ja kokeilunhalustaan.<\/p>\n<p>Kehit\u00e4mme ilmastointi-, j\u00e4\u00e4hdytys- ja l\u00e4mm\u00f6nvaihtokomponentteja, jotka kattavat kaikki markkinat ja ovat erikoistuneita, mik\u00e4 antaa meille ainutlaatuisen aseman maailmassa verrattuna kilpailijoihin. Vastaamme monialaisuuteen Italiassa ja ulkomailla sijaitsevien tuotantolaitosten avulla.[\/vc_column_text][\/vc_column][\/vc_row][vc_row unlock_row_content=&#8221;yes&#8221; row_height_percent=&#8221;0&#8243; override_padding=&#8221;yes&#8221; h_padding=&#8221;0&#8243; top_padding=&#8221;0&#8243; bottom_padding=&#8221;0&#8243; overlay_alpha=&#8221;50&#8243; equal_height=&#8221;yes&#8221; gutter_size=&#8221;0&#8243; column_width_percent=&#8221;100&#8243; shift_y=&#8221;0&#8243; z_index=&#8221;0&#8243;][vc_column column_width_use_pixel=&#8221;yes&#8221; gutter_size=&#8221;3&#8243; override_padding=&#8221;yes&#8221; column_padding=&#8221;5&#8243; overlay_alpha=&#8221;50&#8243; shift_x=&#8221;0&#8243; shift_y=&#8221;0&#8243; shift_y_down=&#8221;0&#8243; z_index=&#8221;0&#8243; medium_width=&#8221;0&#8243; mobile_width=&#8221;0&#8243; css_animation=&#8221;left-t-right&#8221; width=&#8221;1\/2&#8243; column_width_pixel=&#8221;528&#8243; uncode_shortcode_id=&#8221;200695&#8243;][vc_column_text text_lead=&#8221;small&#8221; uncode_shortcode_id=&#8221;125834&#8243;]Luomme kumppanuuksia niiden kanssa, jotka hallitsevat nykyist\u00e4 teknologiaa, valitsemalla teollisuuskumppaneita, jotka ovat luotettavia, ennakoivia ja avoimia ottamaan vastaan uusia ideoita.<\/p>\n<p>Teemme yhteisty\u00f6t\u00e4 kansainv\u00e4listen kohteiden kanssa: OEM-valmistajien, laitossuunnittelijoiden, asentajien\/urakoitsijoiden ja loppuk\u00e4ytt\u00e4jien kanssa ja noudatamme samalla eettist\u00e4 liiketoimintapolitiikkaa.<\/p>\n<p>Olemme eritt\u00e4in p\u00e4tev\u00e4 tiimi, joka on ennakoiva ja halukas innovoimaan ja muuttamaan jatkuvasti parantaakseen ja tehostaakseen toimintaansa, joka on j\u00e4rjest\u00e4ytynyt ja jota yhdist\u00e4v\u00e4t yrityksen arvot.<\/p>\n<p>Olemme tunnustettu referenssi akateemisessa maailmassa ja teollisuudessa yrityksen ytimess\u00e4 sijaitsevan huippuosaamisen tutkimuskeskuksen ansiosta, jossa ty\u00f6skentelee parhaita lahjakkuuksia, sek\u00e4 akatemian ansiosta, joka tuo\/edist\u00e4\u00e4 kest\u00e4v\u00e4\u00e4 kulttuuria maailmalle.[\/vc_column_text][\/vc_column][vc_column column_width_percent=&#8221;100&#8243; gutter_size=&#8221;3&#8243; back_image=&#8221;13695&#8243; overlay_alpha=&#8221;50&#8243; shift_x=&#8221;0&#8243; shift_y=&#8221;0&#8243; shift_y_down=&#8221;0&#8243; z_index=&#8221;0&#8243; medium_width=&#8221;0&#8243; mobile_width=&#8221;0&#8243; css_animation=&#8221;right-t-left&#8221; width=&#8221;1\/2&#8243; mobile_height=&#8221;340&#8243; uncode_shortcode_id=&#8221;538807&#8243;][\/vc_column][\/vc_row][vc_row row_height_percent=&#8221;0&#8243; override_padding=&#8221;yes&#8221; h_padding=&#8221;2&#8243; top_padding=&#8221;4&#8243; bottom_padding=&#8221;2&#8243; overlay_alpha=&#8221;50&#8243; gutter_size=&#8221;3&#8243; column_width_percent=&#8221;100&#8243; shift_y=&#8221;0&#8243; z_index=&#8221;0&#8243; bottom_divider=&#8221;step&#8221; uncode_shortcode_id=&#8221;619178&#8243;][vc_column column_width_percent=&#8221;100&#8243; gutter_size=&#8221;3&#8243; overlay_alpha=&#8221;50&#8243; shift_x=&#8221;0&#8243; shift_y=&#8221;0&#8243; shift_y_down=&#8221;0&#8243; z_index=&#8221;0&#8243; medium_width=&#8221;0&#8243; mobile_width=&#8221;0&#8243; css_animation=&#8221;alpha-anim&#8221; width=&#8221;1\/1&#8243; uncode_shortcode_id=&#8221;102791&#8243;][vc_custom_heading text_color=&#8221;color-bg-blue&#8221; text_transform=&#8221;uppercase&#8221; uncode_shortcode_id=&#8221;198778&#8243; text_color_type=&#8221;uncode-palette&#8221;]Arvomme[\/vc_custom_heading][\/vc_column][\/vc_row][vc_row][vc_column column_width_percent=&#8221;100&#8243; gutter_size=&#8221;3&#8243; overlay_alpha=&#8221;50&#8243; shift_x=&#8221;0&#8243; shift_y=&#8221;0&#8243; shift_y_down=&#8221;0&#8243; z_index=&#8221;0&#8243; medium_width=&#8221;0&#8243; mobile_width=&#8221;0&#8243; css_animation=&#8221;left-t-right&#8221; width=&#8221;1\/4&#8243; uncode_shortcode_id=&#8221;128049&#8243;][vc_custom_heading heading_semantic=&#8221;h4&#8243; text_size=&#8221;&#8221; uncode_shortcode_id=&#8221;198652&#8243;]Visio[\/vc_custom_heading][\/vc_column][vc_column column_width_percent=&#8221;100&#8243; gutter_size=&#8221;3&#8243; overlay_alpha=&#8221;50&#8243; shift_x=&#8221;0&#8243; shift_y=&#8221;0&#8243; shift_y_down=&#8221;0&#8243; z_index=&#8221;0&#8243; medium_width=&#8221;0&#8243; mobile_width=&#8221;0&#8243; css_animation=&#8221;right-t-left&#8221; width=&#8221;3\/4&#8243; uncode_shortcode_id=&#8221;110161&#8243;][vc_column_text uncode_shortcode_id=&#8221;102469&#8243;]VISIO merkitsee meille sit\u00e4, ett\u00e4 kuvittelemme jotain sellaista, mit\u00e4 ei ole viel\u00e4 ajateltu ja toteutettu (jopa tuotteita, joita ei ole koskaan tehty), koska kaikki, mit\u00e4 n\u00e4emme, on uusi mahdollisuus. Se tarkoittaa poikkeavien ja erilaisten asioiden keksimist\u00e4 niiden parantamiseksi, niist\u00e4 keskustelemista niiden t\u00e4ydellist\u00e4miseksi ja lopulta niiden toteuttamista!\u00a0 N\u00e4kemyksemme on uteliaisuutta, mutta se on my\u00f6s prosessi: mit\u00e4 tahansa ymp\u00e4rill\u00e4mme tapahtuukin, havainnoimme sit\u00e4 ensin, sitten k\u00e4sittelemme sit\u00e4, syvenn\u00e4mme sit\u00e4 ja lopuksi haluamme konkretisoida sen.[\/vc_column_text][\/vc_column][\/vc_row][vc_row][vc_column column_width_percent=&#8221;100&#8243; gutter_size=&#8221;3&#8243; overlay_alpha=&#8221;50&#8243; shift_x=&#8221;0&#8243; shift_y=&#8221;0&#8243; shift_y_down=&#8221;0&#8243; z_index=&#8221;0&#8243; medium_width=&#8221;0&#8243; mobile_width=&#8221;0&#8243; css_animation=&#8221;left-t-right&#8221; width=&#8221;1\/4&#8243; uncode_shortcode_id=&#8221;138322&#8243;][vc_custom_heading heading_semantic=&#8221;h4&#8243; text_size=&#8221;&#8221; uncode_shortcode_id=&#8221;706520&#8243;]Luotettavuus[\/vc_custom_heading][\/vc_column][vc_column column_width_percent=&#8221;100&#8243; gutter_size=&#8221;3&#8243; overlay_alpha=&#8221;50&#8243; shift_x=&#8221;0&#8243; shift_y=&#8221;0&#8243; shift_y_down=&#8221;0&#8243; z_index=&#8221;0&#8243; medium_width=&#8221;0&#8243; mobile_width=&#8221;0&#8243; css_animation=&#8221;right-t-left&#8221; width=&#8221;3\/4&#8243; uncode_shortcode_id=&#8221;374557&#8243;][vc_column_text uncode_shortcode_id=&#8221;113154&#8243;]Luotettavuus tarkoittaa meille sit\u00e4, ett\u00e4 teemme viisaita p\u00e4\u00e4t\u00f6ksi\u00e4 ja pid\u00e4mme sanamme, emme koskaan per\u00e4\u00e4nny vaikeuksien edess\u00e4, emme koskaan tee kompromisseja vaan pyrimme l\u00f6yt\u00e4m\u00e4\u00e4n ratkaisun, josta kaikki voittavat.<\/p>\n<p>Luotettavuus tarkoittaa sit\u00e4, ett\u00e4 otamme vastuun sitoumuksiemme t\u00e4ytt\u00e4misest\u00e4 vakuuttamalla muut k\u00e4ytt\u00e4ytymisell\u00e4mme.[\/vc_column_text][\/vc_column][\/vc_row][vc_row][vc_column column_width_percent=&#8221;100&#8243; gutter_size=&#8221;3&#8243; overlay_alpha=&#8221;50&#8243; shift_x=&#8221;0&#8243; shift_y=&#8221;0&#8243; shift_y_down=&#8221;0&#8243; z_index=&#8221;0&#8243; medium_width=&#8221;0&#8243; mobile_width=&#8221;0&#8243; css_animation=&#8221;left-t-right&#8221; width=&#8221;1\/4&#8243; uncode_shortcode_id=&#8221;138322&#8243;][vc_custom_heading heading_semantic=&#8221;h4&#8243; text_size=&#8221;&#8221; uncode_shortcode_id=&#8221;208500&#8243;]P\u00e4\u00e4tt\u00e4v\u00e4isyys ja Yritteli\u00e4isyys[\/vc_custom_heading][\/vc_column][vc_column column_width_percent=&#8221;100&#8243; gutter_size=&#8221;3&#8243; overlay_alpha=&#8221;50&#8243; shift_x=&#8221;0&#8243; shift_y=&#8221;0&#8243; shift_y_down=&#8221;0&#8243; z_index=&#8221;0&#8243; medium_width=&#8221;0&#8243; mobile_width=&#8221;0&#8243; css_animation=&#8221;right-t-left&#8221; width=&#8221;3\/4&#8243; uncode_shortcode_id=&#8221;374557&#8243;][vc_column_text uncode_shortcode_id=&#8221;430703&#8243;]YRITTELI\u00c4ISYYS tarkoittaa meille sit\u00e4, ett\u00e4 ei saa olla puolittaisia toimenpiteit\u00e4: kun p\u00e4\u00e4t\u00e4t, toimit ja nopeasti!<\/p>\n<p>Meille yritteli\u00e4isyys tarkoittaa sit\u00e4, ett\u00e4 k\u00e4yt\u00e4mme p\u00e4\u00e4tt\u00e4v\u00e4isyytt\u00e4mme saavuttaaksemme tavoitteemme sitke\u00e4sti, rohkeasti ja oikeudenmukaisesti pys\u00e4htym\u00e4tt\u00e4 ongelmien edess\u00e4 ja pelk\u00e4\u00e4m\u00e4tt\u00e4 ep\u00e4onnistumista.[\/vc_column_text][\/vc_column][\/vc_row][vc_row][vc_column column_width_percent=&#8221;100&#8243; gutter_size=&#8221;3&#8243; overlay_alpha=&#8221;50&#8243; shift_x=&#8221;0&#8243; shift_y=&#8221;0&#8243; shift_y_down=&#8221;0&#8243; z_index=&#8221;0&#8243; medium_width=&#8221;0&#8243; mobile_width=&#8221;0&#8243; css_animation=&#8221;left-t-right&#8221; width=&#8221;1\/4&#8243; uncode_shortcode_id=&#8221;138322&#8243;][vc_custom_heading heading_semantic=&#8221;h4&#8243; text_size=&#8221;&#8221; uncode_shortcode_id=&#8221;106264&#8243;]Yhteisty\u00f6[\/vc_custom_heading][\/vc_column][vc_column column_width_percent=&#8221;100&#8243; gutter_size=&#8221;3&#8243; overlay_alpha=&#8221;50&#8243; shift_x=&#8221;0&#8243; shift_y=&#8221;0&#8243; shift_y_down=&#8221;0&#8243; z_index=&#8221;0&#8243; medium_width=&#8221;0&#8243; mobile_width=&#8221;0&#8243; css_animation=&#8221;right-t-left&#8221; width=&#8221;3\/4&#8243; uncode_shortcode_id=&#8221;374557&#8243;][vc_column_text uncode_shortcode_id=&#8221;166762&#8243;]YHTEISTY\u00d6 tarkoittaa meille tiimity\u00f6skentely\u00e4, joka auttaa ratkaisemaan ongelmia ty\u00f6skentelem\u00e4ll\u00e4 yhdess\u00e4 jopa eri aloilla yhteisen hyv\u00e4n hyv\u00e4ksi.<\/p>\n<p>Yhteisty\u00f6h\u00f6n osallistuminen tarkoittaa sit\u00e4, ett\u00e4 kuuntelen muita, arvioin heid\u00e4n n\u00e4k\u00f6kantansa, otan heid\u00e4n vihjeens\u00e4 vastaan ideani parantamiseksi, teen p\u00e4\u00e4t\u00f6kset yhdess\u00e4 ja etenen sen mukaisesti.[\/vc_column_text][vc_empty_space empty_h=&#8221;3&#8243;][\/vc_column][\/vc_row][vc_row][vc_column width=&#8221;1\/1&#8243;][uncode_block id=&#8221;1928&#8243;][\/vc_column][\/vc_row][vc_row][vc_column width=&#8221;1\/1&#8243;][uncode_block id=&#8221;1852&#8243;][\/vc_column][\/vc_row]<\/p>\n","protected":false},"excerpt":{"rendered":"<p>[vc_row row_height_percent=&#8221;60&#8243; override_padding=&#8221;yes&#8221; h_padding=&#8221;2&#8243; top_padding=&#8221;3&#8243; bottom_padding=&#8221;3&#8243; back_image=&#8221;2965&#8243; back_position=&#8221;center top&#8221; overlay_alpha=&#8221;0&#8243; equal_height=&#8221;yes&#8221; gutter_size=&#8221;3&#8243; column_width_percent=&#8221;100&#8243; shift_y=&#8221;0&#8243; z_index=&#8221;0&#8243; top_divider=&#8221;gradient&#8221; bottom_divider=&#8221;gradient&#8221; uncode_shortcode_id=&#8221;324159&#8243;][vc_column column_width_percent=&#8221;100&#8243; position_vertical=&#8221;bottom&#8221; [&hellip;]<\/p>\n","protected":false},"author":1,"featured_media":0,"parent":0,"menu_order":0,"comment_status":"closed","ping_status":"closed","template":"","meta":{"footnotes":""},"acf":[],"yoast_head":"<!-- This site is optimized with the Yoast SEO plugin v23.4 - https:\/\/yoast.com\/wordpress\/plugins\/seo\/ -->\n<title>Kaukokylm\u00e4-j\u00e4rjestelm\u00e4t | Vision &amp; Mission | Wieland Onda Srl<\/title>\n<meta name=\"description\" content=\"Wieland Onda on erikoistunut kaukokylm\u00e4-j\u00e4rjestelmien, j\u00e4\u00e4hdytyksen ja l\u00e4mm\u00f6nsiirron kehitt\u00e4miseen.\" \/>\n<meta name=\"robots\" content=\"index, follow, max-snippet:-1, max-image-preview:large, max-video-preview:-1\" \/>\n<link rel=\"canonical\" href=\"https:\/\/www.onda-it.com\/fin\/visio-missio\/\" \/>\n<meta property=\"og:locale\" content=\"fi_FI\" \/>\n<meta property=\"og:type\" content=\"article\" \/>\n<meta property=\"og:title\" content=\"Kaukokylm\u00e4-j\u00e4rjestelm\u00e4t | Vision &amp; Mission | Wieland Onda Srl\" \/>\n<meta property=\"og:description\" content=\"Wieland Onda on erikoistunut kaukokylm\u00e4-j\u00e4rjestelmien, j\u00e4\u00e4hdytyksen ja l\u00e4mm\u00f6nsiirron kehitt\u00e4miseen.\" \/>\n<meta property=\"og:url\" content=\"https:\/\/www.onda-it.com\/fin\/visio-missio\/\" \/>\n<meta property=\"og:site_name\" content=\"Wieland Onda Srl\" \/>\n<meta property=\"article:modified_time\" content=\"2026-01-20T14:05:15+00:00\" \/>\n<meta name=\"twitter:card\" content=\"summary_large_image\" \/>\n<meta name=\"twitter:label1\" content=\"Arvioitu lukuaika\" \/>\n\t<meta name=\"twitter:data1\" content=\"5 minuuttia\" \/>\n<script type=\"application\/ld+json\" class=\"yoast-schema-graph\">{\"@context\":\"https:\/\/schema.org\",\"@graph\":[{\"@type\":\"WebPage\",\"@id\":\"https:\/\/www.onda-it.com\/fin\/visio-missio\/\",\"url\":\"https:\/\/www.onda-it.com\/fin\/visio-missio\/\",\"name\":\"Kaukokylm\u00e4-j\u00e4rjestelm\u00e4t | Vision & Mission | Wieland Onda Srl\",\"isPartOf\":{\"@id\":\"https:\/\/www.onda-it.com\/fin\/#website\"},\"datePublished\":\"2022-10-24T12:52:34+00:00\",\"dateModified\":\"2026-01-20T14:05:15+00:00\",\"description\":\"Wieland Onda on erikoistunut kaukokylm\u00e4-j\u00e4rjestelmien, j\u00e4\u00e4hdytyksen ja l\u00e4mm\u00f6nsiirron kehitt\u00e4miseen.\",\"breadcrumb\":{\"@id\":\"https:\/\/www.onda-it.com\/fin\/visio-missio\/#breadcrumb\"},\"inLanguage\":\"fi\",\"potentialAction\":[{\"@type\":\"ReadAction\",\"target\":[\"https:\/\/www.onda-it.com\/fin\/visio-missio\/\"]}]},{\"@type\":\"BreadcrumbList\",\"@id\":\"https:\/\/www.onda-it.com\/fin\/visio-missio\/#breadcrumb\",\"itemListElement\":[{\"@type\":\"ListItem\",\"position\":1,\"name\":\"Home\",\"item\":\"https:\/\/www.onda-it.com\/fin\/\"},{\"@type\":\"ListItem\",\"position\":2,\"name\":\"Visio &#038; Missio\"}]},{\"@type\":\"WebSite\",\"@id\":\"https:\/\/www.onda-it.com\/fin\/#website\",\"url\":\"https:\/\/www.onda-it.com\/fin\/\",\"name\":\"Wieland Onda Srl\",\"description\":\"Onda - Advanced Heat Transfer Solution\",\"publisher\":{\"@id\":\"https:\/\/www.onda-it.com\/fin\/#organization\"},\"potentialAction\":[{\"@type\":\"SearchAction\",\"target\":{\"@type\":\"EntryPoint\",\"urlTemplate\":\"https:\/\/www.onda-it.com\/fin\/?s={search_term_string}\"},\"query-input\":{\"@type\":\"PropertyValueSpecification\",\"valueRequired\":true,\"valueName\":\"search_term_string\"}}],\"inLanguage\":\"fi\"},{\"@type\":\"Organization\",\"@id\":\"https:\/\/www.onda-it.com\/fin\/#organization\",\"name\":\"Wieland Onda Srl\",\"url\":\"https:\/\/www.onda-it.com\/fin\/\",\"logo\":{\"@type\":\"ImageObject\",\"inLanguage\":\"fi\",\"@id\":\"https:\/\/www.onda-it.com\/fin\/#\/schema\/logo\/image\/\",\"url\":\"\",\"contentUrl\":\"\",\"caption\":\"Wieland Onda Srl\"},\"image\":{\"@id\":\"https:\/\/www.onda-it.com\/fin\/#\/schema\/logo\/image\/\"},\"sameAs\":[\"https:\/\/www.linkedin.com\/company\/onda-s.p.a.\"]}]}<\/script>\n<!-- \/ Yoast SEO plugin. -->","yoast_head_json":{"title":"Kaukokylm\u00e4-j\u00e4rjestelm\u00e4t | Vision & Mission | Wieland Onda Srl","description":"Wieland Onda on erikoistunut kaukokylm\u00e4-j\u00e4rjestelmien, j\u00e4\u00e4hdytyksen ja l\u00e4mm\u00f6nsiirron kehitt\u00e4miseen.","robots":{"index":"index","follow":"follow","max-snippet":"max-snippet:-1","max-image-preview":"max-image-preview:large","max-video-preview":"max-video-preview:-1"},"canonical":"https:\/\/www.onda-it.com\/fin\/visio-missio\/","og_locale":"fi_FI","og_type":"article","og_title":"Kaukokylm\u00e4-j\u00e4rjestelm\u00e4t | Vision & Mission | Wieland Onda Srl","og_description":"Wieland Onda on erikoistunut kaukokylm\u00e4-j\u00e4rjestelmien, j\u00e4\u00e4hdytyksen ja l\u00e4mm\u00f6nsiirron kehitt\u00e4miseen.","og_url":"https:\/\/www.onda-it.com\/fin\/visio-missio\/","og_site_name":"Wieland Onda Srl","article_modified_time":"2026-01-20T14:05:15+00:00","twitter_card":"summary_large_image","twitter_misc":{"Arvioitu lukuaika":"5 minuuttia"},"schema":{"@context":"https:\/\/schema.org","@graph":[{"@type":"WebPage","@id":"https:\/\/www.onda-it.com\/fin\/visio-missio\/","url":"https:\/\/www.onda-it.com\/fin\/visio-missio\/","name":"Kaukokylm\u00e4-j\u00e4rjestelm\u00e4t | Vision & Mission | Wieland Onda Srl","isPartOf":{"@id":"https:\/\/www.onda-it.com\/fin\/#website"},"datePublished":"2022-10-24T12:52:34+00:00","dateModified":"2026-01-20T14:05:15+00:00","description":"Wieland Onda on erikoistunut kaukokylm\u00e4-j\u00e4rjestelmien, j\u00e4\u00e4hdytyksen ja l\u00e4mm\u00f6nsiirron kehitt\u00e4miseen.","breadcrumb":{"@id":"https:\/\/www.onda-it.com\/fin\/visio-missio\/#breadcrumb"},"inLanguage":"fi","potentialAction":[{"@type":"ReadAction","target":["https:\/\/www.onda-it.com\/fin\/visio-missio\/"]}]},{"@type":"BreadcrumbList","@id":"https:\/\/www.onda-it.com\/fin\/visio-missio\/#breadcrumb","itemListElement":[{"@type":"ListItem","position":1,"name":"Home","item":"https:\/\/www.onda-it.com\/fin\/"},{"@type":"ListItem","position":2,"name":"Visio &#038; Missio"}]},{"@type":"WebSite","@id":"https:\/\/www.onda-it.com\/fin\/#website","url":"https:\/\/www.onda-it.com\/fin\/","name":"Wieland Onda Srl","description":"Onda - Advanced Heat Transfer Solution","publisher":{"@id":"https:\/\/www.onda-it.com\/fin\/#organization"},"potentialAction":[{"@type":"SearchAction","target":{"@type":"EntryPoint","urlTemplate":"https:\/\/www.onda-it.com\/fin\/?s={search_term_string}"},"query-input":{"@type":"PropertyValueSpecification","valueRequired":true,"valueName":"search_term_string"}}],"inLanguage":"fi"},{"@type":"Organization","@id":"https:\/\/www.onda-it.com\/fin\/#organization","name":"Wieland Onda Srl","url":"https:\/\/www.onda-it.com\/fin\/","logo":{"@type":"ImageObject","inLanguage":"fi","@id":"https:\/\/www.onda-it.com\/fin\/#\/schema\/logo\/image\/","url":"","contentUrl":"","caption":"Wieland Onda Srl"},"image":{"@id":"https:\/\/www.onda-it.com\/fin\/#\/schema\/logo\/image\/"},"sameAs":["https:\/\/www.linkedin.com\/company\/onda-s.p.a."]}]}},"_links":{"self":[{"href":"https:\/\/www.onda-it.com\/fin\/wp-json\/wp\/v2\/pages\/14211"}],"collection":[{"href":"https:\/\/www.onda-it.com\/fin\/wp-json\/wp\/v2\/pages"}],"about":[{"href":"https:\/\/www.onda-it.com\/fin\/wp-json\/wp\/v2\/types\/page"}],"author":[{"embeddable":true,"href":"https:\/\/www.onda-it.com\/fin\/wp-json\/wp\/v2\/users\/1"}],"replies":[{"embeddable":true,"href":"https:\/\/www.onda-it.com\/fin\/wp-json\/wp\/v2\/comments?post=14211"}],"version-history":[{"count":5,"href":"https:\/\/www.onda-it.com\/fin\/wp-json\/wp\/v2\/pages\/14211\/revisions"}],"predecessor-version":[{"id":16555,"href":"https:\/\/www.onda-it.com\/fin\/wp-json\/wp\/v2\/pages\/14211\/revisions\/16555"}],"wp:attachment":[{"href":"https:\/\/www.onda-it.com\/fin\/wp-json\/wp\/v2\/media?parent=14211"}],"curies":[{"name":"wp","href":"https:\/\/api.w.org\/{rel}","templated":true}]}}