{"id":14189,"date":"2022-10-24T11:58:50","date_gmt":"2022-10-24T09:58:50","guid":{"rendered":"https:\/\/www.onda-it.com\/azienda\/"},"modified":"2026-01-20T14:59:23","modified_gmt":"2026-01-20T13:59:23","slug":"yhtio","status":"publish","type":"page","link":"https:\/\/www.onda-it.com\/fin\/yhtio\/","title":{"rendered":"Meist\u00e4"},"content":{"rendered":"<p>[vc_row row_height_percent=&#8221;60&#8243; override_padding=&#8221;yes&#8221; h_padding=&#8221;2&#8243; top_padding=&#8221;3&#8243; bottom_padding=&#8221;3&#8243; back_image=&#8221;16021&#8243; back_position=&#8221;center center&#8221; overlay_alpha=&#8221;0&#8243; equal_height=&#8221;yes&#8221; gutter_size=&#8221;3&#8243; column_width_percent=&#8221;100&#8243; shift_y=&#8221;0&#8243; z_index=&#8221;0&#8243; top_divider=&#8221;gradient&#8221; bottom_divider=&#8221;gradient&#8221; uncode_shortcode_id=&#8221;163805&#8243;][vc_column column_width_percent=&#8221;100&#8243; position_vertical=&#8221;bottom&#8221; gutter_size=&#8221;3&#8243; style=&#8221;dark&#8221; overlay_alpha=&#8221;50&#8243; shift_x=&#8221;0&#8243; shift_y=&#8221;0&#8243; shift_y_down=&#8221;0&#8243; z_index=&#8221;0&#8243; medium_width=&#8221;0&#8243; mobile_width=&#8221;0&#8243; width=&#8221;1\/1&#8243;][vc_row_inner row_inner_height_percent=&#8221;0&#8243; overlay_alpha=&#8221;50&#8243; gutter_size=&#8221;3&#8243; shift_y=&#8221;0&#8243;][vc_column_inner column_width_percent=&#8221;100&#8243; gutter_size=&#8221;3&#8243; style=&#8221;dark&#8221; overlay_alpha=&#8221;50&#8243; shift_x=&#8221;0&#8243; shift_y=&#8221;0&#8243; shift_y_down=&#8221;0&#8243; z_index=&#8221;0&#8243; medium_width=&#8221;0&#8243; mobile_width=&#8221;0&#8243; css_animation=&#8221;alpha-anim&#8221; animation_delay=&#8221;200&#8243; width=&#8221;1\/1&#8243;][vc_custom_heading text_color=&#8221;color-white&#8221; heading_semantic=&#8221;h1&#8243; text_transform=&#8221;uppercase&#8221; css_animation=&#8221;typewriter&#8221; animation_delay=&#8221;400&#8243; interval_animation=&#8221;20&#8243; uncode_shortcode_id=&#8221;129787&#8243; text_color_type=&#8221;uncode-palette&#8221;]Meist\u00e4[\/vc_custom_heading][\/vc_column_inner][\/vc_row_inner][\/vc_column][\/vc_row][vc_row row_height_percent=&#8221;0&#8243; override_padding=&#8221;yes&#8221; h_padding=&#8221;2&#8243; top_padding=&#8221;4&#8243; bottom_padding=&#8221;4&#8243; back_color=&#8221;color-bg-blue&#8221; overlay_alpha=&#8221;50&#8243; gutter_size=&#8221;3&#8243; column_width_percent=&#8221;100&#8243; shift_y=&#8221;0&#8243; z_index=&#8221;0&#8243; bottom_divider=&#8221;step&#8221; uncode_shortcode_id=&#8221;873952&#8243; back_color_type=&#8221;uncode-palette&#8221;][vc_column column_width_percent=&#8221;100&#8243; gutter_size=&#8221;3&#8243; overlay_alpha=&#8221;50&#8243; shift_x=&#8221;0&#8243; shift_y=&#8221;0&#8243; shift_y_down=&#8221;0&#8243; z_index=&#8221;0&#8243; medium_width=&#8221;0&#8243; mobile_width=&#8221;0&#8243; css_animation=&#8221;alpha-anim&#8221; width=&#8221;1\/1&#8243; uncode_shortcode_id=&#8221;687338&#8243;][vc_custom_heading text_color=&#8221;color-white&#8221; text_transform=&#8221;uppercase&#8221; uncode_shortcode_id=&#8221;173014&#8243; text_color_type=&#8221;uncode-palette&#8221;]L\u00e4mm\u00f6nsiirtoratkaisut[\/vc_custom_heading][vc_column_text text_lead=&#8221;small&#8221; text_color=&#8221;color-white&#8221; uncode_shortcode_id=&#8221;126770&#8243; text_color_type=&#8221;uncode-palette&#8221;]Wieland Onda Nordic Oy on suomalainen kaukol\u00e4mm\u00f6n ja -j\u00e4\u00e4hdytyksen alajakokeskuksiin erikoistunut yritys. Yritys on osa Italialaista Wieland Onda-Konsernia ja toimii konsernin l\u00e4mm\u00f6njakotuotteiden j\u00e4lleenmyyj\u00e4n\u00e4 Suomen markkinoilla.<\/p>\n<p>Wieland Onda\u00a0on vakiinnuttanut asemansa Italian ja ulkomaisten markkinoiden johtavana erityyppisten l\u00e4mm\u00f6nvaihtimien valmistajana.<\/p>\n<p>Yrityksen viitealoja ja p\u00e4\u00e4markkinasegmenttej\u00e4 ovat ilmastointi- ja j\u00e4\u00e4hdytysj\u00e4rjestelm\u00e4t tai yleisemmin koko HVAC\/R-j\u00e4rjestelmien ala, jolla Wieland Onda voi korkean osaamisensa ansiosta laskea asiakkaikseen suuret kansainv\u00e4liset valmistajat.<\/p>\n<p>Nyky\u00e4\u00e4n Wieland Onda pystyy toimimaan useilla eri markkinoilla ja aloilla hy\u00f6dynt\u00e4m\u00e4ll\u00e4 30 vuoden kokemustaan l\u00e4mm\u00f6nvaihtimien valmistajana sek\u00e4 syv\u00e4llist\u00e4 tiet\u00e4myst\u00e4 ja suurta ammattitaitoa.[\/vc_column_text][\/vc_column][\/vc_row][vc_row unlock_row_content=&#8221;yes&#8221; row_height_percent=&#8221;0&#8243; override_padding=&#8221;yes&#8221; h_padding=&#8221;0&#8243; top_padding=&#8221;0&#8243; bottom_padding=&#8221;0&#8243; overlay_alpha=&#8221;50&#8243; equal_height=&#8221;yes&#8221; gutter_size=&#8221;0&#8243; column_width_percent=&#8221;100&#8243; shift_y=&#8221;0&#8243; z_index=&#8221;0&#8243; el_class=&#8221;inverted-device-order&#8221;][vc_column column_width_use_pixel=&#8221;yes&#8221; gutter_size=&#8221;3&#8243; override_padding=&#8221;yes&#8221; column_padding=&#8221;5&#8243; overlay_alpha=&#8221;50&#8243; shift_x=&#8221;0&#8243; shift_y=&#8221;0&#8243; shift_y_down=&#8221;0&#8243; z_index=&#8221;0&#8243; medium_width=&#8221;0&#8243; mobile_width=&#8221;0&#8243; width=&#8221;1\/2&#8243; column_width_pixel=&#8221;528&#8243;][vc_column_text text_lead=&#8221;small&#8221; uncode_shortcode_id=&#8221;112277&#8243;]Wieland Ondan tuotanto perustuu viiteen tehtaaseen, joista kaksi sijaitsee <strong>Mussolentessa<\/strong>, yksi <strong>Lonigossa<\/strong>, yksi <strong>Yhdysvalloissa<\/strong> (Delaware, Ohio) ja yksi Suomessa (Tampere). Ilmal\u00e4mm\u00f6nvaihtimia ja putkil\u00e4mm\u00f6nvaihtimia valmistetaan Lonigon tehtaalla, jonka pinta-ala on noin 9 000 neli\u00f6metri\u00e4.[\/vc_column_text][\/vc_column][vc_column column_width_percent=&#8221;100&#8243; gutter_size=&#8221;3&#8243; back_image=&#8221;13681&#8243; overlay_alpha=&#8221;50&#8243; shift_x=&#8221;0&#8243; shift_y=&#8221;0&#8243; shift_y_down=&#8221;0&#8243; z_index=&#8221;0&#8243; medium_width=&#8221;0&#8243; mobile_width=&#8221;0&#8243; css_animation=&#8221;right-t-left&#8221; width=&#8221;1\/2&#8243; mobile_height=&#8221;340&#8243; uncode_shortcode_id=&#8221;111973&#8243;][\/vc_column][\/vc_row][vc_row unlock_row_content=&#8221;yes&#8221; row_height_percent=&#8221;0&#8243; override_padding=&#8221;yes&#8221; h_padding=&#8221;0&#8243; top_padding=&#8221;0&#8243; bottom_padding=&#8221;0&#8243; overlay_alpha=&#8221;50&#8243; equal_height=&#8221;yes&#8221; gutter_size=&#8221;0&#8243; column_width_percent=&#8221;100&#8243; shift_y=&#8221;0&#8243; z_index=&#8221;0&#8243;][vc_column column_width_percent=&#8221;100&#8243; gutter_size=&#8221;3&#8243; back_image=&#8221;13682&#8243; overlay_alpha=&#8221;50&#8243; shift_x=&#8221;0&#8243; shift_y=&#8221;0&#8243; shift_y_down=&#8221;0&#8243; z_index=&#8221;0&#8243; medium_width=&#8221;0&#8243; mobile_width=&#8221;0&#8243; css_animation=&#8221;left-t-right&#8221; width=&#8221;1\/2&#8243; mobile_height=&#8221;340&#8243; uncode_shortcode_id=&#8221;173097&#8243;][\/vc_column][vc_column column_width_use_pixel=&#8221;yes&#8221; gutter_size=&#8221;3&#8243; override_padding=&#8221;yes&#8221; column_padding=&#8221;5&#8243; overlay_alpha=&#8221;50&#8243; shift_x=&#8221;0&#8243; shift_y=&#8221;0&#8243; shift_y_down=&#8221;0&#8243; z_index=&#8221;0&#8243; medium_width=&#8221;0&#8243; mobile_width=&#8221;0&#8243; width=&#8221;1\/2&#8243; column_width_pixel=&#8221;528&#8243;][vc_column_text text_lead=&#8221;small&#8221; uncode_shortcode_id=&#8221;142992&#8243;]Mussolenten tehtaalla puolestaan harjoitetaan mekaanista koneistusta, juotettujen ja tiivistettyjen levyl\u00e4mm\u00f6nvaihtimien tuotantoa sek\u00e4 suurten teollisuuslaitteiden rakentamista. N\u00e4iden alueiden <strong>pinta-ala on yhteens\u00e4 noin 23 000 neli\u00f6metri\u00e4<\/strong>.<\/p>\n<p>Wieland Ondalla on tehtaallaan t\u00e4ysin varustettu nykyaikainen laboratorio, jossa tehd\u00e4\u00e4n l\u00e4mp\u00f6testej\u00e4, ja se on vuosien mittaan tehnyt merkitt\u00e4v\u00e4\u00e4 ja hedelm\u00e4llist\u00e4 yhteisty\u00f6t\u00e4 tutkimuslaitosten, ammattilaisten ja yliopistojen kanssa.[\/vc_column_text][\/vc_column][\/vc_row][vc_row unlock_row_content=&#8221;yes&#8221; row_height_percent=&#8221;0&#8243; override_padding=&#8221;yes&#8221; h_padding=&#8221;0&#8243; top_padding=&#8221;0&#8243; bottom_padding=&#8221;0&#8243; overlay_alpha=&#8221;50&#8243; equal_height=&#8221;yes&#8221; gutter_size=&#8221;0&#8243; column_width_percent=&#8221;100&#8243; shift_y=&#8221;0&#8243; z_index=&#8221;0&#8243; el_class=&#8221;inverted-device-order&#8221;][vc_column column_width_use_pixel=&#8221;yes&#8221; gutter_size=&#8221;3&#8243; override_padding=&#8221;yes&#8221; column_padding=&#8221;5&#8243; overlay_alpha=&#8221;50&#8243; shift_x=&#8221;0&#8243; shift_y=&#8221;0&#8243; shift_y_down=&#8221;0&#8243; z_index=&#8221;0&#8243; medium_width=&#8221;0&#8243; mobile_width=&#8221;0&#8243; width=&#8221;1\/2&#8243; column_width_pixel=&#8221;528&#8243;][vc_column_text text_lead=&#8221;small&#8221; uncode_shortcode_id=&#8221;205120&#8243;]Wieland Ondan l\u00e4mm\u00f6nvaihtimet ovat <strong>paineastioita koskevien t\u00e4rkeimpien kansainv\u00e4listen direktiivien<\/strong> (PED, ASME, TEMA jne.) mukaisia. Pyynn\u00f6st\u00e4 Wieland Onda voi my\u00f6s p\u00e4tev\u00f6itt\u00e4\u00e4 laitteensa johtavien <strong>alusluokituslaitosten<\/strong> (RINA, DNV-GL, ABS, BVM, LRS ja muut) kanssa.<\/p>\n<p>Wieland Ondan ammattitaito ja perusteellinen tiet\u00e4mys painelaitteiden markkinoille saattamista s\u00e4\u00e4televist\u00e4 s\u00e4\u00e4d\u00f6ksist\u00e4 antaa sille mahdollisuuden hyv\u00e4ksy\u00e4 ja vastata kaikkiin pyynt\u00f6ihin, jotka koskevat sen <strong>tuotteiden mukauttamista tiettyihin kansainv\u00e4lisiin standardeihin<\/strong>.[\/vc_column_text][\/vc_column][vc_column column_width_percent=&#8221;100&#8243; gutter_size=&#8221;3&#8243; back_image=&#8221;13683&#8243; overlay_alpha=&#8221;50&#8243; shift_x=&#8221;0&#8243; shift_y=&#8221;0&#8243; shift_y_down=&#8221;0&#8243; z_index=&#8221;0&#8243; medium_width=&#8221;0&#8243; mobile_width=&#8221;0&#8243; css_animation=&#8221;right-t-left&#8221; width=&#8221;1\/2&#8243; mobile_height=&#8221;340&#8243; uncode_shortcode_id=&#8221;654675&#8243;][\/vc_column][\/vc_row][vc_row row_height_percent=&#8221;0&#8243; override_padding=&#8221;yes&#8221; h_padding=&#8221;2&#8243; top_padding=&#8221;4&#8243; bottom_padding=&#8221;2&#8243; overlay_alpha=&#8221;50&#8243; gutter_size=&#8221;3&#8243; column_width_percent=&#8221;100&#8243; shift_y=&#8221;0&#8243; z_index=&#8221;0&#8243; bottom_divider=&#8221;step&#8221; uncode_shortcode_id=&#8221;619178&#8243;][vc_column column_width_percent=&#8221;100&#8243; gutter_size=&#8221;3&#8243; overlay_alpha=&#8221;50&#8243; shift_x=&#8221;0&#8243; shift_y=&#8221;0&#8243; shift_y_down=&#8221;0&#8243; z_index=&#8221;0&#8243; medium_width=&#8221;0&#8243; mobile_width=&#8221;0&#8243; css_animation=&#8221;alpha-anim&#8221; width=&#8221;1\/1&#8243; uncode_shortcode_id=&#8221;102791&#8243;][vc_custom_heading text_color=&#8221;color-bg-blue&#8221; text_transform=&#8221;uppercase&#8221; uncode_shortcode_id=&#8221;458979&#8243; text_color_type=&#8221;uncode-palette&#8221;]Sertifikaatit[\/vc_custom_heading][vc_column_text text_lead=&#8221;small&#8221; uncode_shortcode_id=&#8221;386873&#8243;]Wieland Onda on ollut <strong>ISO 9001 -sertifioitu<\/strong> vuodesta 1996, ja sill\u00e4 on my\u00f6s seuraavat hyv\u00e4ksynn\u00e4t:<\/p>\n<ul>\n<li>Euroopan PED-direktiivi (painelaitedirektiivi) CE-merkityille tuotteille<\/li>\n<li>Paineastioiden ja l\u00e4mm\u00f6nvaihtimien suunnitteluun ja valmistukseen tarkoitetut PED CE H1 -laatumoduulit<\/li>\n<li>Kaikkia tuotteita koskeva EAC-ilmoitus Ven\u00e4j\u00e4n federaation osalta<\/li>\n<li>PER-direktiivi (painelaiteasetus) UKCA-merkkisille tuotteille<\/li>\n<li>Paineastioiden ja l\u00e4mm\u00f6nvaihtimien suunnitteluun ja valmistukseen tarkoitetut PER UKCA H1 -laatumoduulit<\/li>\n<\/ul>\n<p>[\/vc_column_text][vc_empty_space empty_h=&#8221;2&#8243;][vc_custom_heading text_color=&#8221;color-bg-blue&#8221; heading_semantic=&#8221;h3&#8243; text_size=&#8221;h3&#8243; text_transform=&#8221;uppercase&#8221; uncode_shortcode_id=&#8221;270445&#8243; text_color_type=&#8221;uncode-palette&#8221;]Se on my\u00f6s seuraavien sertifioitu toimittaja:[\/vc_custom_heading][\/vc_column][\/vc_row][vc_row row_height_percent=&#8221;0&#8243; override_padding=&#8221;yes&#8221; h_padding=&#8221;2&#8243; top_padding=&#8221;0&#8243; bottom_padding=&#8221;4&#8243; overlay_alpha=&#8221;50&#8243; equal_height=&#8221;yes&#8221; gutter_size=&#8221;3&#8243; column_width_percent=&#8221;100&#8243; shift_y=&#8221;0&#8243; z_index=&#8221;0&#8243; top_divider=&#8221;gradient&#8221; bottom_divider=&#8221;step_2_3&#8243; uncode_shortcode_id=&#8221;220989&#8243;][vc_column column_width_percent=&#8221;100&#8243; position_vertical=&#8221;middle&#8221; gutter_size=&#8221;4&#8243; overlay_alpha=&#8221;50&#8243; shift_x=&#8221;0&#8243; shift_y=&#8221;0&#8243; shift_y_down=&#8221;0&#8243; z_index=&#8221;0&#8243; medium_width=&#8221;0&#8243; mobile_width=&#8221;0&#8243; css_animation=&#8221;left-t-right&#8221; width=&#8221;1\/2&#8243; uncode_shortcode_id=&#8221;773336&#8243;][vc_single_image media=&#8221;13692&#8243; media_width_percent=&#8221;100&#8243; uncode_shortcode_id=&#8221;629284&#8243;][\/vc_column][vc_column column_width_percent=&#8221;100&#8243; gutter_size=&#8221;3&#8243; overlay_alpha=&#8221;50&#8243; shift_x=&#8221;0&#8243; shift_y=&#8221;0&#8243; shift_y_down=&#8221;0&#8243; z_index=&#8221;0&#8243; medium_width=&#8221;0&#8243; mobile_width=&#8221;0&#8243; css_animation=&#8221;right-t-left&#8221; width=&#8221;1\/2&#8243; uncode_shortcode_id=&#8221;201628&#8243;][vc_single_image media=&#8221;13693&#8243; media_width_percent=&#8221;100&#8243; uncode_shortcode_id=&#8221;732410&#8243;][\/vc_column][\/vc_row][vc_row][vc_column width=&#8221;1\/1&#8243;][uncode_block id=&#8221;1928&#8243;][\/vc_column][\/vc_row][vc_row][vc_column width=&#8221;1\/1&#8243;][uncode_block id=&#8221;1852&#8243;][\/vc_column][\/vc_row]<\/p>\n","protected":false},"excerpt":{"rendered":"<p>[vc_row row_height_percent=&#8221;60&#8243; override_padding=&#8221;yes&#8221; h_padding=&#8221;2&#8243; top_padding=&#8221;3&#8243; bottom_padding=&#8221;3&#8243; back_image=&#8221;16021&#8243; back_position=&#8221;center center&#8221; overlay_alpha=&#8221;0&#8243; equal_height=&#8221;yes&#8221; gutter_size=&#8221;3&#8243; column_width_percent=&#8221;100&#8243; shift_y=&#8221;0&#8243; z_index=&#8221;0&#8243; top_divider=&#8221;gradient&#8221; bottom_divider=&#8221;gradient&#8221; uncode_shortcode_id=&#8221;163805&#8243;][vc_column column_width_percent=&#8221;100&#8243; position_vertical=&#8221;bottom&#8221; [&hellip;]<\/p>\n","protected":false},"author":1,"featured_media":0,"parent":0,"menu_order":0,"comment_status":"closed","ping_status":"closed","template":"","meta":{"footnotes":""},"acf":[],"yoast_head":"<!-- This site is optimized with the Yoast SEO plugin v23.4 - https:\/\/yoast.com\/wordpress\/plugins\/seo\/ -->\n<title>Wieland Onda Mussolente \u2013 Teollisuuden l\u00e4mmitystekniikan ratkaisut<\/title>\n<meta name=\"description\" content=\"Wieland Onda Mussolente on HVAC\/R-alan toimija, joka toimittaa l\u00e4mmitystekniikkaa kansainv\u00e4lisille johtaville toimijoille ja valmistajille.\" \/>\n<meta name=\"robots\" content=\"index, follow, max-snippet:-1, max-image-preview:large, max-video-preview:-1\" \/>\n<link rel=\"canonical\" href=\"https:\/\/www.onda-it.com\/fin\/yhtio\/\" \/>\n<meta property=\"og:locale\" content=\"fi_FI\" \/>\n<meta property=\"og:type\" content=\"article\" \/>\n<meta property=\"og:title\" content=\"Wieland Onda Mussolente \u2013 Teollisuuden l\u00e4mmitystekniikan ratkaisut\" \/>\n<meta property=\"og:description\" content=\"Wieland Onda Mussolente on HVAC\/R-alan toimija, joka toimittaa l\u00e4mmitystekniikkaa kansainv\u00e4lisille johtaville toimijoille ja valmistajille.\" \/>\n<meta property=\"og:url\" content=\"https:\/\/www.onda-it.com\/fin\/yhtio\/\" \/>\n<meta property=\"og:site_name\" content=\"Wieland Onda Srl\" \/>\n<meta property=\"article:modified_time\" content=\"2026-01-20T13:59:23+00:00\" \/>\n<meta name=\"twitter:card\" content=\"summary_large_image\" \/>\n<meta name=\"twitter:label1\" content=\"Arvioitu lukuaika\" \/>\n\t<meta name=\"twitter:data1\" content=\"4 minuuttia\" \/>\n<script type=\"application\/ld+json\" class=\"yoast-schema-graph\">{\"@context\":\"https:\/\/schema.org\",\"@graph\":[{\"@type\":\"WebPage\",\"@id\":\"https:\/\/www.onda-it.com\/fin\/yhtio\/\",\"url\":\"https:\/\/www.onda-it.com\/fin\/yhtio\/\",\"name\":\"Wieland Onda Mussolente \u2013 Teollisuuden l\u00e4mmitystekniikan ratkaisut\",\"isPartOf\":{\"@id\":\"https:\/\/www.onda-it.com\/fin\/#website\"},\"datePublished\":\"2022-10-24T09:58:50+00:00\",\"dateModified\":\"2026-01-20T13:59:23+00:00\",\"description\":\"Wieland Onda Mussolente on HVAC\/R-alan toimija, joka toimittaa l\u00e4mmitystekniikkaa kansainv\u00e4lisille johtaville toimijoille ja valmistajille.\",\"breadcrumb\":{\"@id\":\"https:\/\/www.onda-it.com\/fin\/yhtio\/#breadcrumb\"},\"inLanguage\":\"fi\",\"potentialAction\":[{\"@type\":\"ReadAction\",\"target\":[\"https:\/\/www.onda-it.com\/fin\/yhtio\/\"]}]},{\"@type\":\"BreadcrumbList\",\"@id\":\"https:\/\/www.onda-it.com\/fin\/yhtio\/#breadcrumb\",\"itemListElement\":[{\"@type\":\"ListItem\",\"position\":1,\"name\":\"Home\",\"item\":\"https:\/\/www.onda-it.com\/fin\/\"},{\"@type\":\"ListItem\",\"position\":2,\"name\":\"Meist\u00e4\"}]},{\"@type\":\"WebSite\",\"@id\":\"https:\/\/www.onda-it.com\/fin\/#website\",\"url\":\"https:\/\/www.onda-it.com\/fin\/\",\"name\":\"Wieland Onda Srl\",\"description\":\"Onda - Advanced Heat Transfer Solution\",\"publisher\":{\"@id\":\"https:\/\/www.onda-it.com\/fin\/#organization\"},\"potentialAction\":[{\"@type\":\"SearchAction\",\"target\":{\"@type\":\"EntryPoint\",\"urlTemplate\":\"https:\/\/www.onda-it.com\/fin\/?s={search_term_string}\"},\"query-input\":{\"@type\":\"PropertyValueSpecification\",\"valueRequired\":true,\"valueName\":\"search_term_string\"}}],\"inLanguage\":\"fi\"},{\"@type\":\"Organization\",\"@id\":\"https:\/\/www.onda-it.com\/fin\/#organization\",\"name\":\"Wieland Onda Srl\",\"url\":\"https:\/\/www.onda-it.com\/fin\/\",\"logo\":{\"@type\":\"ImageObject\",\"inLanguage\":\"fi\",\"@id\":\"https:\/\/www.onda-it.com\/fin\/#\/schema\/logo\/image\/\",\"url\":\"\",\"contentUrl\":\"\",\"caption\":\"Wieland Onda Srl\"},\"image\":{\"@id\":\"https:\/\/www.onda-it.com\/fin\/#\/schema\/logo\/image\/\"},\"sameAs\":[\"https:\/\/www.linkedin.com\/company\/onda-s.p.a.\"]}]}<\/script>\n<!-- \/ Yoast SEO plugin. -->","yoast_head_json":{"title":"Wieland Onda Mussolente \u2013 Teollisuuden l\u00e4mmitystekniikan ratkaisut","description":"Wieland Onda Mussolente on HVAC\/R-alan toimija, joka toimittaa l\u00e4mmitystekniikkaa kansainv\u00e4lisille johtaville toimijoille ja valmistajille.","robots":{"index":"index","follow":"follow","max-snippet":"max-snippet:-1","max-image-preview":"max-image-preview:large","max-video-preview":"max-video-preview:-1"},"canonical":"https:\/\/www.onda-it.com\/fin\/yhtio\/","og_locale":"fi_FI","og_type":"article","og_title":"Wieland Onda Mussolente \u2013 Teollisuuden l\u00e4mmitystekniikan ratkaisut","og_description":"Wieland Onda Mussolente on HVAC\/R-alan toimija, joka toimittaa l\u00e4mmitystekniikkaa kansainv\u00e4lisille johtaville toimijoille ja valmistajille.","og_url":"https:\/\/www.onda-it.com\/fin\/yhtio\/","og_site_name":"Wieland Onda Srl","article_modified_time":"2026-01-20T13:59:23+00:00","twitter_card":"summary_large_image","twitter_misc":{"Arvioitu lukuaika":"4 minuuttia"},"schema":{"@context":"https:\/\/schema.org","@graph":[{"@type":"WebPage","@id":"https:\/\/www.onda-it.com\/fin\/yhtio\/","url":"https:\/\/www.onda-it.com\/fin\/yhtio\/","name":"Wieland Onda Mussolente \u2013 Teollisuuden l\u00e4mmitystekniikan ratkaisut","isPartOf":{"@id":"https:\/\/www.onda-it.com\/fin\/#website"},"datePublished":"2022-10-24T09:58:50+00:00","dateModified":"2026-01-20T13:59:23+00:00","description":"Wieland Onda Mussolente on HVAC\/R-alan toimija, joka toimittaa l\u00e4mmitystekniikkaa kansainv\u00e4lisille johtaville toimijoille ja valmistajille.","breadcrumb":{"@id":"https:\/\/www.onda-it.com\/fin\/yhtio\/#breadcrumb"},"inLanguage":"fi","potentialAction":[{"@type":"ReadAction","target":["https:\/\/www.onda-it.com\/fin\/yhtio\/"]}]},{"@type":"BreadcrumbList","@id":"https:\/\/www.onda-it.com\/fin\/yhtio\/#breadcrumb","itemListElement":[{"@type":"ListItem","position":1,"name":"Home","item":"https:\/\/www.onda-it.com\/fin\/"},{"@type":"ListItem","position":2,"name":"Meist\u00e4"}]},{"@type":"WebSite","@id":"https:\/\/www.onda-it.com\/fin\/#website","url":"https:\/\/www.onda-it.com\/fin\/","name":"Wieland Onda Srl","description":"Onda - Advanced Heat Transfer Solution","publisher":{"@id":"https:\/\/www.onda-it.com\/fin\/#organization"},"potentialAction":[{"@type":"SearchAction","target":{"@type":"EntryPoint","urlTemplate":"https:\/\/www.onda-it.com\/fin\/?s={search_term_string}"},"query-input":{"@type":"PropertyValueSpecification","valueRequired":true,"valueName":"search_term_string"}}],"inLanguage":"fi"},{"@type":"Organization","@id":"https:\/\/www.onda-it.com\/fin\/#organization","name":"Wieland Onda Srl","url":"https:\/\/www.onda-it.com\/fin\/","logo":{"@type":"ImageObject","inLanguage":"fi","@id":"https:\/\/www.onda-it.com\/fin\/#\/schema\/logo\/image\/","url":"","contentUrl":"","caption":"Wieland Onda Srl"},"image":{"@id":"https:\/\/www.onda-it.com\/fin\/#\/schema\/logo\/image\/"},"sameAs":["https:\/\/www.linkedin.com\/company\/onda-s.p.a."]}]}},"_links":{"self":[{"href":"https:\/\/www.onda-it.com\/fin\/wp-json\/wp\/v2\/pages\/14189"}],"collection":[{"href":"https:\/\/www.onda-it.com\/fin\/wp-json\/wp\/v2\/pages"}],"about":[{"href":"https:\/\/www.onda-it.com\/fin\/wp-json\/wp\/v2\/types\/page"}],"author":[{"embeddable":true,"href":"https:\/\/www.onda-it.com\/fin\/wp-json\/wp\/v2\/users\/1"}],"replies":[{"embeddable":true,"href":"https:\/\/www.onda-it.com\/fin\/wp-json\/wp\/v2\/comments?post=14189"}],"version-history":[{"count":12,"href":"https:\/\/www.onda-it.com\/fin\/wp-json\/wp\/v2\/pages\/14189\/revisions"}],"predecessor-version":[{"id":17261,"href":"https:\/\/www.onda-it.com\/fin\/wp-json\/wp\/v2\/pages\/14189\/revisions\/17261"}],"wp:attachment":[{"href":"https:\/\/www.onda-it.com\/fin\/wp-json\/wp\/v2\/media?parent=14189"}],"curies":[{"name":"wp","href":"https:\/\/api.w.org\/{rel}","templated":true}]}}