{"id":13294,"date":"2022-09-28T12:59:34","date_gmt":"2022-09-28T10:59:34","guid":{"rendered":"https:\/\/www.onda-it.com\/home\/"},"modified":"2026-01-20T14:56:04","modified_gmt":"2026-01-20T13:56:04","slug":"home","status":"publish","type":"page","link":"https:\/\/www.onda-it.com\/fin\/","title":{"rendered":"Home"},"content":{"rendered":"<p>[vc_row][vc_column width=&#8221;1\/1&#8243;][uncode_block id=&#8221;15407&#8243;][\/vc_column][\/vc_row][vc_row row_height_percent=&#8221;0&#8243; override_padding=&#8221;yes&#8221; h_padding=&#8221;2&#8243; top_padding=&#8221;3&#8243; bottom_padding=&#8221;3&#8243; overlay_alpha=&#8221;50&#8243; gutter_size=&#8221;3&#8243; column_width_percent=&#8221;100&#8243; shift_y=&#8221;0&#8243; z_index=&#8221;0&#8243; el_class=&#8221;inverted-device-order&#8221; uncode_shortcode_id=&#8221;129879&#8243;][vc_column column_width_percent=&#8221;100&#8243; position_vertical=&#8221;middle&#8221; gutter_size=&#8221;3&#8243; overlay_alpha=&#8221;50&#8243; shift_x=&#8221;0&#8243; shift_y=&#8221;0&#8243; shift_y_down=&#8221;0&#8243; z_index=&#8221;0&#8243; align_medium=&#8221;align_center_tablet&#8221; medium_width=&#8221;0&#8243; align_mobile=&#8221;align_center_mobile&#8221; mobile_width=&#8221;0&#8243; width=&#8221;5\/12&#8243; uncode_shortcode_id=&#8221;917379&#8243;][vc_custom_heading text_color=&#8221;accent&#8221; heading_semantic=&#8221;h4&#8243; text_size=&#8221;h4&#8243; text_transform=&#8221;uppercase&#8221; uncode_shortcode_id=&#8221;184056&#8243; el_class=&#8221;titolonuoviprodotti&#8221; text_color_type=&#8221;uncode-palette&#8221;]Uusi tuote[\/vc_custom_heading][vc_custom_heading heading_semantic=&#8221;h1&#8243; text_transform=&#8221;uppercase&#8221; uncode_shortcode_id=&#8221;139540&#8243; el_class=&#8221;titolonuoviprodottisotto&#8221;]Advanced Heat Exchangers[\/vc_custom_heading][vc_column_text uncode_shortcode_id=&#8221;875511&#8243;]Wieland Onda on yli 30 vuoden ajan ollut johtava <strong>l\u00e4mm\u00f6nvaihtoratkaisujen<\/strong> valmistaja teollisuuden ilmastointi- ja j\u00e4\u00e4hdytyssovelluksiin.[\/vc_column_text][vc_button button_color=&#8221;accent&#8221; hover_fx=&#8221;outlined&#8221; border_width=&#8221;0&#8243; link=&#8221;url:https%3A%2F%2Fwww.onda-it.com%2Ffin%2Fyhtio%2F|title:Yhti%C3%B6&#8243; button_color_type=&#8221;uncode-palette&#8221; uncode_shortcode_id=&#8221;165190&#8243;]KEIT\u00c4 ME OLEMME[\/vc_button][\/vc_column][vc_column width=&#8221;7\/12&#8243;][vc_gallery el_id=&#8221;gallery-home&#8221; type=&#8221;carousel&#8221; medias=&#8221;13312,13311,13310&#8243; carousel_lg=&#8221;1&#8243; carousel_md=&#8221;1&#8243; carousel_sm=&#8221;1&#8243; thumb_size=&#8221;one-one&#8221; gutter_size=&#8221;3&#8243; inner_padding=&#8221;yes&#8221; media_items=&#8221;media|custom_link|original&#8221; carousel_v_align=&#8221;middle&#8221; carousel_interval=&#8221;0&#8243; carousel_navspeed=&#8221;400&#8243; carousel_loop=&#8221;yes&#8221; carousel_nav=&#8221;yes&#8221; carousel_nav_mobile=&#8221;yes&#8221; carousel_dots=&#8221;yes&#8221; carousel_dots_mobile=&#8221;yes&#8221; stage_padding=&#8221;0&#8243; single_overlay_opacity=&#8221;1&#8243; single_overlay_anim=&#8221;no&#8221; single_image_anim=&#8221;no&#8221; single_h_align=&#8221;center&#8221; single_reduced=&#8221;limit-width&#8221; single_padding=&#8221;2&#8243; uncode_shortcode_id=&#8221;559051&#8243; el_class=&#8221;carousel-gallery carousel-nav-bottom bg-circle-red&#8221; items=&#8221;eyI1Mjk0X2kiOnsic2luZ2xlX2xpbmsiOiJ1cmw6JTJGZmluJTJGdHVvdHRlZXQlMkZqdW90ZXR1dC1sZXZ5bGFtbW9udmFpaHRpbWV0JTJGdXVzaS1sZXZ5aG95cnlzdGluLXM3MjclMkZ8dGl0bGU6VXVzaSUyMGxldnloJUMzJUI2eXJ5c3RpbiUyMHM3MjcifSwiNTMwOF9pIjp7InNpbmdsZV9saW5rIjoidXJsOiUyRmZpbiUyRnR1b3R0ZWV0JTJGcHV0a2lsYW1tb252YWlodGltZXQlMkZ8dGl0bGU6UHV0a2lsJUMzJUE0bW0lQzMlQjZudmFpaHRpbWV0In0sIjUzMDFfaSI6eyJzaW5nbGVfbGluayI6InVybDolMkZmaW4lMkZ0dW90dGVldCUyRmlsbWF0dW90dGVldCUyRnx0aXRsZTpJbG1hbCVDMyU4MyVDMiVBNG1tJUMzJTgzJUMyJUI2bnZhaWh0aW1ldCIsInNpbmdsZV9pY29uIjoiIn19&#8243; single_link=&#8221;url:%23&#8243;][\/vc_column][\/vc_row][vc_row][vc_column width=&#8221;1\/1&#8243;][uncode_block id=&#8221;14322&#8243;][\/vc_column][\/vc_row][vc_row unlock_row_content=&#8221;yes&#8221; row_height_percent=&#8221;0&#8243; override_padding=&#8221;yes&#8221; h_padding=&#8221;0&#8243; top_padding=&#8221;0&#8243; bottom_padding=&#8221;0&#8243; overlay_alpha=&#8221;50&#8243; gutter_size=&#8221;0&#8243; column_width_percent=&#8221;100&#8243; shift_y=&#8221;0&#8243; z_index=&#8221;0&#8243; uncode_shortcode_id=&#8221;165422&#8243; el_class=&#8221;php-row-container&#8221;][vc_column width=&#8221;1\/1&#8243;][vc_raw_html]JTVCeHl6LWlwcyUyMHNuaXBwZXQlM0QlMjJyb3ctbnVtYmVyLWNvdW50ZXIlMjIlNUQ=[\/vc_raw_html][\/vc_column][\/vc_row][vc_row row_height_percent=&#8221;0&#8243; override_padding=&#8221;yes&#8221; h_padding=&#8221;2&#8243; top_padding=&#8221;3&#8243; bottom_padding=&#8221;3&#8243; overlay_alpha=&#8221;50&#8243; gutter_size=&#8221;3&#8243; column_width_percent=&#8221;100&#8243; shift_y=&#8221;0&#8243; z_index=&#8221;0&#8243; el_class=&#8221;inverted-device-order nascondi&#8221; uncode_shortcode_id=&#8221;171186&#8243;][vc_column column_width_percent=&#8221;100&#8243; position_vertical=&#8221;middle&#8221; gutter_size=&#8221;3&#8243; overlay_alpha=&#8221;50&#8243; shift_x=&#8221;0&#8243; shift_y=&#8221;0&#8243; shift_y_down=&#8221;0&#8243; z_index=&#8221;0&#8243; align_medium=&#8221;align_center_tablet&#8221; medium_width=&#8221;0&#8243; align_mobile=&#8221;align_center_mobile&#8221; mobile_width=&#8221;0&#8243; width=&#8221;5\/12&#8243; uncode_shortcode_id=&#8221;145067&#8243;][vc_custom_heading heading_semantic=&#8221;h3&#8243; uncode_shortcode_id=&#8221;183211&#8243;]DOWNLOAD-ALUE[\/vc_custom_heading][vc_column_text uncode_shortcode_id=&#8221;142571&#8243;]Lataa kaikki tuotetietoaineistomme PDF-muodossa ja valintaohjelmistomme.[\/vc_column_text][vc_button button_color=&#8221;accent&#8221; hover_fx=&#8221;outlined&#8221; border_width=&#8221;0&#8243; link=&#8221;url:%2Ffin%2Fdownload%2F|title:MENE%20DOWNLOAD-ALUEELLE&#8221; button_color_type=&#8221;uncode-palette&#8221; uncode_shortcode_id=&#8221;130756&#8243;]MENE DOWNLOAD-ALUEELLE[\/vc_button][\/vc_column][vc_column width=&#8221;7\/12&#8243;][vc_single_image media=&#8221;13298&#8243; media_width_percent=&#8221;100&#8243; media_ratio=&#8221;sixteen-nine&#8221; uncode_shortcode_id=&#8221;146447&#8243;][\/vc_column][\/vc_row][vc_row][vc_column width=&#8221;1\/1&#8243;][uncode_block id=&#8221;1928&#8243;][\/vc_column][\/vc_row][vc_row][vc_column width=&#8221;1\/1&#8243;][uncode_block id=&#8221;1852&#8243;][\/vc_column][\/vc_row]<\/p>\n","protected":false},"excerpt":{"rendered":"<p>[vc_row][vc_column width=&#8221;1\/1&#8243;][uncode_block id=&#8221;15407&#8243;][\/vc_column][\/vc_row][vc_row row_height_percent=&#8221;0&#8243; override_padding=&#8221;yes&#8221; h_padding=&#8221;2&#8243; top_padding=&#8221;3&#8243; bottom_padding=&#8221;3&#8243; overlay_alpha=&#8221;50&#8243; gutter_size=&#8221;3&#8243; column_width_percent=&#8221;100&#8243; shift_y=&#8221;0&#8243; z_index=&#8221;0&#8243; el_class=&#8221;inverted-device-order&#8221; uncode_shortcode_id=&#8221;129879&#8243;][vc_column column_width_percent=&#8221;100&#8243; position_vertical=&#8221;middle&#8221; gutter_size=&#8221;3&#8243; overlay_alpha=&#8221;50&#8243; shift_x=&#8221;0&#8243; [&hellip;]<\/p>\n","protected":false},"author":1,"featured_media":0,"parent":0,"menu_order":0,"comment_status":"closed","ping_status":"closed","template":"","meta":{"footnotes":""},"acf":[],"yoast_head":"<!-- This site is optimized with the Yoast SEO plugin v23.4 - https:\/\/yoast.com\/wordpress\/plugins\/seo\/ -->\n<title>Johtava kaukol\u00e4mm\u00f6n l\u00e4mm\u00f6nvaihdinvalmistaja | Wieland Onda Spa<\/title>\n<meta name=\"description\" content=\"Yli 30 vuotta Onda Spa on ollut johtava l\u00e4mm\u00f6nvaihdin kaukol\u00e4mp\u00f6 -valmistaja eri teollisuuden sovelluksiin.\" \/>\n<meta name=\"robots\" content=\"index, follow, max-snippet:-1, max-image-preview:large, max-video-preview:-1\" \/>\n<link rel=\"canonical\" href=\"https:\/\/www.onda-it.com\/fin\/\" \/>\n<meta property=\"og:locale\" content=\"fi_FI\" \/>\n<meta property=\"og:type\" content=\"article\" \/>\n<meta property=\"og:title\" content=\"Johtava kaukol\u00e4mm\u00f6n l\u00e4mm\u00f6nvaihdinvalmistaja | Wieland Onda Spa\" \/>\n<meta property=\"og:description\" content=\"Yli 30 vuotta Onda Spa on ollut johtava l\u00e4mm\u00f6nvaihdin kaukol\u00e4mp\u00f6 -valmistaja eri teollisuuden sovelluksiin.\" \/>\n<meta property=\"og:url\" content=\"https:\/\/www.onda-it.com\/fin\/\" \/>\n<meta property=\"og:site_name\" content=\"Wieland Onda Srl\" \/>\n<meta property=\"article:modified_time\" content=\"2026-01-20T13:56:04+00:00\" \/>\n<meta name=\"twitter:card\" content=\"summary_large_image\" \/>\n<meta name=\"twitter:label1\" content=\"Arvioitu lukuaika\" \/>\n\t<meta name=\"twitter:data1\" content=\"2 minuuttia\" \/>\n<script type=\"application\/ld+json\" class=\"yoast-schema-graph\">{\"@context\":\"https:\/\/schema.org\",\"@graph\":[{\"@type\":\"WebPage\",\"@id\":\"https:\/\/www.onda-it.com\/fin\/\",\"url\":\"https:\/\/www.onda-it.com\/fin\/\",\"name\":\"Johtava kaukol\u00e4mm\u00f6n l\u00e4mm\u00f6nvaihdinvalmistaja | Wieland Onda Spa\",\"isPartOf\":{\"@id\":\"https:\/\/www.onda-it.com\/fin\/#website\"},\"datePublished\":\"2022-09-28T10:59:34+00:00\",\"dateModified\":\"2026-01-20T13:56:04+00:00\",\"description\":\"Yli 30 vuotta Onda Spa on ollut johtava l\u00e4mm\u00f6nvaihdin kaukol\u00e4mp\u00f6 -valmistaja eri teollisuuden sovelluksiin.\",\"breadcrumb\":{\"@id\":\"https:\/\/www.onda-it.com\/fin\/#breadcrumb\"},\"inLanguage\":\"fi\",\"potentialAction\":[{\"@type\":\"ReadAction\",\"target\":[\"https:\/\/www.onda-it.com\/fin\/\"]}]},{\"@type\":\"BreadcrumbList\",\"@id\":\"https:\/\/www.onda-it.com\/fin\/#breadcrumb\",\"itemListElement\":[{\"@type\":\"ListItem\",\"position\":1,\"name\":\"Home\",\"item\":\"https:\/\/www.onda-it.com\/fin\/\"},{\"@type\":\"ListItem\",\"position\":2,\"name\":\"Home\"}]},{\"@type\":\"WebSite\",\"@id\":\"https:\/\/www.onda-it.com\/fin\/#website\",\"url\":\"https:\/\/www.onda-it.com\/fin\/\",\"name\":\"Wieland Onda Srl\",\"description\":\"Onda - Advanced Heat Transfer Solution\",\"publisher\":{\"@id\":\"https:\/\/www.onda-it.com\/fin\/#organization\"},\"potentialAction\":[{\"@type\":\"SearchAction\",\"target\":{\"@type\":\"EntryPoint\",\"urlTemplate\":\"https:\/\/www.onda-it.com\/fin\/?s={search_term_string}\"},\"query-input\":{\"@type\":\"PropertyValueSpecification\",\"valueRequired\":true,\"valueName\":\"search_term_string\"}}],\"inLanguage\":\"fi\"},{\"@type\":\"Organization\",\"@id\":\"https:\/\/www.onda-it.com\/fin\/#organization\",\"name\":\"Wieland Onda Srl\",\"url\":\"https:\/\/www.onda-it.com\/fin\/\",\"logo\":{\"@type\":\"ImageObject\",\"inLanguage\":\"fi\",\"@id\":\"https:\/\/www.onda-it.com\/fin\/#\/schema\/logo\/image\/\",\"url\":\"\",\"contentUrl\":\"\",\"caption\":\"Wieland Onda Srl\"},\"image\":{\"@id\":\"https:\/\/www.onda-it.com\/fin\/#\/schema\/logo\/image\/\"},\"sameAs\":[\"https:\/\/www.linkedin.com\/company\/onda-s.p.a.\"]}]}<\/script>\n<!-- \/ Yoast SEO plugin. -->","yoast_head_json":{"title":"Johtava kaukol\u00e4mm\u00f6n l\u00e4mm\u00f6nvaihdinvalmistaja | Wieland Onda Spa","description":"Yli 30 vuotta Onda Spa on ollut johtava l\u00e4mm\u00f6nvaihdin kaukol\u00e4mp\u00f6 -valmistaja eri teollisuuden sovelluksiin.","robots":{"index":"index","follow":"follow","max-snippet":"max-snippet:-1","max-image-preview":"max-image-preview:large","max-video-preview":"max-video-preview:-1"},"canonical":"https:\/\/www.onda-it.com\/fin\/","og_locale":"fi_FI","og_type":"article","og_title":"Johtava kaukol\u00e4mm\u00f6n l\u00e4mm\u00f6nvaihdinvalmistaja | Wieland Onda Spa","og_description":"Yli 30 vuotta Onda Spa on ollut johtava l\u00e4mm\u00f6nvaihdin kaukol\u00e4mp\u00f6 -valmistaja eri teollisuuden sovelluksiin.","og_url":"https:\/\/www.onda-it.com\/fin\/","og_site_name":"Wieland Onda Srl","article_modified_time":"2026-01-20T13:56:04+00:00","twitter_card":"summary_large_image","twitter_misc":{"Arvioitu lukuaika":"2 minuuttia"},"schema":{"@context":"https:\/\/schema.org","@graph":[{"@type":"WebPage","@id":"https:\/\/www.onda-it.com\/fin\/","url":"https:\/\/www.onda-it.com\/fin\/","name":"Johtava kaukol\u00e4mm\u00f6n l\u00e4mm\u00f6nvaihdinvalmistaja | Wieland Onda Spa","isPartOf":{"@id":"https:\/\/www.onda-it.com\/fin\/#website"},"datePublished":"2022-09-28T10:59:34+00:00","dateModified":"2026-01-20T13:56:04+00:00","description":"Yli 30 vuotta Onda Spa on ollut johtava l\u00e4mm\u00f6nvaihdin kaukol\u00e4mp\u00f6 -valmistaja eri teollisuuden sovelluksiin.","breadcrumb":{"@id":"https:\/\/www.onda-it.com\/fin\/#breadcrumb"},"inLanguage":"fi","potentialAction":[{"@type":"ReadAction","target":["https:\/\/www.onda-it.com\/fin\/"]}]},{"@type":"BreadcrumbList","@id":"https:\/\/www.onda-it.com\/fin\/#breadcrumb","itemListElement":[{"@type":"ListItem","position":1,"name":"Home","item":"https:\/\/www.onda-it.com\/fin\/"},{"@type":"ListItem","position":2,"name":"Home"}]},{"@type":"WebSite","@id":"https:\/\/www.onda-it.com\/fin\/#website","url":"https:\/\/www.onda-it.com\/fin\/","name":"Wieland Onda Srl","description":"Onda - Advanced Heat Transfer Solution","publisher":{"@id":"https:\/\/www.onda-it.com\/fin\/#organization"},"potentialAction":[{"@type":"SearchAction","target":{"@type":"EntryPoint","urlTemplate":"https:\/\/www.onda-it.com\/fin\/?s={search_term_string}"},"query-input":{"@type":"PropertyValueSpecification","valueRequired":true,"valueName":"search_term_string"}}],"inLanguage":"fi"},{"@type":"Organization","@id":"https:\/\/www.onda-it.com\/fin\/#organization","name":"Wieland Onda Srl","url":"https:\/\/www.onda-it.com\/fin\/","logo":{"@type":"ImageObject","inLanguage":"fi","@id":"https:\/\/www.onda-it.com\/fin\/#\/schema\/logo\/image\/","url":"","contentUrl":"","caption":"Wieland Onda Srl"},"image":{"@id":"https:\/\/www.onda-it.com\/fin\/#\/schema\/logo\/image\/"},"sameAs":["https:\/\/www.linkedin.com\/company\/onda-s.p.a."]}]}},"_links":{"self":[{"href":"https:\/\/www.onda-it.com\/fin\/wp-json\/wp\/v2\/pages\/13294"}],"collection":[{"href":"https:\/\/www.onda-it.com\/fin\/wp-json\/wp\/v2\/pages"}],"about":[{"href":"https:\/\/www.onda-it.com\/fin\/wp-json\/wp\/v2\/types\/page"}],"author":[{"embeddable":true,"href":"https:\/\/www.onda-it.com\/fin\/wp-json\/wp\/v2\/users\/1"}],"replies":[{"embeddable":true,"href":"https:\/\/www.onda-it.com\/fin\/wp-json\/wp\/v2\/comments?post=13294"}],"version-history":[{"count":43,"href":"https:\/\/www.onda-it.com\/fin\/wp-json\/wp\/v2\/pages\/13294\/revisions"}],"predecessor-version":[{"id":17260,"href":"https:\/\/www.onda-it.com\/fin\/wp-json\/wp\/v2\/pages\/13294\/revisions\/17260"}],"wp:attachment":[{"href":"https:\/\/www.onda-it.com\/fin\/wp-json\/wp\/v2\/media?parent=13294"}],"curies":[{"name":"wp","href":"https:\/\/api.w.org\/{rel}","templated":true}]}}