{"id":7803,"date":"2022-10-24T14:52:34","date_gmt":"2022-10-24T12:52:34","guid":{"rendered":"https:\/\/www.onda-it.com\/?page_id=7803"},"modified":"2025-03-14T09:39:20","modified_gmt":"2025-03-14T08:39:20","slug":"vision-auftrag","status":"publish","type":"page","link":"https:\/\/www.onda-it.com\/deu\/vision-mission\/","title":{"rendered":"Vision &#038; Mission"},"content":{"rendered":"<p>[vc_row row_height_percent=&#8221;60&#8243; override_padding=&#8221;yes&#8221; h_padding=&#8221;2&#8243; top_padding=&#8221;3&#8243; bottom_padding=&#8221;3&#8243; back_image=&#8221;2965&#8243; back_position=&#8221;center top&#8221; overlay_alpha=&#8221;0&#8243; equal_height=&#8221;yes&#8221; gutter_size=&#8221;3&#8243; column_width_percent=&#8221;100&#8243; shift_y=&#8221;0&#8243; z_index=&#8221;0&#8243; top_divider=&#8221;gradient&#8221; bottom_divider=&#8221;gradient&#8221; uncode_shortcode_id=&#8221;324159&#8243;][vc_column column_width_percent=&#8221;100&#8243; position_vertical=&#8221;bottom&#8221; gutter_size=&#8221;3&#8243; style=&#8221;dark&#8221; overlay_alpha=&#8221;50&#8243; shift_x=&#8221;0&#8243; shift_y=&#8221;0&#8243; shift_y_down=&#8221;0&#8243; z_index=&#8221;0&#8243; medium_width=&#8221;0&#8243; mobile_width=&#8221;0&#8243; width=&#8221;1\/1&#8243;][vc_row_inner row_inner_height_percent=&#8221;0&#8243; overlay_alpha=&#8221;50&#8243; gutter_size=&#8221;3&#8243; shift_y=&#8221;0&#8243;][vc_column_inner column_width_percent=&#8221;100&#8243; gutter_size=&#8221;3&#8243; style=&#8221;dark&#8221; overlay_alpha=&#8221;50&#8243; shift_x=&#8221;0&#8243; shift_y=&#8221;0&#8243; shift_y_down=&#8221;0&#8243; z_index=&#8221;0&#8243; medium_width=&#8221;0&#8243; mobile_width=&#8221;0&#8243; css_animation=&#8221;alpha-anim&#8221; animation_delay=&#8221;200&#8243; width=&#8221;1\/1&#8243;][vc_custom_heading text_color=&#8221;color-white&#8221; heading_semantic=&#8221;h1&#8243; text_transform=&#8221;uppercase&#8221; css_animation=&#8221;typewriter&#8221; animation_delay=&#8221;400&#8243; interval_animation=&#8221;20&#8243; uncode_shortcode_id=&#8221;103221&#8243; text_color_type=&#8221;uncode-palette&#8221;]Vision &amp; Mission[\/vc_custom_heading][\/vc_column_inner][\/vc_row_inner][\/vc_column][\/vc_row][vc_row row_height_percent=&#8221;0&#8243; override_padding=&#8221;yes&#8221; h_padding=&#8221;2&#8243; top_padding=&#8221;4&#8243; bottom_padding=&#8221;4&#8243; back_color=&#8221;color-bg-red&#8221; overlay_alpha=&#8221;50&#8243; gutter_size=&#8221;3&#8243; column_width_percent=&#8221;100&#8243; shift_y=&#8221;0&#8243; z_index=&#8221;0&#8243; bottom_divider=&#8221;step&#8221; uncode_shortcode_id=&#8221;130406&#8243; back_color_type=&#8221;uncode-palette&#8221;][vc_column column_width_percent=&#8221;100&#8243; gutter_size=&#8221;3&#8243; overlay_alpha=&#8221;50&#8243; shift_x=&#8221;0&#8243; shift_y=&#8221;0&#8243; shift_y_down=&#8221;0&#8243; z_index=&#8221;0&#8243; medium_width=&#8221;0&#8243; mobile_width=&#8221;0&#8243; css_animation=&#8221;alpha-anim&#8221; width=&#8221;1\/1&#8243; uncode_shortcode_id=&#8221;687338&#8243;][vc_custom_heading text_color=&#8221;color-white&#8221; text_transform=&#8221;uppercase&#8221; uncode_shortcode_id=&#8221;576546&#8243; text_color_type=&#8221;uncode-palette&#8221;]Vision[\/vc_custom_heading][vc_column_text text_lead=&#8221;small&#8221; text_color=&#8221;color-white&#8221; uncode_shortcode_id=&#8221;630226&#8243; text_color_type=&#8221;uncode-palette&#8221;]Wir m\u00f6chten Erfinder fortschrittlicher Technologien sein, die weltweit die Infrastrukturen verbessern und einen Wandel f\u00f6rdern k\u00f6nnen. Als zuverl\u00e4ssiger Partner ziehen wir dabei die Gesellschaft hinzu, damit unsere Welt nachhaltiger wird.[\/vc_column_text][\/vc_column][\/vc_row][vc_row unlock_row_content=&#8221;yes&#8221; row_height_percent=&#8221;0&#8243; override_padding=&#8221;yes&#8221; h_padding=&#8221;0&#8243; top_padding=&#8221;0&#8243; bottom_padding=&#8221;0&#8243; overlay_alpha=&#8221;50&#8243; equal_height=&#8221;yes&#8221; gutter_size=&#8221;0&#8243; column_width_percent=&#8221;100&#8243; shift_y=&#8221;0&#8243; z_index=&#8221;0&#8243; el_class=&#8221;inverted-device-order&#8221;][vc_column column_width_percent=&#8221;100&#8243; gutter_size=&#8221;3&#8243; back_image=&#8221;8077&#8243; overlay_alpha=&#8221;50&#8243; shift_x=&#8221;0&#8243; shift_y=&#8221;0&#8243; shift_y_down=&#8221;0&#8243; z_index=&#8221;0&#8243; medium_width=&#8221;0&#8243; mobile_width=&#8221;0&#8243; css_animation=&#8221;right-t-left&#8221; width=&#8221;1\/2&#8243; mobile_height=&#8221;340&#8243; uncode_shortcode_id=&#8221;118940&#8243;][\/vc_column][vc_column column_width_use_pixel=&#8221;yes&#8221; gutter_size=&#8221;3&#8243; override_padding=&#8221;yes&#8221; column_padding=&#8221;5&#8243; overlay_alpha=&#8221;50&#8243; shift_x=&#8221;0&#8243; shift_y=&#8221;0&#8243; shift_y_down=&#8221;0&#8243; z_index=&#8221;0&#8243; medium_width=&#8221;0&#8243; mobile_width=&#8221;0&#8243; css_animation=&#8221;right-t-left&#8221; width=&#8221;1\/2&#8243; column_width_pixel=&#8221;528&#8243; uncode_shortcode_id=&#8221;815942&#8243;][vc_custom_heading text_transform=&#8221;uppercase&#8221; uncode_shortcode_id=&#8221;103458&#8243;]Mission[\/vc_custom_heading][vc_column_text text_lead=&#8221;small&#8221; uncode_shortcode_id=&#8221;190611&#8243;]Wieland Onda ist weltweit f\u00fcr schnelle Reaktionen mit technologischen und innovativen L\u00f6sungen bekannt, die mit Flexibilit\u00e4t und experimenteller Veranlagung technischen und produktionsbezogenen Bed\u00fcrfnissen der Kunden gerecht werden.<\/p>\n<p>Wir entwickeln Komponenten f\u00fcr die Klimatisierung, K\u00fchlung und W\u00e4rme\u00fcbertragung, bedienen umfassend den gesamten Markt und wahren dabei unsere Spezialisierung, um uns weltweit von den Mitbewerbern zu unterscheiden.\u00a0 Unsere Produktionswerke in Italien und im Ausland zeugen von unserer Transversalit\u00e4t.<\/p>\n<p>Wir schlie\u00dfen Kooperationen mit denen, die die aktuellen Technologien verwalten und w\u00e4hlen hierzu zuverl\u00e4ssige, konstruktive und neuen Ideen aufgeschlossene Partner der Branche.[\/vc_column_text][\/vc_column][\/vc_row][vc_row unlock_row_content=&#8221;yes&#8221; row_height_percent=&#8221;0&#8243; override_padding=&#8221;yes&#8221; h_padding=&#8221;0&#8243; top_padding=&#8221;0&#8243; bottom_padding=&#8221;0&#8243; overlay_alpha=&#8221;50&#8243; equal_height=&#8221;yes&#8221; gutter_size=&#8221;0&#8243; column_width_percent=&#8221;100&#8243; shift_y=&#8221;0&#8243; z_index=&#8221;0&#8243;][vc_column column_width_use_pixel=&#8221;yes&#8221; gutter_size=&#8221;3&#8243; override_padding=&#8221;yes&#8221; column_padding=&#8221;5&#8243; overlay_alpha=&#8221;50&#8243; shift_x=&#8221;0&#8243; shift_y=&#8221;0&#8243; shift_y_down=&#8221;0&#8243; z_index=&#8221;0&#8243; medium_width=&#8221;0&#8243; mobile_width=&#8221;0&#8243; css_animation=&#8221;left-t-right&#8221; width=&#8221;1\/2&#8243; column_width_pixel=&#8221;528&#8243; uncode_shortcode_id=&#8221;200695&#8243;][vc_column_text text_lead=&#8221;small&#8221; uncode_shortcode_id=&#8221;316991&#8243;]Wir arbeiten auf internationaler Basis mit den Zielgruppen: OEM-Hersteller, Anlagentechniker, Konstrukteure, Installateure\/Auftragnehmer und Endbenutzer, und richten uns nach einer ethischen Handelspolitik.<\/p>\n<p>Wir sind eine h\u00f6chst kompetente und konstruktive Arbeitsgruppe, die f\u00fcr eine st\u00e4ndige Verbesserung und Effizienz zur Innovation und zum Wandel neigt, sind organisiert und richten uns vereint nach den Referenzpunkten der Betriebswerte.<\/p>\n<p>Wir sind f\u00fcr die akademische Welt und die Branche ein anerkannter Anhaltspunkt, dank der Exzellenz unseres Forschungszentrums mit den besten verf\u00fcgbaren Talenten im Herzen des Unternehmens und der Academy, die nachhaltige Kultur in die Welt bringt und f\u00f6rdert.[\/vc_column_text][\/vc_column][vc_column column_width_percent=&#8221;100&#8243; gutter_size=&#8221;3&#8243; back_image=&#8221;8084&#8243; overlay_alpha=&#8221;50&#8243; shift_x=&#8221;0&#8243; shift_y=&#8221;0&#8243; shift_y_down=&#8221;0&#8243; z_index=&#8221;0&#8243; medium_width=&#8221;0&#8243; mobile_width=&#8221;0&#8243; css_animation=&#8221;right-t-left&#8221; width=&#8221;1\/2&#8243; mobile_height=&#8221;340&#8243; uncode_shortcode_id=&#8221;538807&#8243;][\/vc_column][\/vc_row][vc_row row_height_percent=&#8221;0&#8243; override_padding=&#8221;yes&#8221; h_padding=&#8221;2&#8243; top_padding=&#8221;4&#8243; bottom_padding=&#8221;2&#8243; overlay_alpha=&#8221;50&#8243; gutter_size=&#8221;3&#8243; column_width_percent=&#8221;100&#8243; shift_y=&#8221;0&#8243; z_index=&#8221;0&#8243; bottom_divider=&#8221;step&#8221; uncode_shortcode_id=&#8221;619178&#8243;][vc_column column_width_percent=&#8221;100&#8243; gutter_size=&#8221;3&#8243; overlay_alpha=&#8221;50&#8243; shift_x=&#8221;0&#8243; shift_y=&#8221;0&#8243; shift_y_down=&#8221;0&#8243; z_index=&#8221;0&#8243; medium_width=&#8221;0&#8243; mobile_width=&#8221;0&#8243; css_animation=&#8221;alpha-anim&#8221; width=&#8221;1\/1&#8243; uncode_shortcode_id=&#8221;102791&#8243;][vc_custom_heading text_color=&#8221;color-bg-blue&#8221; text_transform=&#8221;uppercase&#8221; uncode_shortcode_id=&#8221;190437&#8243; text_color_type=&#8221;uncode-palette&#8221;]Unsere werte[\/vc_custom_heading][\/vc_column][\/vc_row][vc_row][vc_column column_width_percent=&#8221;100&#8243; gutter_size=&#8221;3&#8243; overlay_alpha=&#8221;50&#8243; shift_x=&#8221;0&#8243; shift_y=&#8221;0&#8243; shift_y_down=&#8221;0&#8243; z_index=&#8221;0&#8243; medium_width=&#8221;0&#8243; mobile_width=&#8221;0&#8243; css_animation=&#8221;left-t-right&#8221; width=&#8221;1\/4&#8243; uncode_shortcode_id=&#8221;128049&#8243;][vc_custom_heading heading_semantic=&#8221;h4&#8243; text_size=&#8221;&#8221; uncode_shortcode_id=&#8221;125519&#8243;]Vision[\/vc_custom_heading][\/vc_column][vc_column column_width_percent=&#8221;100&#8243; gutter_size=&#8221;3&#8243; overlay_alpha=&#8221;50&#8243; shift_x=&#8221;0&#8243; shift_y=&#8221;0&#8243; shift_y_down=&#8221;0&#8243; z_index=&#8221;0&#8243; medium_width=&#8221;0&#8243; mobile_width=&#8221;0&#8243; css_animation=&#8221;right-t-left&#8221; width=&#8221;3\/4&#8243; uncode_shortcode_id=&#8221;110161&#8243;][vc_column_text uncode_shortcode_id=&#8221;496529&#8243;]Unsere VISION ist die Vorstellung von etwas, was noch nicht ersonnen und realisiert wurde (auch noch nie gefertigte Produkte), denn all das was wir sehen, ist eine neue Gelegenheit.\u00a0 Dies bedeutet, anomale und andersartige Dinge zu erfinden, um sie zu verbessern, zu besprechen, zu perfektionieren und letztendlich auszuf\u00fchren!\u00a0 Unsere Vision ist Neugier, aber auch ein Prozess: All das was sich um uns befindet, wird zuerst beobachtet, dann ausgewertet, vertieft und zuletzt konkretisiert.[\/vc_column_text][\/vc_column][\/vc_row][vc_row][vc_column column_width_percent=&#8221;100&#8243; gutter_size=&#8221;3&#8243; overlay_alpha=&#8221;50&#8243; shift_x=&#8221;0&#8243; shift_y=&#8221;0&#8243; shift_y_down=&#8221;0&#8243; z_index=&#8221;0&#8243; medium_width=&#8221;0&#8243; mobile_width=&#8221;0&#8243; css_animation=&#8221;left-t-right&#8221; width=&#8221;1\/4&#8243; uncode_shortcode_id=&#8221;138322&#8243;][vc_custom_heading heading_semantic=&#8221;h4&#8243; text_size=&#8221;&#8221; uncode_shortcode_id=&#8221;742638&#8243;]Zuverl\u00e4ssigkeit[\/vc_custom_heading][\/vc_column][vc_column column_width_percent=&#8221;100&#8243; gutter_size=&#8221;3&#8243; overlay_alpha=&#8221;50&#8243; shift_x=&#8221;0&#8243; shift_y=&#8221;0&#8243; shift_y_down=&#8221;0&#8243; z_index=&#8221;0&#8243; medium_width=&#8221;0&#8243; mobile_width=&#8221;0&#8243; css_animation=&#8221;right-t-left&#8221; width=&#8221;3\/4&#8243; uncode_shortcode_id=&#8221;374557&#8243;][vc_column_text uncode_shortcode_id=&#8221;233672&#8243;]ZUVERL\u00c4SSIGKEIT bedeutet f\u00fcr uns, weise Entscheidungen zu treffen und Versprechen einzuhalten, ohne sich vor Schwierigkeiten zu dr\u00fccken und ohne auf Kompromisse einzugehen, sondern vorteilhafte Einigungen zu suchen.<\/p>\n<p>Zuverl\u00e4ssig sein bedeutet, \u00fcbernommene Verpflichtungen verantwortungsvoll zu Ende zu f\u00fchren und anderen durch unser Verhalten Zuversicht zu vermitteln.[\/vc_column_text][\/vc_column][\/vc_row][vc_row][vc_column column_width_percent=&#8221;100&#8243; gutter_size=&#8221;3&#8243; overlay_alpha=&#8221;50&#8243; shift_x=&#8221;0&#8243; shift_y=&#8221;0&#8243; shift_y_down=&#8221;0&#8243; z_index=&#8221;0&#8243; medium_width=&#8221;0&#8243; mobile_width=&#8221;0&#8243; css_animation=&#8221;left-t-right&#8221; width=&#8221;1\/4&#8243; uncode_shortcode_id=&#8221;138322&#8243;][vc_custom_heading heading_semantic=&#8221;h4&#8243; text_size=&#8221;&#8221; uncode_shortcode_id=&#8221;127557&#8243;]Entschlossenheit &amp; Unternehmungsgeist[\/vc_custom_heading][\/vc_column][vc_column column_width_percent=&#8221;100&#8243; gutter_size=&#8221;3&#8243; overlay_alpha=&#8221;50&#8243; shift_x=&#8221;0&#8243; shift_y=&#8221;0&#8243; shift_y_down=&#8221;0&#8243; z_index=&#8221;0&#8243; medium_width=&#8221;0&#8243; mobile_width=&#8221;0&#8243; css_animation=&#8221;right-t-left&#8221; width=&#8221;3\/4&#8243; uncode_shortcode_id=&#8221;374557&#8243;][vc_column_text uncode_shortcode_id=&#8221;910764&#8243;]UNTERNEHMUNGSGEIST bedeutet f\u00fcr uns, dass es keine halben Ma\u00dfnahmen gibt: Wenn ein Beschluss gefasst wird, wird gehandelt und zwar schnell!<\/p>\n<p>Nachdem die Zielstellungen gekl\u00e4rt sind, besitzt man unseres Erachtens Unternehmungsgeist, wenn unsere Entschlossenheit eingesetzt wird, um unsere Ziele mit Beharrlichkeit, Mut und Korrektheit zu erreichen, ohne vor Problemen Halt zu machen und ohne ein Scheitern zu scheuen.[\/vc_column_text][\/vc_column][\/vc_row][vc_row][vc_column column_width_percent=&#8221;100&#8243; gutter_size=&#8221;3&#8243; overlay_alpha=&#8221;50&#8243; shift_x=&#8221;0&#8243; shift_y=&#8221;0&#8243; shift_y_down=&#8221;0&#8243; z_index=&#8221;0&#8243; medium_width=&#8221;0&#8243; mobile_width=&#8221;0&#8243; css_animation=&#8221;left-t-right&#8221; width=&#8221;1\/4&#8243; uncode_shortcode_id=&#8221;138322&#8243;][vc_custom_heading heading_semantic=&#8221;h4&#8243; text_size=&#8221;&#8221; uncode_shortcode_id=&#8221;174773&#8243;]Zusammenarbeit[\/vc_custom_heading][\/vc_column][vc_column column_width_percent=&#8221;100&#8243; gutter_size=&#8221;3&#8243; overlay_alpha=&#8221;50&#8243; shift_x=&#8221;0&#8243; shift_y=&#8221;0&#8243; shift_y_down=&#8221;0&#8243; z_index=&#8221;0&#8243; medium_width=&#8221;0&#8243; mobile_width=&#8221;0&#8243; css_animation=&#8221;right-t-left&#8221; width=&#8221;3\/4&#8243; uncode_shortcode_id=&#8221;374557&#8243;][vc_column_text uncode_shortcode_id=&#8221;502368&#8243;]ZUSAMMENARBEIT bedeutet f\u00fcr uns, im Team zu arbeiten, um sich bei der L\u00f6sung der Probleme zu helfen und auch in anderen Bereichen gemeinsam f\u00fcr das Gemeinwohl aktiv zu sein.<\/p>\n<p>Zusammenarbeit zu leisten bedeutet, anderen zuzuh\u00f6ren, ihren Gesichtspunkt einzusch\u00e4tzen, Ans\u00e4tze zur Verbesserung der eigenen Idee zu finden, zusammen zu entscheiden und demzufolge zu handeln.[\/vc_column_text][vc_empty_space empty_h=&#8221;3&#8243;][\/vc_column][\/vc_row][vc_row][vc_column width=&#8221;1\/1&#8243;][uncode_block id=&#8221;1928&#8243;][\/vc_column][\/vc_row][vc_row][vc_column width=&#8221;1\/1&#8243;][uncode_block id=&#8221;1852&#8243;][\/vc_column][\/vc_row]<\/p>\n","protected":false},"excerpt":{"rendered":"<p>[vc_row row_height_percent=&#8221;60&#8243; override_padding=&#8221;yes&#8221; h_padding=&#8221;2&#8243; top_padding=&#8221;3&#8243; bottom_padding=&#8221;3&#8243; back_image=&#8221;2965&#8243; back_position=&#8221;center top&#8221; overlay_alpha=&#8221;0&#8243; equal_height=&#8221;yes&#8221; gutter_size=&#8221;3&#8243; column_width_percent=&#8221;100&#8243; shift_y=&#8221;0&#8243; z_index=&#8221;0&#8243; top_divider=&#8221;gradient&#8221; bottom_divider=&#8221;gradient&#8221; uncode_shortcode_id=&#8221;324159&#8243;][vc_column column_width_percent=&#8221;100&#8243; position_vertical=&#8221;bottom&#8221; [&hellip;]<\/p>\n","protected":false},"author":1,"featured_media":0,"parent":0,"menu_order":0,"comment_status":"closed","ping_status":"closed","template":"","meta":{"footnotes":""},"acf":[],"yoast_head":"<!-- This site is optimized with the Yoast SEO plugin v23.4 - https:\/\/yoast.com\/wordpress\/plugins\/seo\/ -->\n<title>Vision &amp; Mission - Wieland Onda Srl<\/title>\n<meta name=\"description\" content=\"Wir m\u00f6chten Erfinder fortschrittlicher Technologien sein, die weltweit die Infrastrukturen verbessern und einen Wandel f\u00f6rdern k\u00f6nnen.\" \/>\n<meta name=\"robots\" content=\"index, follow, max-snippet:-1, max-image-preview:large, max-video-preview:-1\" \/>\n<link rel=\"canonical\" href=\"https:\/\/www.onda-it.com\/deu\/vision-mission\/\" \/>\n<meta property=\"og:locale\" content=\"de_DE\" \/>\n<meta property=\"og:type\" content=\"article\" \/>\n<meta property=\"og:title\" content=\"Vision &amp; Mission - Wieland Onda Srl\" \/>\n<meta property=\"og:description\" content=\"Wir m\u00f6chten Erfinder fortschrittlicher Technologien sein, die weltweit die Infrastrukturen verbessern und einen Wandel f\u00f6rdern k\u00f6nnen.\" \/>\n<meta property=\"og:url\" content=\"https:\/\/www.onda-it.com\/deu\/vision-mission\/\" \/>\n<meta property=\"og:site_name\" content=\"Wieland Onda Srl\" \/>\n<meta property=\"article:modified_time\" content=\"2025-03-14T08:39:20+00:00\" \/>\n<meta name=\"twitter:card\" content=\"summary_large_image\" \/>\n<meta name=\"twitter:label1\" content=\"Est. reading time\" \/>\n\t<meta name=\"twitter:data1\" content=\"5 minutes\" \/>\n<script type=\"application\/ld+json\" class=\"yoast-schema-graph\">{\"@context\":\"https:\/\/schema.org\",\"@graph\":[{\"@type\":\"WebPage\",\"@id\":\"https:\/\/www.onda-it.com\/deu\/vision-mission\/\",\"url\":\"https:\/\/www.onda-it.com\/deu\/vision-mission\/\",\"name\":\"Vision & Mission - Wieland Onda Srl\",\"isPartOf\":{\"@id\":\"https:\/\/www.onda-it.com\/deu\/#website\"},\"datePublished\":\"2022-10-24T12:52:34+00:00\",\"dateModified\":\"2025-03-14T08:39:20+00:00\",\"description\":\"Wir m\u00f6chten Erfinder fortschrittlicher Technologien sein, die weltweit die Infrastrukturen verbessern und einen Wandel f\u00f6rdern k\u00f6nnen.\",\"breadcrumb\":{\"@id\":\"https:\/\/www.onda-it.com\/deu\/vision-mission\/#breadcrumb\"},\"inLanguage\":\"de\",\"potentialAction\":[{\"@type\":\"ReadAction\",\"target\":[\"https:\/\/www.onda-it.com\/deu\/vision-mission\/\"]}]},{\"@type\":\"BreadcrumbList\",\"@id\":\"https:\/\/www.onda-it.com\/deu\/vision-mission\/#breadcrumb\",\"itemListElement\":[{\"@type\":\"ListItem\",\"position\":1,\"name\":\"Home\",\"item\":\"https:\/\/www.onda-it.com\/deu\/\"},{\"@type\":\"ListItem\",\"position\":2,\"name\":\"Vision &#038; Mission\"}]},{\"@type\":\"WebSite\",\"@id\":\"https:\/\/www.onda-it.com\/deu\/#website\",\"url\":\"https:\/\/www.onda-it.com\/deu\/\",\"name\":\"Wieland Onda Srl\",\"description\":\"Onda - Advanced Heat Transfer Solution\",\"publisher\":{\"@id\":\"https:\/\/www.onda-it.com\/deu\/#organization\"},\"potentialAction\":[{\"@type\":\"SearchAction\",\"target\":{\"@type\":\"EntryPoint\",\"urlTemplate\":\"https:\/\/www.onda-it.com\/deu\/?s={search_term_string}\"},\"query-input\":{\"@type\":\"PropertyValueSpecification\",\"valueRequired\":true,\"valueName\":\"search_term_string\"}}],\"inLanguage\":\"de\"},{\"@type\":\"Organization\",\"@id\":\"https:\/\/www.onda-it.com\/deu\/#organization\",\"name\":\"Wieland Onda Srl\",\"url\":\"https:\/\/www.onda-it.com\/deu\/\",\"logo\":{\"@type\":\"ImageObject\",\"inLanguage\":\"de\",\"@id\":\"https:\/\/www.onda-it.com\/deu\/#\/schema\/logo\/image\/\",\"url\":\"\",\"contentUrl\":\"\",\"caption\":\"Wieland Onda Srl\"},\"image\":{\"@id\":\"https:\/\/www.onda-it.com\/deu\/#\/schema\/logo\/image\/\"},\"sameAs\":[\"https:\/\/www.linkedin.com\/company\/onda-s.p.a.\"]}]}<\/script>\n<!-- \/ Yoast SEO plugin. -->","yoast_head_json":{"title":"Vision & Mission - Wieland Onda Srl","description":"Wir m\u00f6chten Erfinder fortschrittlicher Technologien sein, die weltweit die Infrastrukturen verbessern und einen Wandel f\u00f6rdern k\u00f6nnen.","robots":{"index":"index","follow":"follow","max-snippet":"max-snippet:-1","max-image-preview":"max-image-preview:large","max-video-preview":"max-video-preview:-1"},"canonical":"https:\/\/www.onda-it.com\/deu\/vision-mission\/","og_locale":"de_DE","og_type":"article","og_title":"Vision & Mission - Wieland Onda Srl","og_description":"Wir m\u00f6chten Erfinder fortschrittlicher Technologien sein, die weltweit die Infrastrukturen verbessern und einen Wandel f\u00f6rdern k\u00f6nnen.","og_url":"https:\/\/www.onda-it.com\/deu\/vision-mission\/","og_site_name":"Wieland Onda Srl","article_modified_time":"2025-03-14T08:39:20+00:00","twitter_card":"summary_large_image","twitter_misc":{"Est. reading time":"5 minutes"},"schema":{"@context":"https:\/\/schema.org","@graph":[{"@type":"WebPage","@id":"https:\/\/www.onda-it.com\/deu\/vision-mission\/","url":"https:\/\/www.onda-it.com\/deu\/vision-mission\/","name":"Vision & Mission - Wieland Onda Srl","isPartOf":{"@id":"https:\/\/www.onda-it.com\/deu\/#website"},"datePublished":"2022-10-24T12:52:34+00:00","dateModified":"2025-03-14T08:39:20+00:00","description":"Wir m\u00f6chten Erfinder fortschrittlicher Technologien sein, die weltweit die Infrastrukturen verbessern und einen Wandel f\u00f6rdern k\u00f6nnen.","breadcrumb":{"@id":"https:\/\/www.onda-it.com\/deu\/vision-mission\/#breadcrumb"},"inLanguage":"de","potentialAction":[{"@type":"ReadAction","target":["https:\/\/www.onda-it.com\/deu\/vision-mission\/"]}]},{"@type":"BreadcrumbList","@id":"https:\/\/www.onda-it.com\/deu\/vision-mission\/#breadcrumb","itemListElement":[{"@type":"ListItem","position":1,"name":"Home","item":"https:\/\/www.onda-it.com\/deu\/"},{"@type":"ListItem","position":2,"name":"Vision &#038; Mission"}]},{"@type":"WebSite","@id":"https:\/\/www.onda-it.com\/deu\/#website","url":"https:\/\/www.onda-it.com\/deu\/","name":"Wieland Onda Srl","description":"Onda - Advanced Heat Transfer Solution","publisher":{"@id":"https:\/\/www.onda-it.com\/deu\/#organization"},"potentialAction":[{"@type":"SearchAction","target":{"@type":"EntryPoint","urlTemplate":"https:\/\/www.onda-it.com\/deu\/?s={search_term_string}"},"query-input":{"@type":"PropertyValueSpecification","valueRequired":true,"valueName":"search_term_string"}}],"inLanguage":"de"},{"@type":"Organization","@id":"https:\/\/www.onda-it.com\/deu\/#organization","name":"Wieland Onda Srl","url":"https:\/\/www.onda-it.com\/deu\/","logo":{"@type":"ImageObject","inLanguage":"de","@id":"https:\/\/www.onda-it.com\/deu\/#\/schema\/logo\/image\/","url":"","contentUrl":"","caption":"Wieland Onda Srl"},"image":{"@id":"https:\/\/www.onda-it.com\/deu\/#\/schema\/logo\/image\/"},"sameAs":["https:\/\/www.linkedin.com\/company\/onda-s.p.a."]}]}},"_links":{"self":[{"href":"https:\/\/www.onda-it.com\/deu\/wp-json\/wp\/v2\/pages\/7803"}],"collection":[{"href":"https:\/\/www.onda-it.com\/deu\/wp-json\/wp\/v2\/pages"}],"about":[{"href":"https:\/\/www.onda-it.com\/deu\/wp-json\/wp\/v2\/types\/page"}],"author":[{"embeddable":true,"href":"https:\/\/www.onda-it.com\/deu\/wp-json\/wp\/v2\/users\/1"}],"replies":[{"embeddable":true,"href":"https:\/\/www.onda-it.com\/deu\/wp-json\/wp\/v2\/comments?post=7803"}],"version-history":[{"count":5,"href":"https:\/\/www.onda-it.com\/deu\/wp-json\/wp\/v2\/pages\/7803\/revisions"}],"predecessor-version":[{"id":16553,"href":"https:\/\/www.onda-it.com\/deu\/wp-json\/wp\/v2\/pages\/7803\/revisions\/16553"}],"wp:attachment":[{"href":"https:\/\/www.onda-it.com\/deu\/wp-json\/wp\/v2\/media?parent=7803"}],"curies":[{"name":"wp","href":"https:\/\/api.w.org\/{rel}","templated":true}]}}