{"id":7775,"date":"2022-10-24T11:58:50","date_gmt":"2022-10-24T09:58:50","guid":{"rendered":"https:\/\/www.onda-it.com\/?page_id=7775"},"modified":"2025-03-14T09:23:44","modified_gmt":"2025-03-14T08:23:44","slug":"unternehmen","status":"publish","type":"page","link":"https:\/\/www.onda-it.com\/deu\/unternehmen\/","title":{"rendered":"Unternehmen"},"content":{"rendered":"<p>[vc_row row_height_percent=&#8221;60&#8243; override_padding=&#8221;yes&#8221; h_padding=&#8221;2&#8243; top_padding=&#8221;3&#8243; bottom_padding=&#8221;3&#8243; back_image=&#8221;2958&#8243; back_position=&#8221;center bottom&#8221; overlay_alpha=&#8221;0&#8243; equal_height=&#8221;yes&#8221; gutter_size=&#8221;3&#8243; column_width_percent=&#8221;100&#8243; shift_y=&#8221;0&#8243; z_index=&#8221;0&#8243; top_divider=&#8221;gradient&#8221; bottom_divider=&#8221;gradient&#8221; uncode_shortcode_id=&#8221;117880&#8243;][vc_column column_width_percent=&#8221;100&#8243; position_vertical=&#8221;bottom&#8221; gutter_size=&#8221;3&#8243; style=&#8221;dark&#8221; overlay_alpha=&#8221;50&#8243; shift_x=&#8221;0&#8243; shift_y=&#8221;0&#8243; shift_y_down=&#8221;0&#8243; z_index=&#8221;0&#8243; medium_width=&#8221;0&#8243; mobile_width=&#8221;0&#8243; width=&#8221;1\/1&#8243;][vc_row_inner row_inner_height_percent=&#8221;0&#8243; overlay_alpha=&#8221;50&#8243; gutter_size=&#8221;3&#8243; shift_y=&#8221;0&#8243;][vc_column_inner column_width_percent=&#8221;100&#8243; gutter_size=&#8221;3&#8243; style=&#8221;dark&#8221; overlay_alpha=&#8221;50&#8243; shift_x=&#8221;0&#8243; shift_y=&#8221;0&#8243; shift_y_down=&#8221;0&#8243; z_index=&#8221;0&#8243; medium_width=&#8221;0&#8243; mobile_width=&#8221;0&#8243; css_animation=&#8221;alpha-anim&#8221; animation_delay=&#8221;200&#8243; width=&#8221;1\/1&#8243;][vc_custom_heading text_color=&#8221;color-white&#8221; heading_semantic=&#8221;h1&#8243; text_transform=&#8221;uppercase&#8221; css_animation=&#8221;typewriter&#8221; animation_delay=&#8221;400&#8243; interval_animation=&#8221;20&#8243; uncode_shortcode_id=&#8221;131952&#8243; text_color_type=&#8221;uncode-palette&#8221;]\u00dcber uns[\/vc_custom_heading][\/vc_column_inner][\/vc_row_inner][\/vc_column][\/vc_row][vc_row row_height_percent=&#8221;0&#8243; override_padding=&#8221;yes&#8221; h_padding=&#8221;2&#8243; top_padding=&#8221;4&#8243; bottom_padding=&#8221;4&#8243; back_color=&#8221;color-bg-blue&#8221; overlay_alpha=&#8221;50&#8243; gutter_size=&#8221;3&#8243; column_width_percent=&#8221;100&#8243; shift_y=&#8221;0&#8243; z_index=&#8221;0&#8243; bottom_divider=&#8221;step&#8221; uncode_shortcode_id=&#8221;873952&#8243; back_color_type=&#8221;uncode-palette&#8221;][vc_column column_width_percent=&#8221;100&#8243; gutter_size=&#8221;3&#8243; overlay_alpha=&#8221;50&#8243; shift_x=&#8221;0&#8243; shift_y=&#8221;0&#8243; shift_y_down=&#8221;0&#8243; z_index=&#8221;0&#8243; medium_width=&#8221;0&#8243; mobile_width=&#8221;0&#8243; css_animation=&#8221;alpha-anim&#8221; width=&#8221;1\/1&#8243; uncode_shortcode_id=&#8221;687338&#8243;][vc_custom_heading text_color=&#8221;color-white&#8221; text_transform=&#8221;uppercase&#8221; uncode_shortcode_id=&#8221;168178&#8243; text_color_type=&#8221;uncode-palette&#8221;]Advanced Heat Exchangers[\/vc_custom_heading][vc_column_text text_lead=&#8221;small&#8221; text_color=&#8221;color-white&#8221; uncode_shortcode_id=&#8221;105529&#8243; text_color_type=&#8221;uncode-palette&#8221;]Wieland Onda behauptet sich auf dem italienischen Markt und im Ausland als f\u00fchrendes Unternehmen in der Produktion verschiedener Arten von W\u00e4rmetauschern.<\/p>\n<p>Die Referenzsektoren des Unternehmens und wichtigsten Marktsegmente sind die der Klimatechnik und K\u00e4ltetechnik, oder noch allgemeiner der gesamte Bereich der <strong>HVAC\/R-Anlagen<\/strong>, in dem Wieland Onda dank eines hohen Ma\u00dfes an Know-how die wichtigsten internationalen Hersteller zu den Kunden z\u00e4hlt.<\/p>\n<p>Heute ist Wieland Onda durch die 30-j\u00e4hrige Erfahrung<strong> in der Herstellung von W\u00e4rmetauschern<\/strong>, in Kombination mit einem fundierten Fachwissen und einer gro\u00dfen Professionalit\u00e4t in der Lage, sich an vielf\u00e4ltige M\u00e4rkte und Sektoren zu wenden.[\/vc_column_text][\/vc_column][\/vc_row][vc_row unlock_row_content=&#8221;yes&#8221; row_height_percent=&#8221;0&#8243; override_padding=&#8221;yes&#8221; h_padding=&#8221;0&#8243; top_padding=&#8221;0&#8243; bottom_padding=&#8221;0&#8243; overlay_alpha=&#8221;50&#8243; equal_height=&#8221;yes&#8221; gutter_size=&#8221;0&#8243; column_width_percent=&#8221;100&#8243; shift_y=&#8221;0&#8243; z_index=&#8221;0&#8243; el_class=&#8221;inverted-device-order&#8221;][vc_column column_width_use_pixel=&#8221;yes&#8221; gutter_size=&#8221;3&#8243; override_padding=&#8221;yes&#8221; column_padding=&#8221;5&#8243; overlay_alpha=&#8221;50&#8243; shift_x=&#8221;0&#8243; shift_y=&#8221;0&#8243; shift_y_down=&#8221;0&#8243; z_index=&#8221;0&#8243; medium_width=&#8221;0&#8243; mobile_width=&#8221;0&#8243; width=&#8221;1\/2&#8243; column_width_pixel=&#8221;528&#8243;][vc_column_text text_lead=&#8221;small&#8221; uncode_shortcode_id=&#8221;164078&#8243;]Die Wieland Onda-Produktion erfolgt in f\u00fcnf Produktionswerken, zwei in <strong>Mussolente<\/strong>, eines in <strong>Lonigo<\/strong>, eines in den<strong>Vereinigten Staaten<\/strong> (Delaware, OHIO) und eines in Finnland (Tampere, FINLAND). Im Produktionswerk in Lonigo werden auf einer Betriebsfl\u00e4che von ca. 9000 m<sup>2<\/sup> die Luft-W\u00e4rmetauscher und Rohrb\u00fcndelw\u00e4rmetauscher hergestellt.[\/vc_column_text][\/vc_column][vc_column column_width_percent=&#8221;100&#8243; gutter_size=&#8221;3&#8243; back_image=&#8221;7967&#8243; overlay_alpha=&#8221;50&#8243; shift_x=&#8221;0&#8243; shift_y=&#8221;0&#8243; shift_y_down=&#8221;0&#8243; z_index=&#8221;0&#8243; medium_width=&#8221;0&#8243; mobile_width=&#8221;0&#8243; css_animation=&#8221;right-t-left&#8221; width=&#8221;1\/2&#8243; mobile_height=&#8221;340&#8243; uncode_shortcode_id=&#8221;111973&#8243;][\/vc_column][\/vc_row][vc_row unlock_row_content=&#8221;yes&#8221; row_height_percent=&#8221;0&#8243; override_padding=&#8221;yes&#8221; h_padding=&#8221;0&#8243; top_padding=&#8221;0&#8243; bottom_padding=&#8221;0&#8243; overlay_alpha=&#8221;50&#8243; equal_height=&#8221;yes&#8221; gutter_size=&#8221;0&#8243; column_width_percent=&#8221;100&#8243; shift_y=&#8221;0&#8243; z_index=&#8221;0&#8243;][vc_column column_width_percent=&#8221;100&#8243; gutter_size=&#8221;3&#8243; back_image=&#8221;7974&#8243; overlay_alpha=&#8221;50&#8243; shift_x=&#8221;0&#8243; shift_y=&#8221;0&#8243; shift_y_down=&#8221;0&#8243; z_index=&#8221;0&#8243; medium_width=&#8221;0&#8243; mobile_width=&#8221;0&#8243; css_animation=&#8221;left-t-right&#8221; width=&#8221;1\/2&#8243; mobile_height=&#8221;340&#8243; uncode_shortcode_id=&#8221;173097&#8243;][\/vc_column][vc_column column_width_use_pixel=&#8221;yes&#8221; gutter_size=&#8221;3&#8243; override_padding=&#8221;yes&#8221; column_padding=&#8221;5&#8243; overlay_alpha=&#8221;50&#8243; shift_x=&#8221;0&#8243; shift_y=&#8221;0&#8243; shift_y_down=&#8221;0&#8243; z_index=&#8221;0&#8243; medium_width=&#8221;0&#8243; mobile_width=&#8221;0&#8243; width=&#8221;1\/2&#8243; column_width_pixel=&#8221;528&#8243;][vc_column_text text_lead=&#8221;small&#8221; uncode_shortcode_id=&#8221;209047&#8243;]Dagegen sind die Werke in Mussolente sowohl f\u00fcr die mechanischen Bearbeitungen zust\u00e4ndig, als auch f\u00fcr die Produktion von W\u00e4rmetauschern mit schwei\u00dfgel\u00f6teten und abgedichteten Platten und f\u00fcr die Konstruktion der gro\u00dfen Industrieger\u00e4te. Insgesamt decken diese Werke eine <strong>Fl\u00e4che von ca. 23000 m<sup>2<\/sup><\/strong>.<\/p>\n<p>Wieland Onda\u00a0verf\u00fcgt im eigenen Werk \u00fcber ein <strong>modernes Labor<\/strong>, das f\u00fcr die Ausf\u00fchrung der W\u00e4rmeleistungstests vollkommen eingerichtet ist und im Laufe der Jahre bedeutende und erfolgreiche Kooperationen mit Forschungs\u00e4mtern, Fachkr\u00e4ften und Universit\u00e4ten vorgenommen[\/vc_column_text][\/vc_column][\/vc_row][vc_row unlock_row_content=&#8221;yes&#8221; row_height_percent=&#8221;0&#8243; override_padding=&#8221;yes&#8221; h_padding=&#8221;0&#8243; top_padding=&#8221;0&#8243; bottom_padding=&#8221;0&#8243; overlay_alpha=&#8221;50&#8243; equal_height=&#8221;yes&#8221; gutter_size=&#8221;0&#8243; column_width_percent=&#8221;100&#8243; shift_y=&#8221;0&#8243; z_index=&#8221;0&#8243; el_class=&#8221;inverted-device-order&#8221;][vc_column column_width_use_pixel=&#8221;yes&#8221; gutter_size=&#8221;3&#8243; override_padding=&#8221;yes&#8221; column_padding=&#8221;5&#8243; overlay_alpha=&#8221;50&#8243; shift_x=&#8221;0&#8243; shift_y=&#8221;0&#8243; shift_y_down=&#8221;0&#8243; z_index=&#8221;0&#8243; medium_width=&#8221;0&#8243; mobile_width=&#8221;0&#8243; width=&#8221;1\/2&#8243; column_width_pixel=&#8221;528&#8243;][vc_column_text text_lead=&#8221;small&#8221; uncode_shortcode_id=&#8221;165019&#8243;]Die W\u00e4rmetauscher von Wieland Onda entsprechen den <strong>wichtigsten internationalen Richtlinien f\u00fcr Druckger\u00e4te<\/strong> (PED, ASME, TEMA und andere). Auf Anfrage ist Wieland Onda au\u00dferdem in der Lage, die Ger\u00e4te mit den wichtigsten <strong>Schiffbau-Klassifizierungsgesellschaften<\/strong> (RINA, DNV-GL, ABS, BVM, LRS und andere) zu qualifizieren.<\/p>\n<p>Die Professionalit\u00e4t und die eingehende Kenntnis der Regelungen, die eine Markteinf\u00fchrung von Druckger\u00e4ten erf\u00fcllen muss, erlauben Wieland Onda, jedem Wunsch auf <strong>Anpassung der Produkte an spezifische internationale Standards<\/strong> gerecht zu werden.[\/vc_column_text][\/vc_column][vc_column column_width_percent=&#8221;100&#8243; gutter_size=&#8221;3&#8243; back_image=&#8221;7981&#8243; overlay_alpha=&#8221;50&#8243; shift_x=&#8221;0&#8243; shift_y=&#8221;0&#8243; shift_y_down=&#8221;0&#8243; z_index=&#8221;0&#8243; medium_width=&#8221;0&#8243; mobile_width=&#8221;0&#8243; css_animation=&#8221;right-t-left&#8221; width=&#8221;1\/2&#8243; mobile_height=&#8221;340&#8243; uncode_shortcode_id=&#8221;654675&#8243;][\/vc_column][\/vc_row][vc_row row_height_percent=&#8221;0&#8243; override_padding=&#8221;yes&#8221; h_padding=&#8221;2&#8243; top_padding=&#8221;4&#8243; bottom_padding=&#8221;2&#8243; overlay_alpha=&#8221;50&#8243; gutter_size=&#8221;3&#8243; column_width_percent=&#8221;100&#8243; shift_y=&#8221;0&#8243; z_index=&#8221;0&#8243; bottom_divider=&#8221;step&#8221; uncode_shortcode_id=&#8221;619178&#8243;][vc_column column_width_percent=&#8221;100&#8243; gutter_size=&#8221;3&#8243; overlay_alpha=&#8221;50&#8243; shift_x=&#8221;0&#8243; shift_y=&#8221;0&#8243; shift_y_down=&#8221;0&#8243; z_index=&#8221;0&#8243; medium_width=&#8221;0&#8243; mobile_width=&#8221;0&#8243; css_animation=&#8221;alpha-anim&#8221; width=&#8221;1\/1&#8243; uncode_shortcode_id=&#8221;102791&#8243;][vc_custom_heading text_color=&#8221;color-bg-blue&#8221; text_transform=&#8221;uppercase&#8221; uncode_shortcode_id=&#8221;189398&#8243; text_color_type=&#8221;uncode-palette&#8221;]QUALIT\u00c4T UND ZERTIFIZIERUNGEN[\/vc_custom_heading][vc_column_text text_lead=&#8221;small&#8221; uncode_shortcode_id=&#8221;121509&#8243;]Wieland Onda ist seit 1996 <strong>nach ISO 9001 zertifiziert <\/strong>und besitzt die folgenden Zulassungen:<\/p>\n<p>Europ\u00e4ische Druckger\u00e4terichtlinie PED (Pressure Equipment Directive) f\u00fcr Produkte mit CE-Zeichen<br \/>\nModule H H1 der Qualit\u00e4t PED CE f\u00fcr die Projektierung und Produktion von Druckger\u00e4ten und W\u00e4rmetauschern<br \/>\nEAC-Erkl\u00e4rung aller Produkte f\u00fcr die Russische F\u00f6deration<br \/>\nPER-Richtlinie (Pressure Equipment Regulation) f\u00fcr Produkte mit UKCA-Kennzeichnung<br \/>\nQualit\u00e4tsmodule H H1 F\u00dcR UKCA f\u00fcr die Projektierung und Produktion von Druckger\u00e4ten und W\u00e4rmetauschern[\/vc_column_text][vc_empty_space empty_h=&#8221;2&#8243;][vc_custom_heading text_color=&#8221;color-bg-blue&#8221; heading_semantic=&#8221;h3&#8243; text_size=&#8221;h3&#8243; text_transform=&#8221;uppercase&#8221; uncode_shortcode_id=&#8221;120386&#8243; text_color_type=&#8221;uncode-palette&#8221;]Ebenfalls lieferbar sind Zertifikate von:[\/vc_custom_heading][\/vc_column][\/vc_row][vc_row row_height_percent=&#8221;0&#8243; override_padding=&#8221;yes&#8221; h_padding=&#8221;2&#8243; top_padding=&#8221;0&#8243; bottom_padding=&#8221;4&#8243; overlay_alpha=&#8221;50&#8243; equal_height=&#8221;yes&#8221; gutter_size=&#8221;3&#8243; column_width_percent=&#8221;100&#8243; shift_y=&#8221;0&#8243; z_index=&#8221;0&#8243; top_divider=&#8221;gradient&#8221; bottom_divider=&#8221;step_2_3&#8243; uncode_shortcode_id=&#8221;220989&#8243;][vc_column column_width_percent=&#8221;100&#8243; position_vertical=&#8221;middle&#8221; gutter_size=&#8221;4&#8243; overlay_alpha=&#8221;50&#8243; shift_x=&#8221;0&#8243; shift_y=&#8221;0&#8243; shift_y_down=&#8221;0&#8243; z_index=&#8221;0&#8243; medium_width=&#8221;0&#8243; mobile_width=&#8221;0&#8243; css_animation=&#8221;left-t-right&#8221; width=&#8221;1\/2&#8243; uncode_shortcode_id=&#8221;773336&#8243;][vc_single_image media=&#8221;8047&#8243; media_width_percent=&#8221;100&#8243; uncode_shortcode_id=&#8221;629284&#8243;][\/vc_column][vc_column column_width_percent=&#8221;100&#8243; gutter_size=&#8221;3&#8243; overlay_alpha=&#8221;50&#8243; shift_x=&#8221;0&#8243; shift_y=&#8221;0&#8243; shift_y_down=&#8221;0&#8243; z_index=&#8221;0&#8243; medium_width=&#8221;0&#8243; mobile_width=&#8221;0&#8243; css_animation=&#8221;right-t-left&#8221; width=&#8221;1\/2&#8243; uncode_shortcode_id=&#8221;201628&#8243;][vc_single_image media=&#8221;8054&#8243; media_width_percent=&#8221;100&#8243; uncode_shortcode_id=&#8221;732410&#8243;][\/vc_column][\/vc_row][vc_row][vc_column width=&#8221;1\/1&#8243;][uncode_block id=&#8221;1928&#8243;][\/vc_column][\/vc_row][vc_row][vc_column width=&#8221;1\/1&#8243;][uncode_block id=&#8221;1852&#8243;][\/vc_column][\/vc_row]<\/p>\n","protected":false},"excerpt":{"rendered":"<p>[vc_row row_height_percent=&#8221;60&#8243; override_padding=&#8221;yes&#8221; h_padding=&#8221;2&#8243; top_padding=&#8221;3&#8243; bottom_padding=&#8221;3&#8243; back_image=&#8221;2958&#8243; back_position=&#8221;center bottom&#8221; overlay_alpha=&#8221;0&#8243; equal_height=&#8221;yes&#8221; gutter_size=&#8221;3&#8243; column_width_percent=&#8221;100&#8243; shift_y=&#8221;0&#8243; z_index=&#8221;0&#8243; top_divider=&#8221;gradient&#8221; bottom_divider=&#8221;gradient&#8221; uncode_shortcode_id=&#8221;117880&#8243;][vc_column column_width_percent=&#8221;100&#8243; position_vertical=&#8221;bottom&#8221; [&hellip;]<\/p>\n","protected":false},"author":1,"featured_media":0,"parent":0,"menu_order":0,"comment_status":"closed","ping_status":"closed","template":"","meta":{"footnotes":""},"acf":[],"yoast_head":"<!-- This site is optimized with the Yoast SEO plugin v23.4 - https:\/\/yoast.com\/wordpress\/plugins\/seo\/ -->\n<title>HVAC-Anlagen f\u00fcr industrielle Anwendungen | \u00dcber uns | Wieland Onda Mussolente<\/title>\n<meta name=\"description\" content=\"Wieland Onda Mussolente ist im Bereich der HVAC\/R-Anlagen t\u00e4tig und z\u00e4hlt die gr\u00f6\u00dften internationalen Hersteller zu den Kunden.\" \/>\n<meta name=\"robots\" content=\"index, follow, max-snippet:-1, max-image-preview:large, max-video-preview:-1\" \/>\n<link rel=\"canonical\" href=\"https:\/\/www.onda-it.com\/deu\/unternehmen\/\" \/>\n<meta property=\"og:locale\" content=\"de_DE\" \/>\n<meta property=\"og:type\" content=\"article\" \/>\n<meta property=\"og:title\" content=\"HVAC-Anlagen f\u00fcr industrielle Anwendungen | \u00dcber uns | Wieland Onda Mussolente\" \/>\n<meta property=\"og:description\" content=\"Wieland Onda Mussolente ist im Bereich der HVAC\/R-Anlagen t\u00e4tig und z\u00e4hlt die gr\u00f6\u00dften internationalen Hersteller zu den Kunden.\" \/>\n<meta property=\"og:url\" content=\"https:\/\/www.onda-it.com\/deu\/unternehmen\/\" \/>\n<meta property=\"og:site_name\" content=\"Wieland Onda Srl\" \/>\n<meta property=\"article:modified_time\" content=\"2025-03-14T08:23:44+00:00\" \/>\n<meta name=\"twitter:card\" content=\"summary_large_image\" \/>\n<meta name=\"twitter:label1\" content=\"Est. reading time\" \/>\n\t<meta name=\"twitter:data1\" content=\"4 minutes\" \/>\n<script type=\"application\/ld+json\" class=\"yoast-schema-graph\">{\"@context\":\"https:\/\/schema.org\",\"@graph\":[{\"@type\":\"WebPage\",\"@id\":\"https:\/\/www.onda-it.com\/deu\/unternehmen\/\",\"url\":\"https:\/\/www.onda-it.com\/deu\/unternehmen\/\",\"name\":\"HVAC-Anlagen f\u00fcr industrielle Anwendungen | \u00dcber uns | Wieland Onda Mussolente\",\"isPartOf\":{\"@id\":\"https:\/\/www.onda-it.com\/deu\/#website\"},\"datePublished\":\"2022-10-24T09:58:50+00:00\",\"dateModified\":\"2025-03-14T08:23:44+00:00\",\"description\":\"Wieland Onda Mussolente ist im Bereich der HVAC\/R-Anlagen t\u00e4tig und z\u00e4hlt die gr\u00f6\u00dften internationalen Hersteller zu den Kunden.\",\"breadcrumb\":{\"@id\":\"https:\/\/www.onda-it.com\/deu\/unternehmen\/#breadcrumb\"},\"inLanguage\":\"de\",\"potentialAction\":[{\"@type\":\"ReadAction\",\"target\":[\"https:\/\/www.onda-it.com\/deu\/unternehmen\/\"]}]},{\"@type\":\"BreadcrumbList\",\"@id\":\"https:\/\/www.onda-it.com\/deu\/unternehmen\/#breadcrumb\",\"itemListElement\":[{\"@type\":\"ListItem\",\"position\":1,\"name\":\"Home\",\"item\":\"https:\/\/www.onda-it.com\/deu\/\"},{\"@type\":\"ListItem\",\"position\":2,\"name\":\"Unternehmen\"}]},{\"@type\":\"WebSite\",\"@id\":\"https:\/\/www.onda-it.com\/deu\/#website\",\"url\":\"https:\/\/www.onda-it.com\/deu\/\",\"name\":\"Wieland Onda Srl\",\"description\":\"Onda - Advanced Heat Transfer Solution\",\"publisher\":{\"@id\":\"https:\/\/www.onda-it.com\/deu\/#organization\"},\"potentialAction\":[{\"@type\":\"SearchAction\",\"target\":{\"@type\":\"EntryPoint\",\"urlTemplate\":\"https:\/\/www.onda-it.com\/deu\/?s={search_term_string}\"},\"query-input\":{\"@type\":\"PropertyValueSpecification\",\"valueRequired\":true,\"valueName\":\"search_term_string\"}}],\"inLanguage\":\"de\"},{\"@type\":\"Organization\",\"@id\":\"https:\/\/www.onda-it.com\/deu\/#organization\",\"name\":\"Wieland Onda Srl\",\"url\":\"https:\/\/www.onda-it.com\/deu\/\",\"logo\":{\"@type\":\"ImageObject\",\"inLanguage\":\"de\",\"@id\":\"https:\/\/www.onda-it.com\/deu\/#\/schema\/logo\/image\/\",\"url\":\"\",\"contentUrl\":\"\",\"caption\":\"Wieland Onda Srl\"},\"image\":{\"@id\":\"https:\/\/www.onda-it.com\/deu\/#\/schema\/logo\/image\/\"},\"sameAs\":[\"https:\/\/www.linkedin.com\/company\/onda-s.p.a.\"]}]}<\/script>\n<!-- \/ Yoast SEO plugin. -->","yoast_head_json":{"title":"HVAC-Anlagen f\u00fcr industrielle Anwendungen | \u00dcber uns | Wieland Onda Mussolente","description":"Wieland Onda Mussolente ist im Bereich der HVAC\/R-Anlagen t\u00e4tig und z\u00e4hlt die gr\u00f6\u00dften internationalen Hersteller zu den Kunden.","robots":{"index":"index","follow":"follow","max-snippet":"max-snippet:-1","max-image-preview":"max-image-preview:large","max-video-preview":"max-video-preview:-1"},"canonical":"https:\/\/www.onda-it.com\/deu\/unternehmen\/","og_locale":"de_DE","og_type":"article","og_title":"HVAC-Anlagen f\u00fcr industrielle Anwendungen | \u00dcber uns | Wieland Onda Mussolente","og_description":"Wieland Onda Mussolente ist im Bereich der HVAC\/R-Anlagen t\u00e4tig und z\u00e4hlt die gr\u00f6\u00dften internationalen Hersteller zu den Kunden.","og_url":"https:\/\/www.onda-it.com\/deu\/unternehmen\/","og_site_name":"Wieland Onda Srl","article_modified_time":"2025-03-14T08:23:44+00:00","twitter_card":"summary_large_image","twitter_misc":{"Est. reading time":"4 minutes"},"schema":{"@context":"https:\/\/schema.org","@graph":[{"@type":"WebPage","@id":"https:\/\/www.onda-it.com\/deu\/unternehmen\/","url":"https:\/\/www.onda-it.com\/deu\/unternehmen\/","name":"HVAC-Anlagen f\u00fcr industrielle Anwendungen | \u00dcber uns | Wieland Onda Mussolente","isPartOf":{"@id":"https:\/\/www.onda-it.com\/deu\/#website"},"datePublished":"2022-10-24T09:58:50+00:00","dateModified":"2025-03-14T08:23:44+00:00","description":"Wieland Onda Mussolente ist im Bereich der HVAC\/R-Anlagen t\u00e4tig und z\u00e4hlt die gr\u00f6\u00dften internationalen Hersteller zu den Kunden.","breadcrumb":{"@id":"https:\/\/www.onda-it.com\/deu\/unternehmen\/#breadcrumb"},"inLanguage":"de","potentialAction":[{"@type":"ReadAction","target":["https:\/\/www.onda-it.com\/deu\/unternehmen\/"]}]},{"@type":"BreadcrumbList","@id":"https:\/\/www.onda-it.com\/deu\/unternehmen\/#breadcrumb","itemListElement":[{"@type":"ListItem","position":1,"name":"Home","item":"https:\/\/www.onda-it.com\/deu\/"},{"@type":"ListItem","position":2,"name":"Unternehmen"}]},{"@type":"WebSite","@id":"https:\/\/www.onda-it.com\/deu\/#website","url":"https:\/\/www.onda-it.com\/deu\/","name":"Wieland Onda Srl","description":"Onda - Advanced Heat Transfer Solution","publisher":{"@id":"https:\/\/www.onda-it.com\/deu\/#organization"},"potentialAction":[{"@type":"SearchAction","target":{"@type":"EntryPoint","urlTemplate":"https:\/\/www.onda-it.com\/deu\/?s={search_term_string}"},"query-input":{"@type":"PropertyValueSpecification","valueRequired":true,"valueName":"search_term_string"}}],"inLanguage":"de"},{"@type":"Organization","@id":"https:\/\/www.onda-it.com\/deu\/#organization","name":"Wieland Onda Srl","url":"https:\/\/www.onda-it.com\/deu\/","logo":{"@type":"ImageObject","inLanguage":"de","@id":"https:\/\/www.onda-it.com\/deu\/#\/schema\/logo\/image\/","url":"","contentUrl":"","caption":"Wieland Onda Srl"},"image":{"@id":"https:\/\/www.onda-it.com\/deu\/#\/schema\/logo\/image\/"},"sameAs":["https:\/\/www.linkedin.com\/company\/onda-s.p.a."]}]}},"_links":{"self":[{"href":"https:\/\/www.onda-it.com\/deu\/wp-json\/wp\/v2\/pages\/7775"}],"collection":[{"href":"https:\/\/www.onda-it.com\/deu\/wp-json\/wp\/v2\/pages"}],"about":[{"href":"https:\/\/www.onda-it.com\/deu\/wp-json\/wp\/v2\/types\/page"}],"author":[{"embeddable":true,"href":"https:\/\/www.onda-it.com\/deu\/wp-json\/wp\/v2\/users\/1"}],"replies":[{"embeddable":true,"href":"https:\/\/www.onda-it.com\/deu\/wp-json\/wp\/v2\/comments?post=7775"}],"version-history":[{"count":8,"href":"https:\/\/www.onda-it.com\/deu\/wp-json\/wp\/v2\/pages\/7775\/revisions"}],"predecessor-version":[{"id":16544,"href":"https:\/\/www.onda-it.com\/deu\/wp-json\/wp\/v2\/pages\/7775\/revisions\/16544"}],"wp:attachment":[{"href":"https:\/\/www.onda-it.com\/deu\/wp-json\/wp\/v2\/media?parent=7775"}],"curies":[{"name":"wp","href":"https:\/\/api.w.org\/{rel}","templated":true}]}}